{"id":9965,"date":"2025-05-08T20:02:17","date_gmt":"2025-05-08T18:02:17","guid":{"rendered":"https:\/\/vendi.md\/ru\/?post_type=product&#038;p=9965"},"modified":"2025-09-06T22:41:45","modified_gmt":"2025-09-06T20:41:45","slug":"chiloti-modelatori-push-up-talie-inalta","status":"publish","type":"product","link":"https:\/\/vendi.md\/ru\/product\/chiloti-modelatori-push-up-talie-inalta\/","title":{"rendered":"Chilo\u021bi modelatori Push Up. Talie \u00eenalt\u0103"},"content":{"rendered":"<p><strong>Chilo\u021bi modelatori Push Up. Talie \u00eenalt\u0103<br \/>\nPre\u021b &#8211; 235 lei<\/strong><\/p>\n<p><strong>Sim\u021bi\u021bi-v\u0103 \u00eencrez\u0103toare \u0219i confortabil\u0103 cu chilo\u021bii no\u0219tri modelatori Push Up.<br \/>\nUnicitatea lor const\u0103 \u00een construc\u021bia f\u0103r\u0103 cus\u0103turi \u00een zona feselor, asigur\u00e2nd un volum natural \u0219i un siluet neted.<\/strong><\/p>\n<p><strong>Caracteristicile modelului:<\/strong><\/p>\n<p><strong>Potrivire perfect\u0103 \u00een talie:<br \/>\nTalie confortabil\u0103 garanteaz\u0103 c\u0103 chilo\u021bii nu se mi\u0219c\u0103 \u0219i r\u0103m\u00e2n ferm la locul lor.<\/strong><\/p>\n<p><strong>Partea din spate f\u0103r\u0103 cus\u0103turi:<br \/>\nTratarea marginilor cu laser creeaz\u0103 efectul de a doua piele,<br \/>\noferind feselor un volum natural f\u0103r\u0103 margini vizibile.<\/strong><\/p>\n<p><strong>Poliuretan spum\u0103:<br \/>\nSpuma ortopedic\u0103 cu elasticitate ridicat\u0103 m\u0103re\u0219te dimensiunea feselor cu 2-3 cm,<br \/>\ndurabil\u0103 \u0219i elastic\u0103, distribuie presiunea \u0219i men\u021bine forma.<\/strong><\/p>\n<p><strong>Material respirabil:<br \/>\nMicrofibra cu microperfora\u021bii asigur\u0103 o ventila\u021bie excelent\u0103, men\u021bin\u00e2nd s\u0103n\u0103tatea pielii \u0219i o termoreglare optim\u0103.<\/strong><\/p>\n<p><strong>Flexibilitate \u0219i elasticitate:<br \/>\nChilo\u021bii se muleaz\u0103 perfect pe contururile corpului, potrivindu-se pentru orice siluet\u0103.<\/strong><\/p>\n<p><strong>Ace\u0219ti chilo\u021bi sunt crea\u021bi pentru a sublinia formele naturale, ad\u0103ug\u00e2nd volum \u0219i \u00eencredere \u00een fiecare mi\u0219care.<\/strong><\/p>\n<p><strong>Material &#8211; nailon 82%, spandex 18%<br \/>\nCuloare: negru \u0219i bej.<\/strong><\/p>\n<p><strong>M\u0103rimi:<br \/>\n\u0218olduri:<br \/>\nM &#8211; de la 80 la 87 cm.<br \/>\nL &#8211; de la 87 la 97 cm.<br \/>\nXL &#8211; de la 97 la 107 cm.<\/strong><\/p>","protected":false},"excerpt":{"rendered":"<p><strong>\u041c\u043e\u0434\u0435\u043b\u0438\u0440\u0443\u044e\u0449\u0438\u0435 \u0442\u0440\u0443\u0441\u0438\u043a\u0438 Push Up. \u0417\u0430\u0432\u044b\u0448\u0435\u043d\u043d\u0430\u044f \u0442\u0430\u043b\u0438\u044f<br \/>\n\u0426\u0435\u043d\u0430 &#8211; 235 \u043b\u0435\u0439<\/strong><\/p>\n<p><strong>\u041f\u043e\u0447\u0443\u0432\u0441\u0442\u0432\u0443\u0439\u0442\u0435 \u0443\u0432\u0435\u0440\u0435\u043d\u043d\u043e\u0441\u0442\u044c \u0438 \u043a\u043e\u043c\u0444\u043e\u0440\u0442 \u0441 \u043d\u0430\u0448\u0438\u043c\u0438 \u043c\u043e\u0434\u0435\u043b\u0438\u0440\u0443\u044e\u0449\u0438\u043c\u0438 \u0442\u0440\u0443\u0441\u0438\u043a\u0430\u043c\u0438 Push Up.<br \/>\n\u0418\u0445 \u0443\u043d\u0438\u043a\u0430\u043b\u044c\u043d\u043e\u0441\u0442\u044c \u0437\u0430\u043a\u043b\u044e\u0447\u0430\u0435\u0442\u0441\u044f \u0432 \u0431\u0435\u0441\u0448\u043e\u0432\u043d\u043e\u0439 \u043a\u043e\u043d\u0441\u0442\u0440\u0443\u043a\u0446\u0438\u0438 \u0432 \u043e\u0431\u043b\u0430\u0441\u0442\u0438 \u044f\u0433\u043e\u0434\u0438\u0446, \u043e\u0431\u0435\u0441\u043f\u0435\u0447\u0438\u0432\u0430\u044e\u0449\u0435\u0439 \u0435\u0441\u0442\u0435\u0441\u0442\u0432\u0435\u043d\u043d\u044b\u0439 \u043e\u0431\u044a\u0435\u043c \u0438 \u0433\u043b\u0430\u0434\u043a\u0438\u0439 \u0441\u0438\u043b\u0443\u044d\u0442.<\/strong><\/p>\n<p><strong>\u041e\u0441\u043e\u0431\u0435\u043d\u043d\u043e\u0441\u0442\u0438 \u043c\u043e\u0434\u0435\u043b\u0438:<\/strong><\/p>\n<p><strong>\u0418\u0434\u0435\u0430\u043b\u044c\u043d\u0430\u044f \u043f\u043e\u0441\u0430\u0434\u043a\u0430 \u043d\u0430 \u0442\u0430\u043b\u0438\u0438:<br \/>\n\u041a\u043e\u043c\u0444\u043e\u0440\u0442\u043d\u044b\u0439 \u043f\u043e\u044f\u0441 \u0433\u0430\u0440\u0430\u043d\u0442\u0438\u0440\u0443\u0435\u0442, \u0447\u0442\u043e \u0442\u0440\u0443\u0441\u0438\u043a\u0438 \u043d\u0435 \u0441\u043c\u0435\u0449\u0430\u044e\u0442\u0441\u044f \u0438 \u043d\u0430\u0434\u0435\u0436\u043d\u043e \u0443\u0434\u0435\u0440\u0436\u0438\u0432\u0430\u044e\u0442\u0441\u044f \u043d\u0430 \u043c\u0435\u0441\u0442\u0435.<\/strong><\/p>\n<p><strong>\u0411\u0435\u0441\u0448\u043e\u0432\u043d\u0430\u044f \u0437\u0430\u0434\u043d\u044f\u044f \u0447\u0430\u0441\u0442\u044c:<br \/>\n\u041b\u0430\u0437\u0435\u0440\u043d\u0430\u044f \u043e\u0431\u0440\u0430\u0431\u043e\u0442\u043a\u0430 \u043a\u0440\u0430\u0435\u0432 \u0441\u043e\u0437\u0434\u0430\u0435\u0442 \u044d\u0444\u0444\u0435\u043a\u0442 \u0432\u0442\u043e\u0440\u043e\u0439 \u043a\u043e\u0436\u0438,<br \/>\n\u043f\u0440\u0438\u0434\u0430\u0432\u0430\u044f \u044f\u0433\u043e\u0434\u0438\u0446\u0430\u043c \u0435\u0441\u0442\u0435\u0441\u0442\u0432\u0435\u043d\u043d\u044b\u0439 \u043e\u0431\u044a\u0435\u043c \u0431\u0435\u0437 \u043e\u043a\u0430\u043d\u0442\u043e\u0432\u043a\u0438.<\/strong><\/p>\n<p><strong>\u041f\u0435\u043d\u043d\u044b\u0439 \u043f\u043e\u043b\u0438\u0443\u0440\u0435\u0442\u0430\u043d:<br \/>\n\u0412\u044b\u0441\u043e\u043a\u043e\u044d\u043b\u0430\u0441\u0442\u0438\u0447\u043d\u0430\u044f \u043e\u0440\u0442\u043e\u043f\u0435\u0434\u0438\u0447\u0435\u0441\u043a\u0430\u044f \u043f\u0435\u043d\u0430 \u0443\u0432\u0435\u043b\u0438\u0447\u0438\u0432\u0430\u0435\u0442 \u0440\u0430\u0437\u043c\u0435\u0440 \u044f\u0433\u043e\u0434\u0438\u0446 \u043d\u0430 2-3 \u0441\u043c,<br \/>\n\u0434\u043e\u043b\u0433\u043e\u0432\u0435\u0447\u043d\u0430\u044f \u0438 \u0443\u043f\u0440\u0443\u0433\u0430\u044f, \u0440\u0430\u0441\u043f\u0440\u0435\u0434\u0435\u043b\u044f\u0435\u0442 \u0434\u0430\u0432\u043b\u0435\u043d\u0438\u0435 \u0438 \u0441\u043e\u0445\u0440\u0430\u043d\u044f\u0435\u0442 \u0444\u043e\u0440\u043c\u0443.<\/strong><\/p>\n<p><strong>\u0414\u044b\u0448\u0430\u0449\u0438\u0439 \u043c\u0430\u0442\u0435\u0440\u0438\u0430\u043b:<br \/>\n\u041c\u0438\u043a\u0440\u043e\u0444\u0438\u0431\u0440\u0430 \u0441 \u043c\u0438\u043a\u0440\u043e\u043e\u0442\u0432\u0435\u0440\u0441\u0442\u0438\u044f\u043c\u0438 \u043e\u0431\u0435\u0441\u043f\u0435\u0447\u0438\u0432\u0430\u0435\u0442 \u043e\u0442\u043b\u0438\u0447\u043d\u0443\u044e \u0432\u0435\u043d\u0442\u0438\u043b\u044f\u0446\u0438\u044e, \u043f\u043e\u0434\u0434\u0435\u0440\u0436\u0438\u0432\u0430\u044f \u0437\u0434\u043e\u0440\u043e\u0432\u044c\u0435 \u043a\u043e\u0436\u0438 \u0438 \u043e\u043f\u0442\u0438\u043c\u0430\u043b\u044c\u043d\u0443\u044e \u0442\u0435\u0440\u043c\u043e\u0440\u0435\u0433\u0443\u043b\u044f\u0446\u0438\u044e.<\/strong><\/p>\n<p><strong>\u0413\u0438\u0431\u043a\u043e\u0441\u0442\u044c \u0438 \u044d\u043b\u0430\u0441\u0442\u0438\u0447\u043d\u043e\u0441\u0442\u044c:<br \/>\n\u0422\u0440\u0443\u0441\u0438\u043a\u0438 \u043f\u043b\u043e\u0442\u043d\u043e \u043e\u0431\u043b\u0435\u0433\u0430\u044e\u0442 \u043a\u043e\u043d\u0442\u0443\u0440\u044b \u0442\u0435\u043b\u0430, \u043f\u043e\u0434\u0445\u043e\u0434\u044f \u0434\u043b\u044f \u043b\u044e\u0431\u043e\u0439 \u0444\u0438\u0433\u0443\u0440\u044b.<\/strong><\/p>\n<p><strong>\u042d\u0442\u0438 \u0442\u0440\u0443\u0441\u0438\u043a\u0438 \u0441\u043e\u0437\u0434\u0430\u043d\u044b \u0434\u043b\u044f \u0442\u043e\u0433\u043e, \u0447\u0442\u043e\u0431\u044b \u043f\u043e\u0434\u0447\u0435\u0440\u043a\u043d\u0443\u0442\u044c \u0432\u0430\u0448\u0438 \u043f\u0440\u0438\u0440\u043e\u0434\u043d\u044b\u0435 \u0444\u043e\u0440\u043c\u044b, \u0434\u043e\u0431\u0430\u0432\u0438\u0432 \u043e\u0431\u044a\u0435\u043c\u0430 \u0438 \u0443\u0432\u0435\u0440\u0435\u043d\u043d\u043e\u0441\u0442\u0438 \u0432 \u043a\u0430\u0436\u0434\u043e\u043c \u0434\u0432\u0438\u0436\u0435\u043d\u0438\u0438.<\/strong><\/p>\n<p><strong>\u041c\u0430\u0442\u0435\u0440\u0438\u0430\u043b &#8211; \u043d\u0435\u0439\u043b\u043e\u043d 82%, \u0441\u043f\u0430\u043d\u0434\u0435\u043a\u0441 18%<br \/>\n\u0426\u0432\u0435\u0442: \u0447\u0451\u0440\u043d\u044b\u0439 \u0438 \u0431\u0435\u0436\u0435\u0432\u044b\u0439.<\/strong><\/p>\n<p><strong>\u0420\u0430\u0437\u043c\u0435\u0440\u044b<br \/>\n\u0411\u0451\u0434\u0440\u0430:<br \/>\nM &#8211; \u00a0\u043e\u0442 80 \u0434\u043e 87 \u0441\u043c.<br \/>\nL &#8211; \u041e\u0442 87 \u0434\u043e 97 \u0441\u043c.<br \/>\nXL &#8211; \u041e\u0442 97 \u0434\u043e 107 \u0441\u043c.<\/strong><\/p>","protected":false},"featured_media":9966,"comment_status":"open","ping_status":"closed","template":"","meta":{"om_disable_all_campaigns":false,"_monsterinsights_skip_tracking":false,"_monsterinsights_sitenote_active":false,"_monsterinsights_sitenote_note":"","_monsterinsights_sitenote_category":0},"product_cat":[99,93,147],"product_tag":[],"class_list":{"0":"post-9965","1":"product","2":"type-product","3":"status-publish","4":"has-post-thumbnail","6":"product_cat-imbracaminte-femei","7":"product_cat-imbracaminte-si-accesorii","8":"product_cat-lenjerie-femei","10":"first","11":"instock","12":"sale","13":"shipping-taxable","14":"purchasable","15":"product-type-variable"},"aioseo_notices":[],"jetpack_sharing_enabled":true,"_links":{"self":[{"href":"https:\/\/vendi.md\/ru\/wp-json\/wp\/v2\/product\/9965","targetHints":{"allow":["GET"]}}],"collection":[{"href":"https:\/\/vendi.md\/ru\/wp-json\/wp\/v2\/product"}],"about":[{"href":"https:\/\/vendi.md\/ru\/wp-json\/wp\/v2\/types\/product"}],"replies":[{"embeddable":true,"href":"https:\/\/vendi.md\/ru\/wp-json\/wp\/v2\/comments?post=9965"}],"version-history":[{"count":1,"href":"https:\/\/vendi.md\/ru\/wp-json\/wp\/v2\/product\/9965\/revisions"}],"predecessor-version":[{"id":9990,"href":"https:\/\/vendi.md\/ru\/wp-json\/wp\/v2\/product\/9965\/revisions\/9990"}],"wp:featuredmedia":[{"embeddable":true,"href":"https:\/\/vendi.md\/ru\/wp-json\/wp\/v2\/media\/9966"}],"wp:attachment":[{"href":"https:\/\/vendi.md\/ru\/wp-json\/wp\/v2\/media?parent=9965"}],"wp:term":[{"taxonomy":"product_cat","embeddable":true,"href":"https:\/\/vendi.md\/ru\/wp-json\/wp\/v2\/product_cat?post=9965"},{"taxonomy":"product_tag","embeddable":true,"href":"https:\/\/vendi.md\/ru\/wp-json\/wp\/v2\/product_tag?post=9965"}],"curies":[{"name":"wp","href":"https:\/\/api.w.org\/{rel}","templated":true}]}}