{"id":9900,"date":"2025-04-27T14:50:14","date_gmt":"2025-04-27T12:50:14","guid":{"rendered":"https:\/\/vendi.md\/ru\/?post_type=product&#038;p=9900"},"modified":"2025-09-06T22:41:47","modified_gmt":"2025-09-06T20:41:47","slug":"lenjerie-corectoare-tip-body-cu-corset-lefun","status":"publish","type":"product","link":"https:\/\/vendi.md\/ru\/product\/lenjerie-corectoare-tip-body-cu-corset-lefun\/","title":{"rendered":"Lenjerie corectoare tip body cu corset LEFUN"},"content":{"rendered":"<p><strong>\u041a\u043e\u0440\u0440\u0435\u043a\u0442\u0438\u0440\u0443\u044e\u0449\u0435\u0435 \u0431\u0435\u043b\u044c\u0435 \u0431\u043e\u0434\u0438 \u0441 \u043a\u043e\u0440\u0441\u0435\u0442\u043e\u043c\u00a0 3\u04321 LEFUN<\/p>\n<p>\u0421\u0443\u043f\u0435\u0440 \u0446\u0435\u043d\u0430 -370 \u043b\u0435\u0439<\/strong><\/p>\n<p><strong>\u041a\u043e\u0440\u0440\u0435\u043a\u0442\u0438\u0440\u0443\u044e\u0449\u0435\u0435 \u0431\u0435\u043b\u044c\u0435 \u0431\u043e\u0434\u0438 3 \u0432 1, \u0441 \u043a\u043e\u0440\u0441\u0435\u0442\u043e\u043c \u043d\u0430 \u043a\u0440\u044e\u0447\u043a\u0430\u0445 \u0438 \u044d\u0444\u0444\u0435\u043a\u0442\u043e\u043c \u043f\u0443\u0448-\u0430\u043f, \u0441\u043e\u0437\u0434\u0430\u043d\u043e \u0434\u043b\u044f \u043a\u043e\u043c\u0444\u043e\u0440\u0442\u043d\u043e\u0433\u043e \u0438 \u044d\u0444\u0444\u0435\u043a\u0442\u0438\u0432\u043d\u043e\u0433\u043e \u043a\u043e\u0440\u0440\u0435\u043a\u0442\u0438\u0440\u043e\u0432\u0430\u043d\u0438\u044f \u0444\u0438\u0433\u0443\u0440\u044b.<br \/>\n\u0411\u043b\u0430\u0433\u043e\u0434\u0430\u0440\u044f \u0440\u0435\u0433\u0443\u043b\u0438\u0440\u0443\u0435\u043c\u044b\u043c \u0440\u0430\u0437\u043c\u0435\u0440\u0430\u043c \u043d\u0430 \u0442\u0430\u043b\u0438\u0438 \u0438 \u043b\u044f\u043c\u043a\u0430\u0445 (\u043d\u0430 \u043f\u043b\u0435\u0447\u0430\u0445 ) \u0431\u0435\u043b\u044c\u0435 \u043f\u043e\u0434\u0445\u043e\u0434\u0438\u0442 \u043d\u0430 \u043b\u044e\u0431\u043e\u0439 \u0442\u0438\u043f \u0444\u0438\u0433\u0443\u0440\u044b.<br \/>\n\u041a\u0440\u044e\u0447\u043a\u0438 \u043d\u0430 \u0442\u0430\u043b\u0438\u0438 \u043e\u0431\u0435\u0441\u043f\u0435\u0447\u0438\u0432\u0430\u044e\u0442 \u043f\u043b\u043e\u0442\u043d\u0443\u044e \u043f\u043e\u0441\u0430\u0434\u043a\u0443 \u0438 \u043d\u0435 \u0441\u043a\u0430\u0442\u044b\u0432\u0430\u044e\u0442\u0441\u044f \u0432 \u0442\u0435\u0447\u0435\u043d\u0438\u0435 \u0434\u043d\u044f. \u041b\u044f\u043c\u043a\u0438 \u043d\u0430 \u043f\u043b\u0435\u0447\u0430\u0445 \u043b\u0435\u0433\u043a\u043e \u0440\u0435\u0433\u0443\u043b\u0438\u0440\u0443\u044e\u0442\u0441\u044f,<br \/>\n\u043e\u0431\u0435\u0441\u043f\u0435\u0447\u0438\u0432\u0430\u044f \u043e\u043f\u0442\u0438\u043c\u0430\u043b\u044c\u043d\u0443\u044e \u043f\u043e\u0441\u0430\u0434\u043a\u0443 \u0438 \u043a\u043e\u043c\u0444\u043e\u0440\u0442 \u0432 \u0442\u0435\u0447\u0435\u043d\u0438\u0435 \u0434\u043d\u044f.<\/strong><\/p>\n<p><strong>\u042d\u0442\u043e \u0443\u043d\u0438\u0432\u0435\u0440\u0441\u0430\u043b\u044c\u043d\u043e\u0435 \u0431\u0435\u043b\u044c\u0435 \u043f\u043e\u0434\u0445\u043e\u0434\u0438\u0442 \u0434\u043b\u044f \u043f\u043e\u0432\u0441\u0435\u0434\u043d\u0435\u0432\u043d\u043e\u0433\u043e \u043d\u043e\u0448\u0435\u043d\u0438\u044f \u0438 \u043c\u043e\u0436\u0435\u0442 \u0431\u044b\u0442\u044c \u0438\u0441\u043f\u043e\u043b\u044c\u0437\u043e\u0432\u0430\u043d\u043e \u0432 \u043a\u0430\u0447\u0435\u0441\u0442\u0432\u0435 \u043d\u0438\u0436\u043d\u0435\u0433\u043e \u0431\u0435\u043b\u044c\u044f.<br \/>\n\u041e\u0442\u043b\u0438\u0447\u043d\u043e\u0435 \u0440\u0435\u0448\u0435\u043d\u0438\u0435 \u043f\u043e\u0441\u043b\u0435 \u0440\u043e\u0434\u043e\u0432, \u0435\u0441\u043b\u0438 \u0435\u0441\u0442\u044c \u043d\u0435\u043e\u0431\u0445\u043e\u0434\u0438\u043c\u043e\u0441\u0442\u0438 \u0432\u043e\u0441\u0441\u0442\u0430\u043d\u043e\u0432\u0438\u0442\u044c \u0444\u043e\u0440\u043c\u0443.<br \/>\n\u0411\u043e\u0434\u0438 \u043d\u0435\u0437\u0430\u043c\u0435\u0442\u043d\u043e \u043f\u043e\u0434 \u043e\u0434\u0435\u0436\u0434\u043e\u0439.<\/strong><\/p>\n<p><strong>\u00a0\u041a\u043e\u043c\u0444\u043e\u0440\u0442\u043d\u0430\u044f \u043f\u043e\u0441\u0430\u0434\u043a\u0430 \u043d\u0435 \u043e\u0433\u0440\u0430\u043d\u0438\u0447\u0438\u0432\u0430\u0435\u0442 \u0434\u0432\u0438\u0436\u0435\u043d\u0438\u044f, \u0430 \u0442\u043e\u043d\u043a\u0438\u0439 \u043c\u0430\u0442\u0435\u0440\u0438\u0430\u043b \u043f\u043e\u0437\u0432\u043e\u043b\u044f\u0435\u0442 \u043a\u043e\u0436\u0435 \u0434\u044b\u0448\u0430\u0442\u044c.<br \/>\n\u041a\u043e\u0440\u0441\u0435\u0442 \u043d\u0430 \u043a\u0440\u044e\u0447\u043a\u0430\u0445 \u043d\u0430 \u0442\u0430\u043b\u0438\u0438 \u043e\u0431\u0435\u0441\u043f\u0435\u0447\u0438\u0432\u0430\u0435\u0442 \u043f\u043b\u043e\u0442\u043d\u0443\u044e \u043a\u043e\u0440\u0440\u0435\u043a\u0446\u0438\u044e \u0432 \u043e\u0431\u043b\u0430\u0441\u0442\u0438 \u0442\u0430\u043b\u0438\u0438,<br \/>\n\u0441\u043e\u0437\u0434\u0430\u0432\u0430\u044f \u044d\u0444\u0444\u0435\u043a\u0442 \u0443\u0442\u044f\u0433\u0438\u0432\u0430\u043d\u0438\u044f \u0438 \u043f\u0440\u0438\u0434\u0430\u0432\u0430\u044f \u0441\u0438\u043b\u0443\u044d\u0442\u0443 \u0436\u0435\u043d\u0441\u0442\u0432\u0435\u043d\u043d\u043e\u0441\u0442\u044c \u0438 \u0432\u044b\u0440\u0430\u0437\u0438\u0442\u0435\u043b\u044c\u043d\u043e\u0441\u0442\u044c.<\/strong><\/p>\n<p><strong>\u0415\u0441\u043b\u0438 \u0412\u044b \u0438\u0449\u0435\u0442\u0435 \u044d\u0444\u0444\u0435\u043a\u0442\u0438\u0432\u043d\u043e\u0435 \u0438 \u0443\u0434\u043e\u0431\u043d\u043e\u0435 \u043a\u043e\u0440\u0440\u0435\u043a\u0442\u0438\u0440\u0443\u044e\u0449\u0435\u0435 \u0431\u0435\u043b\u044c\u0435, \u043a\u043e\u0442\u043e\u0440\u043e\u0435 \u0441\u0434\u0435\u043b\u0430\u0435\u0442 \u0444\u0438\u0433\u0443\u0440\u0443 \u0431\u043e\u043b\u0435\u0435 \u043f\u0440\u0438\u0432\u043b\u0435\u043a\u0430\u0442\u0435\u043b\u044c\u043d\u043e\u0439,<br \/>\n\u0442\u043e \u044d\u0442\u043e \u041a\u043e\u0440\u0440\u0435\u043a\u0442\u0438\u0440\u0443\u044e\u0449\u0435\u0435 \u0431\u0435\u043b\u044c\u0435 \u0431\u043e\u0434\u0438 LEFUN \u0441 \u043a\u043e\u0440\u0441\u0435\u0442\u043e\u043c \u043d\u0430 \u0442\u0430\u043b\u0438\u0438, \u0443\u043d\u0438\u0432\u0435\u0440\u0441\u0430\u043b\u044c\u043d\u043e\u0435,<br \/>\n\u0440\u0435\u0433\u0443\u043b\u0438\u0440\u0443\u0435\u0442\u0441\u044f \u0440\u0430\u0437\u043c\u0435\u0440 \u043d\u0430 \u0442\u0430\u043b\u0438\u0438 \u0438 \u043b\u044f\u043c\u043a\u0430\u0445 \u043d\u0430 \u043f\u043b\u0435\u0447\u0430\u0445 \u043c\u043e\u0436\u0435\u0442 \u0441\u0442\u0430\u0442\u044c \u0412\u0430\u0448\u0435\u0439 \u043d\u0430\u0434\u0435\u0436\u043d\u043e\u0439 \u043f\u043e\u043c\u043e\u0449\u043d\u0438\u0446\u0435\u0439 \u0432 \u0441\u043e\u0437\u0434\u0430\u043d\u0438\u0438 \u0438\u0434\u0435\u0430\u043b\u044c\u043d\u043e\u0433\u043e \u043e\u0431\u0440\u0430\u0437\u0430.<\/strong><\/p>\n<p><strong>\u0426\u0432\u0435\u0442 \u0432 \u043d\u0430\u043b\u0438\u0447\u0438\u0438 &#8211; \u0411\u0435\u0436\u0435\u0432\u044b\u0439<br \/>\n\u041c\u0430\u0442\u0435\u0440\u0438\u0430\u043b &#8211; 90% Polyamide 10% Spandex<\/strong><\/p>\n<p><strong>\u0420\u0430\u0437\u043c\u0435\u0440\u044b:<br \/>\nS &#8211;<br \/>\n\u0422\u0430\u043b\u0438\u044f \u043e\u0442 68 \u0434\u043e 80 \u0441\u043c.<br \/>\n\u0411\u0451\u0434\u0440\u0430 \u00a0\u041e\u0442 88 \u0434\u043e 96 \u0441\u043c.<br \/>\n\u041e\u0431\u0445\u0432\u0430\u0442 \u043d\u043e\u0433\u0438 \u0434\u043e 55 \u0441\u043c.<\/strong><\/p>\n<p><strong>M &#8211;<br \/>\n\u0422\u0430\u043b\u0438\u044f \u043e\u0442 74 \u0434\u043e 85 \u0441\u043c.<br \/>\n\u0411\u0451\u0434\u0440\u0430 \u00a0\u041e\u0442 92 \u0434\u043e 104 \u0441\u043c.<br \/>\n\u041e\u0431\u0445\u0432\u0430\u0442 \u043d\u043e\u0433\u0438 \u0434\u043e 60 \u0441\u043c.<\/strong><\/p>\n<p><strong>Xl &#8211;<br \/>\n\u0422\u0430\u043b\u0438\u044f \u043e\u0442 84 \u0434\u043e 92 \u0441\u043c.<br \/>\n\u0411\u0451\u0434\u0440\u0430 \u041e\u0442 105 \u0434\u043e 114 \u0441\u043c.<br \/>\n\u041e\u0431\u0445\u0432\u0430\u0442 \u043d\u043e\u0433\u0438 \u0434\u043e 65 \u0441\u043c.<\/strong><\/p>\n<p><strong>3XL &#8211;<br \/>\n\u0422\u0430\u043b\u0438\u044f \u043e\u0442 94 \u0434\u043e 106 \u0441\u043c.<br \/>\n\u0411\u0451\u0434\u0440\u0430 \u041e\u0442 114 \u0434\u043e 124 \u0441\u043c.<br \/>\n\u041e\u0431\u0445\u0432\u0430\u0442 \u043d\u043e\u0433\u0438 \u0434\u043e 74 \u0441\u043c.<\/strong><\/p>","protected":false},"excerpt":{"rendered":"<p><strong><span>Lenjerie corectoare tip body cu corset LEFUN<\/p>\n<p>Pre\u021bul super &#8211; 370 lei<\/span><\/strong><\/p>\n<p><strong><span>Lenjeria corectoare tip body 3 \u00een 1, cu corset pe c\u00e2rlige \u0219i efect push-up, este creat\u0103 pentru corectarea confortabil\u0103 \u0219i eficient\u0103 a siluetei.<br \/>\nDatorit\u0103 dimensiunilor reglabile la talie \u0219i bretele (de pe umeri), lenjeria se potrive\u0219te oric\u0103rui tip de siluet\u0103.<br \/>\nC\u00e2rligele de pe talie ofer\u0103 o fixare puternic\u0103 \u0219i nu se va deplasa pe parcursul zilei. Bretelele de pe umeri se pot regla cu u\u0219urin\u021b\u0103,<br \/>\nasigur\u00e2nd o fixare optim\u0103 \u0219i confort pe \u00eentreaga durat\u0103 a zilei.<\/span><\/strong><\/p>\n<p><strong><span>Aceast\u0103 lenjerie universal\u0103 este potrivit\u0103 pentru uz cotidian \u0219i poate fi utilizat\u0103 ca lenjerie de corp.<br \/>\nEste o solu\u021bie excelent\u0103 dup\u0103 na\u0219tere, \u00een cazul \u00een care este necesar s\u0103 v\u0103 redob\u00e2ndi\u021bi forma corpului.<br \/>\nBody-ul este invizibil sub haine.<\/span><\/strong><\/p>\n<p><strong><span>Fixarea confortabil\u0103 nu restric\u021bioneaz\u0103 mi\u0219c\u0103rile, iar materialul sub\u021bire permite pielii s\u0103 respire.<br \/>\nCorsetul pe c\u00e2rlige de la talie ofer\u0103 o corec\u021bie puternic\u0103 \u00een zona taliei,<br \/>\ncre\u00e2nd efect de str\u00e2ngere \u0219i oferind siluetei femininitate \u0219i expresivitate.<\/span><\/strong><\/p>\n<p><strong><span>Dac\u0103 c\u0103uta\u021bi lenjerie corectoare eficient\u0103 \u0219i confortabil\u0103, care va face silueta mai atractiv\u0103,<br \/>\nlenjeria corector\u0103 tip body LEFUN cu corset la talie, universal\u0103,<br \/>\ncu dimensiuni reglabile la talie \u0219i bretele pe umeri poate fi ajutorul dvs. de \u00eencredere \u00een crearea unei forme ideale.<\/span><\/strong><\/p>\n<p><strong><span>Culoare disponibil\u0103 &#8211; Bej<br \/>\nMaterial &#8211; 90% poliamid\u0103 10% spandex<\/span><\/strong><\/p>\n<p><strong><span>Dimensiuni:<br \/>\nS &#8211;<br \/>\nTalie de la 68 la 80 cm<br \/>\n\u0218olduri de la 88 la 96 cm<br \/>\nCircumferin\u021ba piciorului p\u00e2n\u0103 la 55 cm<\/span><\/strong><\/p>\n<p><strong><span>M &#8211;<br \/>\nTalie de la 74 la 85 cm<br \/>\n\u0218olduri de la 92 la 104 cm<br \/>\nCircumferin\u021ba piciorului p\u00e2n\u0103 la 60 cm<\/span><\/strong><\/p>\n<p><strong><span>Xl &#8211;<br \/>\nTalie de la 84 la 92 cm<br \/>\n\u0218olduri de la 105 la 114 cm<br \/>\nCircumferin\u021ba piciorului p\u00e2n\u0103 la 65 cm<\/span><\/strong><\/p>\n<p><strong><span>3XL &#8211;<br \/>\nTalie de la 94 la 106 cm<br \/>\n\u0218olduri de la 114 la 124 cm<br \/>\nCircumferin\u021ba piciorului p\u00e2n\u0103 la 74 cm.<\/span><\/strong><\/p>","protected":false},"featured_media":9901,"comment_status":"open","ping_status":"closed","template":"","meta":{"om_disable_all_campaigns":false,"_monsterinsights_skip_tracking":false,"_monsterinsights_sitenote_active":false,"_monsterinsights_sitenote_note":"","_monsterinsights_sitenote_category":0},"product_cat":[99,93,147],"product_tag":[],"class_list":{"0":"post-9900","1":"product","2":"type-product","3":"status-publish","4":"has-post-thumbnail","6":"product_cat-imbracaminte-femei","7":"product_cat-imbracaminte-si-accesorii","8":"product_cat-lenjerie-femei","10":"first","11":"instock","12":"sale","13":"shipping-taxable","14":"purchasable","15":"product-type-variable"},"aioseo_notices":[],"jetpack_sharing_enabled":true,"_links":{"self":[{"href":"https:\/\/vendi.md\/ru\/wp-json\/wp\/v2\/product\/9900","targetHints":{"allow":["GET"]}}],"collection":[{"href":"https:\/\/vendi.md\/ru\/wp-json\/wp\/v2\/product"}],"about":[{"href":"https:\/\/vendi.md\/ru\/wp-json\/wp\/v2\/types\/product"}],"replies":[{"embeddable":true,"href":"https:\/\/vendi.md\/ru\/wp-json\/wp\/v2\/comments?post=9900"}],"version-history":[{"count":1,"href":"https:\/\/vendi.md\/ru\/wp-json\/wp\/v2\/product\/9900\/revisions"}],"predecessor-version":[{"id":9916,"href":"https:\/\/vendi.md\/ru\/wp-json\/wp\/v2\/product\/9900\/revisions\/9916"}],"wp:featuredmedia":[{"embeddable":true,"href":"https:\/\/vendi.md\/ru\/wp-json\/wp\/v2\/media\/9901"}],"wp:attachment":[{"href":"https:\/\/vendi.md\/ru\/wp-json\/wp\/v2\/media?parent=9900"}],"wp:term":[{"taxonomy":"product_cat","embeddable":true,"href":"https:\/\/vendi.md\/ru\/wp-json\/wp\/v2\/product_cat?post=9900"},{"taxonomy":"product_tag","embeddable":true,"href":"https:\/\/vendi.md\/ru\/wp-json\/wp\/v2\/product_tag?post=9900"}],"curies":[{"name":"wp","href":"https:\/\/api.w.org\/{rel}","templated":true}]}}