{"id":9879,"date":"2025-04-27T14:31:48","date_gmt":"2025-04-27T12:31:48","guid":{"rendered":"https:\/\/vendi.md\/ru\/?post_type=product&#038;p=9879"},"modified":"2025-09-06T22:41:48","modified_gmt":"2025-09-06T20:41:48","slug":"lenjerie-fara-cusaturi-guudia","status":"publish","type":"product","link":"https:\/\/vendi.md\/ru\/product\/lenjerie-fara-cusaturi-guudia\/","title":{"rendered":"Lenjerie f\u0103r\u0103 cus\u0103turi GUUDIA"},"content":{"rendered":"<p><strong>Lenjerie f\u0103r\u0103 cus\u0103turi GUUDIA<\/strong><\/p>\n<p>Pre\u021b &#8211;\u00a0 325 lei<\/p>\n<p><strong>Lenjerie f\u0103r\u0103 cus\u0103tur\u0103 cu talie \u00eenalt\u0103 \u0219i corset cu 3 r\u00e2nduri de c\u00e2rlige este modalitatea perfect\u0103 de a ob\u021bine o siluet\u0103 perfect\u0103 \u0219i de a ascunde imperfec\u021biunile figurii. Chilo\u021bi corector este extrem de confortabil, u\u0219or \u0219i aerisit, ridic\u0103 burta, stringe talia, ridic\u0103 fundul \u0219i nu \u00eencordeaz\u0103. Acesta este perfect pentru uzul de zi cu zi, nun\u021bi, \u00eent\u00e2lniri, sport, fitness, dans, yoga, gimnastic\u0103, c\u0103l\u0103torii \u0219i m\u0103mici care al\u0103pteaz\u0103. De asemenea, este potrivit pentru utilizarea \u00een maternitate ca \u0219i bandaj. Lenjerie corector este neobservat sub orice \u00eembr\u0103c\u0103minte \u0219i se potrive\u0219te oric\u0103rui tip de corp.<br \/>\nSecretul acestui lenjerie modelatoare &#8211; este \u00een designul inovator. Aceasta const\u0103 \u00een pantaloni scur\u021bi de baz\u0103, care acoper\u0103 burta \u0219i ridic\u0103 talia cu un cordon elastic special. Datorit\u0103 c\u00e2rligelor confortabile de talie, pute\u021bi regla gradul de comprimare dup\u0103 cum dori\u021bi, pentru a ob\u021bine efectul maxim.<br \/>\nCuloare &#8211; Negru<br \/>\nMaterial &#8211; 70% nailon 30% spandex<br \/>\n\u00cen\u0103l\u021bime corset &#8211; 27 cm.<\/strong><\/p>\n<p><strong>M\u0103rimi:<br \/>\nM &#8211;<br \/>\nTalie de la 60 p\u00e2n\u0103 la 72 cm.<br \/>\n\u0218old de la 85 la 95.<\/strong><\/p>\n<p><strong>L &#8211;<br \/>\nTalie de la 66 p\u00e2n\u0103 la 86 cm.<br \/>\n\u0218old de la 88 p\u00e2n\u0103 la 102.<\/strong><\/p>\n<p><strong>2XL &#8211;<br \/>\nTalie de la 78 cm. p\u00e2n\u0103 la 103 cm.<br \/>\n\u0218old de la 100 p\u00e2n\u0103 la 110.<\/strong><\/p>\n<p><strong>4XL &#8211;<br \/>\nTalie de la 92 cm. p\u00e2n\u0103 la 110 cm.<br \/>\n\u0218old de la 105 p\u00e2n\u0103 la 117.<\/strong><\/p>\n<hr \/>\n<p><strong>\u0411\u0435\u0441\u0448\u043e\u0432\u043d\u043e\u0435 \u0443\u0442\u044f\u0433\u0438\u0432\u0430\u044e\u0449\u0435\u0435 \u0431\u0435\u043b\u044c\u0435 \u0441 \u043a\u043e\u0440\u0441\u0435\u0442\u043e\u043c GUUDIA<\/strong><\/p>\n<p>\u0426\u0435\u043d\u0430 \u2013 325<\/p>\n<p><strong>\u0411\u0435\u0441\u0448\u043e\u0432\u043d\u043e\u0435 \u0443\u0442\u044f\u0433\u0438\u0432\u0430\u044e\u0449\u0435\u0435 \u0431\u0435\u043b\u044c\u0435 \u0441 \u00a0\u0432\u044b\u0441\u043e\u043a\u043e\u0439 \u0442\u0430\u043b\u0438\u0435\u0439 \u0438 \u043a\u043e\u0440\u0441\u0435\u0442\u043e\u043c \u043d\u0430 3 \u0440\u044f\u0434\u0430 \u043a\u0440\u044e\u0447\u043a\u043e\u0432 &#8211; \u044d\u0442\u043e \u0438\u0434\u0435\u0430\u043b\u044c\u043d\u044b\u0439 \u0441\u043f\u043e\u0441\u043e\u0431 \u043f\u043e\u043b\u0443\u0447\u0438\u0442\u044c \u0438\u0434\u0435\u0430\u043b\u044c\u043d\u044b\u0439 \u0441\u0438\u043b\u0443\u044d\u0442 \u0438 \u0441\u043a\u0440\u044b\u0442\u044c \u043d\u0435\u0434\u043e\u0441\u0442\u0430\u0442\u043a\u0438 \u0444\u0438\u0433\u0443\u0440\u044b. \u041a\u043e\u0440\u0440\u0435\u043a\u0442\u0438\u0440\u0443\u044e\u0449\u0435\u0435 \u0432\u0435\u043b\u043e\u0441\u0438\u043f\u0435\u0434\u043a\u0438 \u0438\u0441\u043a\u043b\u044e\u0447\u0438\u0442\u0435\u043b\u044c\u043d\u043e \u0443\u0434\u043e\u0431\u043d\u044b\u0435, \u043b\u0435\u0433\u043a\u0438\u0435 \u0438 \u0432\u043e\u0437\u0434\u0443\u0448\u043d\u044b\u0435, \u043e\u043d\u0438 \u043f\u043e\u0434\u0442\u044f\u0433\u0438\u0432\u0430\u044e\u0442 \u0436\u0438\u0432\u043e\u0442, \u0443\u043c\u0435\u043d\u044c\u0448\u0430\u044e\u0442 \u0442\u0430\u043b\u0438\u044e, \u043f\u0440\u0438\u043f\u043e\u0434\u043d\u0438\u043c\u0430\u044e\u0442 \u044f\u0433\u043e\u0434\u0438\u0446\u044b \u0438 \u043d\u0435 \u0436\u043c\u0443\u0442\u0441\u044f. \u042d\u0442\u043e \u0431\u0435\u043b\u044c\u0435 \u0438\u0434\u0435\u0430\u043b\u044c\u043d\u043e \u043f\u043e\u0434\u0445\u043e\u0434\u0438\u0442 \u0434\u043b\u044f \u043f\u043e\u0432\u0441\u0435\u0434\u043d\u0435\u0432\u043d\u043e\u0439 \u043d\u043e\u0441\u043a\u0438, \u0441\u0432\u0430\u0434\u044c\u0431\u044b, \u0441\u0432\u0438\u0434\u0430\u043d\u0438\u0439, \u0437\u0430\u043d\u044f\u0442\u0438\u0439 \u0441\u043f\u043e\u0440\u0442\u043e\u043c, \u0444\u0438\u0442\u043d\u0435\u0441\u0430, \u0442\u0430\u043d\u0446\u0435\u0432, \u0439\u043e\u0433\u0438, \u0433\u0438\u043c\u043d\u0430\u0441\u0442\u0438\u043a\u0438, \u043f\u0443\u0442\u0435\u0448\u0435\u0441\u0442\u0432\u0438\u0439 \u0438 \u043a\u043e\u0440\u043c\u044f\u0449\u0438\u0445 \u043c\u0430\u043c. \u041e\u043d\u043e \u0442\u0430\u043a\u0436\u0435 \u043f\u043e\u0434\u0445\u043e\u0434\u0438\u0442 \u0434\u043b\u044f \u0438\u0441\u043f\u043e\u043b\u044c\u0437\u043e\u0432\u0430\u043d\u0438\u044f \u0432 \u0440\u043e\u0434\u0434\u043e\u043c\u0435 \u043a\u0430\u043a \u0431\u0430\u043d\u0434\u0430\u0436. \u041a\u043e\u0440\u0440\u0435\u043a\u0442\u0438\u0440\u0443\u044e\u0449\u0438\u0435 \u0411\u0435\u043b\u044c\u0451 \u043d\u0435\u0437\u0430\u043c\u0435\u0442\u043d\u043e \u043f\u043e\u0434 \u043b\u044e\u0431\u043e\u0439 \u043e\u0434\u0435\u0436\u0434\u043e\u0439 \u0438 \u043f\u043e\u0434\u0445\u043e\u0434\u044f\u0442 \u0434\u043b\u044f \u043b\u044e\u0431\u043e\u0433\u043e \u0442\u0438\u043f\u0430 \u0444\u0438\u0433\u0443\u0440\u044b.<br \/>\n\u0421\u0435\u043a\u0440\u0435\u0442 \u044d\u0442\u043e\u0433\u043e \u043c\u043e\u0434\u0435\u043b\u0438\u0440\u0443\u044e\u0449\u0435\u0433\u043e \u0431\u0435\u043b\u044c\u044f &#8211; \u0432 \u0435\u0433\u043e \u0438\u043d\u043d\u043e\u0432\u0430\u0446\u0438\u043e\u043d\u043d\u043e\u043c \u0434\u0438\u0437\u0430\u0439\u043d\u0435. \u041e\u043d\u043e \u0441\u043e\u0441\u0442\u043e\u0438\u0442 \u0438\u0437 \u0431\u0430\u0437\u043e\u0432\u044b\u0445 \u0448\u043e\u0440\u0442, \u043a\u043e\u0442\u043e\u0440\u044b\u0435 \u043f\u043e\u043a\u0440\u044b\u0432\u0430\u044e\u0442 \u0436\u0438\u0432\u043e\u0442 \u0438 \u043f\u043e\u0434\u0442\u044f\u0433\u0438\u0432\u0430\u044e\u0442 \u0442\u0430\u043b\u0438\u044e \u0441\u043f\u0435\u0446\u0438\u0430\u043b\u044c\u043d\u044b\u043c \u044d\u043b\u0430\u0441\u0442\u0438\u0447\u043d\u044b\u043c \u043f\u043e\u044f\u0441\u043e\u043c. \u0411\u043b\u0430\u0433\u043e\u0434\u0430\u0440\u044f \u0443\u0434\u043e\u0431\u043d\u044b\u043c \u043a\u0440\u044e\u0447\u043a\u0430\u043c \u043d\u0430 \u0442\u0430\u043b\u0438\u0438, \u0432\u044b \u0441\u043c\u043e\u0436\u0435\u0442\u0435 \u0440\u0435\u0433\u0443\u043b\u0438\u0440\u043e\u0432\u0430\u0442\u044c \u0441\u0442\u0435\u043f\u0435\u043d\u044c \u0441\u0436\u0430\u0442\u0438\u044f \u043f\u043e \u0441\u0432\u043e\u0435\u043c\u0443 \u0443\u0441\u043c\u043e\u0442\u0440\u0435\u043d\u0438\u044e, \u0447\u0442\u043e\u0431\u044b \u0434\u043e\u0441\u0442\u0438\u0447\u044c \u043c\u0430\u043a\u0441\u0438\u043c\u0430\u043b\u044c\u043d\u043e\u0433\u043e \u044d\u0444\u0444\u0435\u043a\u0442\u0430<br \/>\n\u0426\u0432\u0435\u0442 \u2013 \u0427\u0451\u0440\u043d\u044b\u0439<br \/>\n\u041c\u0430\u0442\u0435\u0440\u0438\u0430\u043b &#8211; \u00a0 70% \u043d\u0435\u0439\u043b\u043e\u043d 30% \u0441\u043f\u0430\u043d\u0434\u0435\u043a\u0441<br \/>\n\u0412\u044b\u0441\u043e\u0442\u0430 \u043a\u043e\u0440\u0441\u0435\u0442\u0430 \u2013 27\u0441\u043c.<\/strong><\/p>\n<p><strong>\u0420\u0430\u0437\u043c\u0435\u0440\u044b :<br \/>\nM &#8211;<br \/>\n\u0422\u0430\u043b\u0438\u044f \u043e\u0442 60 \u0434\u043e 72 \u0441\u043c.<br \/>\n\u0411\u0451\u0434\u0440\u0430 \u043e\u0442 85 \u0434\u043e 95<\/strong><\/p>\n<p><strong>L \u2013<br \/>\n\u0422\u0430\u043b\u0438\u044f \u043e\u0442 66 \u0434\u043e 86 \u0441\u043c.<br \/>\n\u0411\u0451\u0434\u0440\u0430 \u043e\u0442 88 \u0434\u043e 102<\/strong><\/p>\n<p><strong>2XL \u2013<br \/>\n\u0422\u0430\u043b\u0438\u044f \u043e\u0442 78\u0441\u043c. \u0434\u043e 103 \u0441\u043c.<br \/>\n\u0411\u0451\u0434\u0440\u0430 \u043e\u0442 100 \u0434\u043e 110<\/strong><\/p>\n<p><strong>4XL &#8211;<br \/>\n\u0422\u0430\u043b\u0438\u044f \u043e\u0442 92 \u0441\u043c. \u0434\u043e 110 \u0441\u043c.<br \/>\n\u0411\u0451\u0434\u0440\u0430 \u043e\u0442 105 \u0434\u043e 117<\/strong><\/p>\n<p>&nbsp;<\/p>","protected":false},"excerpt":{"rendered":"<p><strong>Lenjerie f\u0103r\u0103 cus\u0103turi GUUDIA<\/strong><\/p>\n<p>Pre\u021b &#8211;\u00a0 325 lei<\/p>","protected":false},"featured_media":9887,"comment_status":"open","ping_status":"closed","template":"","meta":{"om_disable_all_campaigns":false,"_monsterinsights_skip_tracking":false,"_monsterinsights_sitenote_active":false,"_monsterinsights_sitenote_note":"","_monsterinsights_sitenote_category":0},"product_cat":[99,93,147],"product_tag":[],"class_list":{"0":"post-9879","1":"product","2":"type-product","3":"status-publish","4":"has-post-thumbnail","6":"product_cat-imbracaminte-femei","7":"product_cat-imbracaminte-si-accesorii","8":"product_cat-lenjerie-femei","10":"first","11":"instock","12":"sale","13":"shipping-taxable","14":"purchasable","15":"product-type-variable"},"aioseo_notices":[],"jetpack_sharing_enabled":true,"_links":{"self":[{"href":"https:\/\/vendi.md\/ru\/wp-json\/wp\/v2\/product\/9879","targetHints":{"allow":["GET"]}}],"collection":[{"href":"https:\/\/vendi.md\/ru\/wp-json\/wp\/v2\/product"}],"about":[{"href":"https:\/\/vendi.md\/ru\/wp-json\/wp\/v2\/types\/product"}],"replies":[{"embeddable":true,"href":"https:\/\/vendi.md\/ru\/wp-json\/wp\/v2\/comments?post=9879"}],"version-history":[{"count":2,"href":"https:\/\/vendi.md\/ru\/wp-json\/wp\/v2\/product\/9879\/revisions"}],"predecessor-version":[{"id":9917,"href":"https:\/\/vendi.md\/ru\/wp-json\/wp\/v2\/product\/9879\/revisions\/9917"}],"wp:featuredmedia":[{"embeddable":true,"href":"https:\/\/vendi.md\/ru\/wp-json\/wp\/v2\/media\/9887"}],"wp:attachment":[{"href":"https:\/\/vendi.md\/ru\/wp-json\/wp\/v2\/media?parent=9879"}],"wp:term":[{"taxonomy":"product_cat","embeddable":true,"href":"https:\/\/vendi.md\/ru\/wp-json\/wp\/v2\/product_cat?post=9879"},{"taxonomy":"product_tag","embeddable":true,"href":"https:\/\/vendi.md\/ru\/wp-json\/wp\/v2\/product_tag?post=9879"}],"curies":[{"name":"wp","href":"https:\/\/api.w.org\/{rel}","templated":true}]}}