{"id":9782,"date":"2025-04-09T14:15:14","date_gmt":"2025-04-09T12:15:14","guid":{"rendered":"https:\/\/vendi.md\/ru\/?post_type=product&#038;p=9782"},"modified":"2025-09-06T22:41:49","modified_gmt":"2025-09-06T20:41:49","slug":"corset-pentru-slabit-boomyinglam-25-de-costite-2","status":"publish","type":"product","link":"https:\/\/vendi.md\/ru\/product\/corset-pentru-slabit-boomyinglam-25-de-costite-2\/","title":{"rendered":"Corset pentru sl\u0103bit BoomYinGlam 25 de costi\u021be"},"content":{"rendered":"<p><strong>Corset pentru sl\u0103bit BoomYinGlam 25 de costi\u021be.<\/strong><strong>\u00a0+3 r\u00e2nduri de c\u00e2rlige suplimentare cadou!<\/strong><br \/>\n<strong><br \/>\nPre\u021b &#8211; 385 lei\u00a0<\/strong><\/p>\n<p><strong>Corsetul pentru sl\u0103bit \u00a0&#8222;BoomYinGlam&#8221; \u00a0corecteaz\u0103 \u0219i modeleaz\u0103 figura dumneavoastr\u0103.<br \/>\n&#8211; la fel men\u021bine foarte bine \u0219i spinarea.<br \/>\n&#8211; U\u0219or se \u00eembrac\u0103, comod se poart\u0103.<br \/>\n&#8211; Are 25 de costi\u021be din metal, ce \u00eel face foarte dur.<br \/>\nCu ajutorul termo efect, ridic\u0103 efectul de sl\u0103bire \u00een timpul sportului dar \u0219i \u00een purtarea zi de zi.<\/strong><\/p>\n<p><strong>Partea din \u00een\u0103untru este din cotton 96% \u0219i spandex 4%, partea din afar\u0103 din latex 100%<\/strong><\/p>\n<p><strong>Descrierea:<br \/>\n\u00cen\u0103l\u021bimea corsetului 30 cm.<br \/>\nMaterialul &#8211; cotton, Spandex, latex<br \/>\nCuloarea neagr\u0103\u00a0<\/strong><\/p>\n<p><strong>M\u0103rimile: cm la talie<br \/>\nS &#8211; de la 62 cm. P\u00een\u0103 la \u00a074 cm. talia<br \/>\nL &#8211; de la 73 cm. P\u00een\u0103 la \u00a086 cm. talia<br \/>\nXL &#8211; de la 80 cm. P\u00een\u0103 la \u00a092 cm. talia<br \/>\n2XL &#8211; de la 84 cm. P\u00een\u0103 la \u00a096 cm. talia<br \/>\n5XL &#8211; de la 100 cm. P\u00een\u0103 la 112 cm. tali<\/strong><\/p>","protected":false},"excerpt":{"rendered":"<p><strong>\u041f\u043e\u043f\u0443\u043b\u044f\u0440\u043d\u044b\u0435 \u043a\u043e\u0440\u0441\u0435\u0442\u044b \u0434\u043b\u044f \u043f\u043e\u0445\u0443\u0434\u0435\u043d\u0438\u044f BoomYinGlam. 25 \u043a\u043e\u0441\u0442\u043e\u0447\u0435\u043a,\u00a0\u00a0<\/strong><strong>+3 \u0440\u044f\u0434\u0430\u00a0 \u0414\u043e\u043f\u043e\u043b\u043d\u0438\u0442\u0435\u043b\u044c\u043d\u044b\u0445 \u043a\u0440\u044e\u0447\u043a\u043e\u0432 \u0432 \u043f\u043e\u0434\u0430\u0440\u043e\u043a\u00a0!<\/strong><br \/>\n<strong><br \/>\n\u0426\u0435\u043d\u0430 &#8211; 385 \u043b\u0435\u0439\u00a0<\/strong><\/p>\n<p><strong>\u041a\u043e\u0440\u0441\u0435\u0442 \u0434\u043b\u044f \u043f\u043e\u0445\u0443\u0434\u0435\u043d\u0438\u044f &#8222;BoomYinGlam&#8221; \u00a0\u041a\u043e\u0440\u0440\u0435\u043a\u0442\u0438\u0440\u0443\u0435\u0442, \u043c\u043e\u0434\u0435\u043b\u0438\u0440\u0443\u0435\u0442 \u0444\u0438\u0433\u0443\u0440\u0443<br \/>\n&#8211; \u0422\u0430\u043a \u0436\u0435 \u043e\u0442\u043b\u0438\u0447\u043d\u043e \u043f\u0440\u0438\u0434\u0435\u0440\u0436\u0438\u0432\u0430\u0435\u0442 \u0441\u043f\u0438\u043d\u0443.<br \/>\n&#8211; \u041b\u0435\u0433\u043a\u043e \u043e\u0434\u0435\u0432\u0430\u0435\u0442\u0441\u044f, \u043a\u043e\u043c\u0444\u043e\u0440\u0442\u043d\u043e \u043d\u043e\u0441\u0438\u0442\u0441\u044f, \u0421\u043e\u0441\u0442\u043e\u0438\u0442 \u0438\u0437 25 \u0441\u0442\u0430\u043b\u044c\u043d\u044b\u0445 \u0440\u0435\u0431\u0435\u0440 \u0436\u0435\u0441\u0442\u043a\u043e\u0441\u0442\u0438, \u0447\u0442\u043e \u0434\u0435\u043b\u0430\u0435\u0442 \u0435\u0433\u043e \u0434\u043e\u0432\u043e\u043b\u044c\u043d\u043e \u0436\u0435\u0441\u0442\u043a\u0438\u043c.<br \/>\n\u0411\u043b\u0430\u0433\u043e\u0434\u0430\u0440\u044f \u0442\u0435\u0440\u043c\u043e &#8211; \u044d\u0444\u0444\u0435\u043a\u0442\u0443 , \u0443\u0441\u043a\u043e\u0440\u044f\u0435\u0442 \u043f\u0440\u043e\u0446\u0435\u0441\u0441 \u043f\u043e\u0445\u0443\u0434\u0435\u043d\u0438\u044f \u0432\u043e \u0432\u0440\u0435\u043c\u044f \u0442\u0440\u0435\u043d\u0438\u0440\u043e\u0432\u043e\u043a \u0438 \u0438\u0441\u043f\u043e\u043b\u044c\u0437\u043e\u0432\u0430\u043d\u0438\u044f \u0432 \u0434\u043e\u043c\u0430\u0448\u043d\u0438\u0445 \u0443\u0441\u043b\u043e\u0432\u0438\u044f\u0445<\/strong><\/p>\n<p><strong>\u0412\u043d\u0443\u0442\u0440\u0435\u043d\u043d\u044f\u044f \u0441\u0442\u043e\u0440\u043e\u043d\u0430 \u043a\u043e\u0440\u0441\u0435\u0442\u0430 \u0441\u043e\u0441\u0442\u043e\u0438\u0442 \u0438\u0437 Cotton 96% \u0438 Spandex 4%, \u043d\u0430\u0440\u0443\u0436\u043d\u0430\u044f \u0441\u0442\u043e\u0440\u043e\u043d\u0430 \u0438\u0437 Latex 100%<\/strong><\/p>\n<p><strong>\u0425\u0430\u0440\u0430\u043a\u0442\u0435\u0440\u0438\u0441\u0442\u0438\u043a\u0438:<br \/>\n\u0412\u044b\u0441\u043e\u0442\u0430 \u043a\u043e\u0440\u0441\u0435\u0442\u0430 30\u0441\u043c.<br \/>\n\u041c\u0430\u0442\u0435\u0440\u0438\u0430\u043b &#8211; Cotton, Spandex, Latex<br \/>\n\u0426\u0432\u0435\u0442 &#8211; \u0447\u0451\u0440\u043d\u044b\u0439<\/strong><\/p>\n<p><strong>\u0420\u0430\u0437\u043c\u0435\u0440\u044b: \u0441\u043c. \u0442\u0430\u043b\u0438\u0438.<br \/>\nS &#8211; \u043e\u0442 62 \u0441\u043c. \u0434\u043e 74 \u0441\u043c. \u0442\u0430\u043b\u0438\u0438<br \/>\nL &#8211; \u043e\u0442 73 \u0441\u043c. \u0434\u043e 86 \u0441\u043c. \u0442\u0430\u043b\u0438\u0438<br \/>\nXL &#8211; \u043e\u0442 80 \u0441\u043c. \u0434\u043e 92 \u0441\u043c. \u0442\u0430\u043b\u0438\u0438<br \/>\n2XL &#8211; \u043e\u0442 84 \u0441\u043c. \u0434\u043e 96 \u0441\u043c. \u0442\u0430\u043b\u0438\u0438<br \/>\n5XL &#8211; \u043e\u0442 100 \u0441\u043c. \u0434\u043e 112 \u0441\u043c. \u0442\u0430\u043b\u0438\u0438<\/strong><\/p>","protected":false},"featured_media":9769,"comment_status":"open","ping_status":"closed","template":"","meta":{"om_disable_all_campaigns":false,"_monsterinsights_skip_tracking":false,"_monsterinsights_sitenote_active":false,"_monsterinsights_sitenote_note":"","_monsterinsights_sitenote_category":0},"product_cat":[99,93,147],"product_tag":[],"class_list":{"0":"post-9782","1":"product","2":"type-product","3":"status-publish","4":"has-post-thumbnail","6":"product_cat-imbracaminte-femei","7":"product_cat-imbracaminte-si-accesorii","8":"product_cat-lenjerie-femei","10":"first","11":"instock","12":"sale","13":"shipping-taxable","14":"purchasable","15":"product-type-variable"},"aioseo_notices":[],"jetpack_sharing_enabled":true,"_links":{"self":[{"href":"https:\/\/vendi.md\/ru\/wp-json\/wp\/v2\/product\/9782","targetHints":{"allow":["GET"]}}],"collection":[{"href":"https:\/\/vendi.md\/ru\/wp-json\/wp\/v2\/product"}],"about":[{"href":"https:\/\/vendi.md\/ru\/wp-json\/wp\/v2\/types\/product"}],"replies":[{"embeddable":true,"href":"https:\/\/vendi.md\/ru\/wp-json\/wp\/v2\/comments?post=9782"}],"version-history":[{"count":2,"href":"https:\/\/vendi.md\/ru\/wp-json\/wp\/v2\/product\/9782\/revisions"}],"predecessor-version":[{"id":9784,"href":"https:\/\/vendi.md\/ru\/wp-json\/wp\/v2\/product\/9782\/revisions\/9784"}],"wp:featuredmedia":[{"embeddable":true,"href":"https:\/\/vendi.md\/ru\/wp-json\/wp\/v2\/media\/9769"}],"wp:attachment":[{"href":"https:\/\/vendi.md\/ru\/wp-json\/wp\/v2\/media?parent=9782"}],"wp:term":[{"taxonomy":"product_cat","embeddable":true,"href":"https:\/\/vendi.md\/ru\/wp-json\/wp\/v2\/product_cat?post=9782"},{"taxonomy":"product_tag","embeddable":true,"href":"https:\/\/vendi.md\/ru\/wp-json\/wp\/v2\/product_tag?post=9782"}],"curies":[{"name":"wp","href":"https:\/\/api.w.org\/{rel}","templated":true}]}}