{"id":9754,"date":"2025-04-09T13:44:45","date_gmt":"2025-04-09T11:44:45","guid":{"rendered":"https:\/\/vendi.md\/ru\/?post_type=product&#038;p=9754"},"modified":"2025-09-06T22:41:49","modified_gmt":"2025-09-06T20:41:49","slug":"centura-corset-carnaval-secretul-vostru-al-elegantei","status":"publish","type":"product","link":"https:\/\/vendi.md\/ru\/product\/centura-corset-carnaval-secretul-vostru-al-elegantei\/","title":{"rendered":"Centura-corset &#8222;Carnaval&#8221; &#8211; secretul vostru al elegan\u021bei!"},"content":{"rendered":"<p><strong>Centura-corset &#8222;Carnaval&#8221; &#8211; secretul vostru al elegan\u021bei!<\/p>\n<p><\/strong><\/p>\n<p><strong>Acest accesoriu feminin \u0219i rafinat va fi finalul ideal al \u021binutei dumneavoastr\u0103.<br \/>\nFabricat din ecopiele de \u00eenalt\u0103 calitate, corsetul se contope\u0219te cu figura, subliniind elegan\u021ba linilor taliei.<\/strong><\/p>\n<p><strong>\u00cenc\u0103lzirea original\u0103 din fa\u021b\u0103 adaug\u0103 o not\u0103 special\u0103 produsului,<br \/>\nf\u0103c\u00e2ndu-l cu adev\u0103rat unic.<br \/>\nPurt\u00e2nd acest corset luxos peste rochie sau bluz\u0103,<br \/>\n\u021binut\u0103 dumneavoastr\u0103 va c\u0103p\u0103ta noi nuan\u021be, impresion\u00e2nd pe cei din jur.<\/strong><\/p>\n<p><strong>Fi\u021bi \u00een centrul aten\u021biei cu magnificul centura-corset &#8222;Carnaval&#8221;!<br \/>\nAcest accesoriu stilat va fi o adev\u0103rat\u0103 descoperire pentru iubitoarele modei elegante \u0219i va sublinia individualitatea dumneavoastr\u0103.<\/strong><\/p>\n<p><strong>Material:<\/strong><\/p>\n<p><strong>Ecopiele<br \/>\nElastan textil<\/strong><\/p>","protected":false},"excerpt":{"rendered":"<p><strong>\u041f\u043e\u044f\u0441-\u043a\u043e\u0440\u0441\u0435\u0442 &#8222;Carnaval&#8221; &#8211; \u0432\u0430\u0448 \u0441\u0435\u043a\u0440\u0435\u0442 \u044d\u043b\u0435\u0433\u0430\u043d\u0442\u043d\u043e\u0441\u0442\u0438!<\/p>\n<p><\/strong><\/p>\n<p><strong>\u042d\u0442\u043e\u0442 \u0436\u0435\u043d\u0441\u0442\u0432\u0435\u043d\u043d\u044b\u0439 \u0438 \u0443\u0442\u043e\u043d\u0447\u0435\u043d\u043d\u044b\u0439 \u0430\u043a\u0441\u0435\u0441\u0441\u0443\u0430\u0440 \u0441\u0442\u0430\u043d\u0435\u0442 \u0438\u0434\u0435\u0430\u043b\u044c\u043d\u044b\u043c \u0437\u0430\u0432\u0435\u0440\u0448\u0435\u043d\u0438\u0435\u043c \u0432\u0430\u0448\u0435\u0433\u043e \u043e\u0431\u0440\u0430\u0437\u0430.<br \/>\n\u0418\u0437\u0433\u043e\u0442\u043e\u0432\u043b\u0435\u043d\u043d\u044b\u0439 \u0438\u0437 \u0432\u044b\u0441\u043e\u043a\u043e\u043a\u0430\u0447\u0435\u0441\u0442\u0432\u0435\u043d\u043d\u043e\u0439 \u044d\u043a\u043e\u043a\u043e\u0436\u0438, \u043a\u043e\u0440\u0441\u0435\u0442 \u043e\u0431\u043b\u0435\u0433\u0430\u0435\u0442 \u0444\u0438\u0433\u0443\u0440\u0443, \u043f\u043e\u0434\u0447\u0435\u0440\u043a\u0438\u0432\u0430\u044f \u0438\u0437\u044f\u0449\u043d\u043e\u0441\u0442\u044c \u043b\u0438\u043d\u0438\u0439 \u0442\u0430\u043b\u0438\u0438.\u00a0<\/strong><\/p>\n<p><strong>\u041e\u0440\u0438\u0433\u0438\u043d\u0430\u043b\u044c\u043d\u0430\u044f \u0448\u043d\u0443\u0440\u043e\u0432\u043a\u0430 \u0441\u043f\u0435\u0440\u0435\u0434\u0438 \u0434\u043e\u0431\u0430\u0432\u043b\u044f\u0435\u0442 \u0438\u0437\u0434\u0435\u043b\u0438\u044e \u043e\u0441\u043e\u0431\u0443\u044e \u0438\u0437\u044e\u043c\u0438\u043d\u043a\u0443,<br \/>\n\u0434\u0435\u043b\u0430\u044f \u0435\u0433\u043e \u043f\u043e-\u043d\u0430\u0441\u0442\u043e\u044f\u0449\u0435\u043c\u0443 \u0443\u043d\u0438\u043a\u0430\u043b\u044c\u043d\u044b\u043c.<br \/>\n\u041d\u0430\u0434\u0435\u0432\u0430\u0439\u0442\u0435 \u044d\u0442\u043e\u0442 \u0440\u043e\u0441\u043a\u043e\u0448\u043d\u044b\u0439 \u043a\u043e\u0440\u0441\u0435\u0442 \u043f\u043e\u0432\u0435\u0440\u0445 \u043f\u043b\u0430\u0442\u044c\u044f \u0438\u043b\u0438 \u0431\u043b\u0443\u0437\u044b,<br \/>\n\u0438 \u0432\u0430\u0448 \u043e\u0431\u0440\u0430\u0437 \u0437\u0430\u0438\u0433\u0440\u0430\u0435\u0442 \u043d\u043e\u0432\u044b\u043c\u0438 \u043a\u0440\u0430\u0441\u043a\u0430\u043c\u0438, \u043f\u043e\u043a\u043e\u0440\u044f\u044f \u043e\u043a\u0440\u0443\u0436\u0430\u044e\u0449\u0438\u0445.<\/strong><\/p>\n<p><strong>\u0411\u0443\u0434\u044c\u0442\u0435 \u0432 \u0446\u0435\u043d\u0442\u0440\u0435 \u0432\u043d\u0438\u043c\u0430\u043d\u0438\u044f \u0441 \u0432\u0435\u043b\u0438\u043a\u043e\u043b\u0435\u043f\u043d\u044b\u043c \u043f\u043e\u044f\u0441\u043e\u043c-\u043a\u043e\u0440\u0441\u0435\u0442\u043e\u043c &#8222;Carnaval&#8221;!<br \/>\n\u042d\u0442\u043e\u0442 \u0441\u0442\u0438\u043b\u044c\u043d\u044b\u0439 \u0430\u043a\u0441\u0435\u0441\u0441\u0443\u0430\u0440 \u0441\u0442\u0430\u043d\u0435\u0442 \u043d\u0430\u0441\u0442\u043e\u044f\u0449\u0435\u0439 \u043d\u0430\u0445\u043e\u0434\u043a\u043e\u0439 \u0434\u043b\u044f \u043b\u044e\u0431\u0438\u0442\u0435\u043b\u044c\u043d\u0438\u0446 \u044d\u043b\u0435\u0433\u0430\u043d\u0442\u043d\u043e\u0439 \u043c\u043e\u0434\u044b \u0438 \u043f\u043e\u0434\u0447\u0435\u0440\u043a\u043d\u0435\u0442 \u0432\u0430\u0448\u0443 \u0438\u043d\u0434\u0438\u0432\u0438\u0434\u0443\u0430\u043b\u044c\u043d\u043e\u0441\u0442\u044c.<\/strong><\/p>\n<p><strong>\u0420\u0430\u0437\u043c\u0435\u0440 &#8211; \u0423\u043d\u0438\u0432\u0435\u0440\u0441\u0430\u043b\u044c\u043d\u044b\u0439<\/strong><\/p>\n<p><strong>\u043c\u0430\u0442\u0435\u0440\u0438\u0430\u043b:<br \/>\n&#8211; \u042d\u043a\u043e\u043a\u043e\u0436\u0430<br \/>\n&#8211; \u0420\u0435\u0437\u0438\u043d\u043a\u0430 \u0442\u0435\u043a\u0441\u0442\u0438\u043b\u044c\u043d\u0430\u044f<\/strong><\/p>","protected":false},"featured_media":9758,"comment_status":"open","ping_status":"closed","template":"","meta":{"om_disable_all_campaigns":false,"_monsterinsights_skip_tracking":false,"_monsterinsights_sitenote_active":false,"_monsterinsights_sitenote_note":"","_monsterinsights_sitenote_category":0},"product_cat":[102,99,93],"product_tag":[],"class_list":{"0":"post-9754","1":"product","2":"type-product","3":"status-publish","4":"has-post-thumbnail","6":"product_cat-accesorii-femei","7":"product_cat-imbracaminte-femei","8":"product_cat-imbracaminte-si-accesorii","10":"first","11":"instock","12":"sale","13":"shipping-taxable","14":"purchasable","15":"product-type-simple"},"aioseo_notices":[],"jetpack_sharing_enabled":true,"_links":{"self":[{"href":"https:\/\/vendi.md\/ru\/wp-json\/wp\/v2\/product\/9754","targetHints":{"allow":["GET"]}}],"collection":[{"href":"https:\/\/vendi.md\/ru\/wp-json\/wp\/v2\/product"}],"about":[{"href":"https:\/\/vendi.md\/ru\/wp-json\/wp\/v2\/types\/product"}],"replies":[{"embeddable":true,"href":"https:\/\/vendi.md\/ru\/wp-json\/wp\/v2\/comments?post=9754"}],"version-history":[{"count":1,"href":"https:\/\/vendi.md\/ru\/wp-json\/wp\/v2\/product\/9754\/revisions"}],"predecessor-version":[{"id":9765,"href":"https:\/\/vendi.md\/ru\/wp-json\/wp\/v2\/product\/9754\/revisions\/9765"}],"wp:featuredmedia":[{"embeddable":true,"href":"https:\/\/vendi.md\/ru\/wp-json\/wp\/v2\/media\/9758"}],"wp:attachment":[{"href":"https:\/\/vendi.md\/ru\/wp-json\/wp\/v2\/media?parent=9754"}],"wp:term":[{"taxonomy":"product_cat","embeddable":true,"href":"https:\/\/vendi.md\/ru\/wp-json\/wp\/v2\/product_cat?post=9754"},{"taxonomy":"product_tag","embeddable":true,"href":"https:\/\/vendi.md\/ru\/wp-json\/wp\/v2\/product_tag?post=9754"}],"curies":[{"name":"wp","href":"https:\/\/api.w.org\/{rel}","templated":true}]}}