{"id":9745,"date":"2025-04-09T13:38:07","date_gmt":"2025-04-09T11:38:07","guid":{"rendered":"https:\/\/vendi.md\/ru\/?post_type=product&#038;p=9745"},"modified":"2025-09-06T22:42:42","modified_gmt":"2025-09-06T20:42:42","slug":"corset-dupa-nastere-shaper-vest-modelator","status":"publish","type":"product","link":"https:\/\/vendi.md\/ru\/product\/corset-dupa-nastere-shaper-vest-modelator\/","title":{"rendered":"Corset dup\u0103 na\u0219tere Shaper Vest &#8211; modelator"},"content":{"rendered":"<p><strong>Corset dup\u0103 na\u0219tere Shaper Vest &#8211; modelator<br \/>\nPret &#8211; 290 de lei<\/strong><\/p>\n<p><strong>Lenjerie dup\u0103 na\u0219tere care corecteaz\u0103 figura &#8211; corset Shaper Vest, este f\u0103cut din material moale si respirator.<br \/>\nDatorit\u0103 materialului s\u0103u sub\u021bire, dar durabil, Shaper Vest este complet invizibil sub \u00eembr\u0103c\u0103minte.<br \/>\nCorsetul de modelare este realizat pe bretele, datorit\u0103 c\u0103rora nu alunec\u0103 \u00een jos. \u00a0\u00cen spatele corsetului exist\u0103 2 coaste de rigidizare, pentru o mai mare elasticitate, care \u021bine \u00een plus spatele.<br \/>\nCorset Shaper Vest este u\u0219or de reglat datorit\u0103 celor 6 r\u00e2nduri de c\u00e2rlige, cu ajutorul c\u0103rora pute\u021bi reduce dimensiunea dup\u0103 cum este necesar.<br \/>\nAcest corset poate fi purtat at\u00e2t dup\u0103 na\u0219tere, c\u00e2t \u0219i pentru cei care doresc s\u0103-\u0219i sub\u021bieze talia sau au nevoie s\u0103-\u0219i men\u021bin\u0103 postura<br \/>\n\u00een pozi\u0163ie vertical\u0103.<br \/>\nCaracteristicile corsetului de modelare:<br \/>\nRespirabil, \u0219ase r\u00e2nduri de c\u00e2rlige, confortabil la atingere, pe bretele, model frumos, material sub\u021bire dar rezistent.<\/strong><\/p>\n<p><strong>Caracteristici:<\/strong><br \/>\n<strong>\u00a0Material &#8211; Spandex\/Nailon<br \/>\nCuloare disponibila &#8211; negru<br \/>\nInaltime 52-55 cm.<\/strong><\/p>\n<p><strong>M\u0103rimile:<\/strong><br \/>\n<strong>M &#8211; de la 58 p\u00een\u0103 la 68 cm. Talia<br \/>\nL &#8211; de la 65 p\u00een\u0103 la 73 cm. Talia<br \/>\nXL &#8211; de la 70 p\u00een\u0103 la 78 cm. Talia<br \/>\n3XL &#8211; de la 79 p\u00een\u0103 la 89 cm. Talia<br \/>\n5XL &#8211; de la \u00a091 p\u00een\u0103 la 103 cm. Talia<\/strong><\/p>","protected":false},"excerpt":{"rendered":"<p><strong>\u041f\u043e\u0441\u043b\u0435\u0440\u043e\u0434\u043e\u0432\u043e\u0439 \u043a\u043e\u0440\u0441\u0435\u0442 Shaper Vest &#8211; \u041c\u043e\u0434\u0435\u043b\u0438\u0440\u0443\u044e\u0449\u0438\u0439<br \/>\n\u0426\u0435\u043d\u0430 &#8211; 290 \u043b\u0435\u0439<\/strong><\/p>\n<p><strong>\u041f\u043e\u0441\u043b\u0435\u0440\u043e\u0434\u043e\u0432\u043e\u0435 \u043a\u043e\u0440\u0440\u0435\u043a\u0442\u0438\u0440\u0443\u044e\u0449\u0435\u0435 \u0431\u0435\u043b\u044c\u0451 &#8211; \u043a\u043e\u0440\u0441\u0435\u0442 Shaper Vest, \u0441\u0434\u0435\u043b\u0430\u043d \u0438\u0437 \u043c\u044f\u0433\u043a\u043e\u0433\u043e \u0438 \u0434\u044b\u0448\u0430\u0449\u0435\u0433\u043e \u043c\u0430\u0442\u0435\u0440\u0438\u0430\u043b\u0430.<br \/>\n\u0411\u043b\u0430\u0433\u043e\u0434\u0430\u0440\u044f \u0441\u0432\u043e\u0435\u043c\u0443 \u0442\u043e\u043d\u043a\u043e\u043c\u0443, \u043d\u043e \u043f\u0440\u043e\u0447\u043d\u043e\u043c\u0443 \u043c\u0430\u0442\u0435\u0440\u0438\u0430\u043b\u0443, \u0431\u0435\u043b\u044c\u0451 Shaper Vest \u0430\u0431\u0441\u043e\u043b\u044e\u0442\u043d\u043e \u043d\u0435 \u0437\u0430\u043c\u0435\u0442\u043d\u043e \u043f\u043e\u0434 \u043e\u0434\u0435\u0436\u0434\u043e\u0439.<br \/>\n\u041c\u043e\u0434\u0435\u043b\u0438\u0440\u0443\u044e\u0449\u0438\u0439 \u043a\u043e\u0440\u0441\u0435\u0442 \u0432\u044b\u043f\u043e\u043b\u043d\u0435\u043d \u043d\u0430 \u043b\u044f\u043c\u043a\u0430\u0445, \u0431\u043b\u0430\u0433\u043e\u0434\u0430\u0440\u044f \u044d\u0442\u043e\u043c\u0443 \u043e\u043d \u043d\u0435 \u0441\u043f\u043e\u043b\u0437\u0430\u0435\u0442 \u0432\u043d\u0438\u0437. \u0421\u0437\u0430\u0434\u0438 \u043a\u043e\u0440\u0441\u0435\u0442\u0430 \u043f\u0440\u0438\u0441\u0443\u0442\u0441\u0442\u0432\u0443\u044e\u0442 2 \u0440\u0435\u0431\u0440\u0430 \u0436\u0435\u0441\u0442\u043a\u043e\u0441\u0442\u0438,<br \/>\n\u0434\u043b\u044f \u0431\u043e\u043b\u044c\u0448\u0435\u0439 \u0443\u043f\u0440\u0443\u0433\u043e\u0441\u0442\u0438, \u0447\u0442\u043e \u0434\u043e\u043f\u043e\u043b\u043d\u0438\u0442\u0435\u043b\u044c\u043d\u043e \u043f\u0440\u0438\u0434\u0435\u0440\u0436\u0438\u0432\u0430\u0435\u0442 \u0441\u043f\u0438\u043d\u0443.<br \/>\n\u041a\u043e\u0440\u0441\u0435\u0442 Shaper Vest \u043b\u0435\u0433\u043a\u043e \u0440\u0435\u0433\u0443\u043b\u0438\u0440\u0443\u0435\u0442\u0441\u044f, \u0431\u043b\u0430\u0433\u043e\u0434\u0430\u0440\u044f 6 \u0440\u044f\u0434\u043e\u0432 \u043a\u0440\u044e\u0447\u043a\u043e\u0432, \u0441 \u043f\u043e\u043c\u043e\u0449\u044c\u044e \u043a\u043e\u0442\u043e\u0440\u044b\u0445 \u043f\u043e \u043d\u0435\u043e\u0431\u0445\u043e\u0434\u0438\u043c\u043e\u0441\u0442\u0438, \u0441\u043c\u043e\u0436\u0435\u0442\u0435 \u0443\u043c\u0435\u043d\u044c\u0448\u0430\u0442\u044c \u0440\u0430\u0437\u043c\u0435\u0440.<\/strong><\/p>\n<p><strong>\u0414\u0430\u043d\u043d\u044b\u0439 \u043a\u043e\u0440\u0441\u0435\u0442 \u043c\u043e\u0436\u043d\u043e \u043d\u043e\u0441\u0438\u0442\u044c \u043a\u0430\u043a \u043f\u043e\u0441\u043b\u0435 \u0440\u043e\u0434\u043e\u0432, \u0442\u0430\u043a \u0438 \u0442\u0435\u043c, \u043a\u0442\u043e \u0445\u043e\u0447\u0435\u0442 \u0441\u0434\u0435\u043b\u0430\u0442\u044c \u0441\u0432\u043e\u044e \u0442\u0430\u043b\u0438\u044e \u0431\u043e\u043b\u0435\u0435 \u0442\u043e\u043d\u043a\u043e\u0439 \u0438\u043b\u0438 \u043d\u0435\u043e\u0431\u0445\u043e\u0434\u0438\u043c\u043e \u043f\u043e\u0434\u0434\u0435\u0440\u0436\u0438\u0432\u0430\u0442\u044c \u043e\u0441\u0430\u043d\u043a\u0443<br \/>\n\u0432 \u0440\u043e\u0432\u043d\u043e\u043c \u043f\u043e\u043b\u043e\u0436\u0435\u043d\u0438\u0438.<\/strong><\/p>\n<p><strong>\u041e\u0441\u043e\u0431\u0435\u043d\u043d\u043e\u0441\u0442\u0438 \u043c\u043e\u0434\u0435\u043b\u0438\u0440\u0443\u044e\u0449\u0435\u0433\u043e \u043a\u043e\u0440\u0441\u0435\u0442\u0430:<\/strong><br \/>\n<strong>\u0414\u044b\u0448\u0430\u0449\u0438\u0439, \u0448\u0435\u0441\u0442\u044c \u0440\u044f\u0434\u043e\u0432 \u043a\u0440\u044e\u0447\u043a\u043e\u0432, \u043f\u0440\u0438\u044f\u0442\u043d\u044b\u0439 \u043d\u0430 \u043e\u0449\u0443\u043f\u044c, \u043d\u0430 \u043b\u044f\u043c\u043a\u0430\u0445, \u043a\u0440\u0430\u0441\u0438\u0432\u044b\u0439 \u0443\u0437\u043e\u0440, \u0442\u043e\u043d\u043a\u0438\u0439, \u043d\u043e \u043f\u0440\u043e\u0447\u043d\u044b\u0439 \u043c\u0430\u0442\u0435\u0440\u0438\u0430\u043b.<\/strong><\/p>\n<p><strong>\u0425\u0430\u0440\u0430\u043a\u0442\u0435\u0440\u0438\u0441\u0442\u0438\u043a\u0438:<\/strong><br \/>\n<strong>\u041c\u0430\u0442\u0435\u0440\u0438\u0430\u043b &#8211; \u0421\u043f\u0430\u043d\u0434\u0435\u043a\u0441\/\u043d\u0435\u0439\u043b\u043e\u043d<br \/>\n\u0426\u0432\u0435\u0442 \u0432 \u043d\u0430\u043b\u0438\u0447\u0438\u0438 &#8211; \u0447\u0451\u0440\u043d\u044b\u0439<br \/>\n\u0412\u044b\u0441\u043e\u0442\u0430 52-55 \u0441\u043c.<\/strong><\/p>\n<p><strong>\u0420\u0430\u0437\u043c\u0435\u0440\u044b:<\/strong><br \/>\n<strong>M &#8211; \u041e\u0442 58 \u0434\u043e 68 \u0441\u043c. \u0442\u0430\u043b\u0438\u0438<br \/>\nL &#8211; \u041e\u0442 65 \u0434\u043e 73 \u0441\u043c. \u0442\u0430\u043b\u0438\u0438<br \/>\nXL &#8211; \u043e\u0442 70 \u0434\u043e 78 \u0441\u043c. \u0442\u0430\u043b\u0438\u0438<br \/>\n3XL &#8211; \u043e\u0442 79 \u0434\u043e 89 \u0441\u043c. \u0442\u0430\u043b\u0438\u0438<br \/>\n5XL &#8211; \u043e\u0442 91 \u0434\u043e 103 \u0441\u043c. \u0442\u0430\u043b\u0438\u0438<\/strong><\/p>","protected":false},"featured_media":9746,"comment_status":"open","ping_status":"closed","template":"","meta":{"om_disable_all_campaigns":false,"_monsterinsights_skip_tracking":false,"_monsterinsights_sitenote_active":false,"_monsterinsights_sitenote_note":"","_monsterinsights_sitenote_category":0},"product_cat":[99,93,147],"product_tag":[],"class_list":{"0":"post-9745","1":"product","2":"type-product","3":"status-publish","4":"has-post-thumbnail","6":"product_cat-imbracaminte-femei","7":"product_cat-imbracaminte-si-accesorii","8":"product_cat-lenjerie-femei","10":"first","11":"instock","12":"sale","13":"shipping-taxable","14":"purchasable","15":"product-type-variable"},"aioseo_notices":[],"jetpack_sharing_enabled":true,"_links":{"self":[{"href":"https:\/\/vendi.md\/ru\/wp-json\/wp\/v2\/product\/9745","targetHints":{"allow":["GET"]}}],"collection":[{"href":"https:\/\/vendi.md\/ru\/wp-json\/wp\/v2\/product"}],"about":[{"href":"https:\/\/vendi.md\/ru\/wp-json\/wp\/v2\/types\/product"}],"replies":[{"embeddable":true,"href":"https:\/\/vendi.md\/ru\/wp-json\/wp\/v2\/comments?post=9745"}],"version-history":[{"count":1,"href":"https:\/\/vendi.md\/ru\/wp-json\/wp\/v2\/product\/9745\/revisions"}],"predecessor-version":[{"id":9753,"href":"https:\/\/vendi.md\/ru\/wp-json\/wp\/v2\/product\/9745\/revisions\/9753"}],"wp:featuredmedia":[{"embeddable":true,"href":"https:\/\/vendi.md\/ru\/wp-json\/wp\/v2\/media\/9746"}],"wp:attachment":[{"href":"https:\/\/vendi.md\/ru\/wp-json\/wp\/v2\/media?parent=9745"}],"wp:term":[{"taxonomy":"product_cat","embeddable":true,"href":"https:\/\/vendi.md\/ru\/wp-json\/wp\/v2\/product_cat?post=9745"},{"taxonomy":"product_tag","embeddable":true,"href":"https:\/\/vendi.md\/ru\/wp-json\/wp\/v2\/product_tag?post=9745"}],"curies":[{"name":"wp","href":"https:\/\/api.w.org\/{rel}","templated":true}]}}