{"id":9722,"date":"2025-04-08T21:06:56","date_gmt":"2025-04-08T19:06:56","guid":{"rendered":"https:\/\/vendi.md\/ru\/?post_type=product&#038;p=9722"},"modified":"2025-09-06T22:42:43","modified_gmt":"2025-09-06T20:42:43","slug":"populjarnaja-novinka-ot-waist-trainer","status":"publish","type":"product","link":"https:\/\/vendi.md\/ru\/product\/populjarnaja-novinka-ot-waist-trainer\/","title":{"rendered":"\u041f\u043e\u043f\u0443\u043b\u044f\u0440\u043d\u0430\u044f \u043d\u043e\u0432\u0438\u043d\u043a\u0430 \u043e\u0442 WAIST TRAINER"},"content":{"rendered":"<p><strong>\u041f\u043e\u043f\u0443\u043b\u044f\u0440\u043d\u0430\u044f \u043d\u043e\u0432\u0438\u043d\u043a\u0430 \u043e\u0442 WAIST TRAINER<br \/>\n\u041c\u043e\u0434\u0435\u043b\u0438\u0440\u0443\u044e\u0449\u0438\u0439 \u043a\u043e\u0440\u0441\u0435\u0442 \u0434\u043b\u044f \u043f\u043e\u0445\u0443\u0434\u0435\u043d\u0438\u044f<br \/>\n\u0421\u0443\u043f\u0435\u0440 \u0446\u0435\u043d\u0430 &#8211; 320 \u043b\u0435\u0439<\/strong><\/p>\n<p><strong>2 \u0443\u0440\u043e\u0432\u043d\u044f \u0443\u0442\u044f\u0433\u0438\u0432\u0430\u043d\u0438\u044f.(\u043a\u0440\u044e\u0447\u043a\u0438 \u0438 \u043c\u043e\u043b\u043d\u0438\u044f)<br \/>\n\u041e\u0442\u043b\u0438\u0447\u043d\u043e\u0435 \u043a\u0430\u0447\u0435\u0441\u0442\u0432\u043e!<\/strong><\/p>\n<p><strong>\u041a\u043e\u0440\u0441\u0435\u0442 \u043e\u0442 WAIST TRAINER \u041a\u043e\u0440\u0440\u0435\u043a\u0442\u0438\u0440\u0443\u0435\u0442, \u043c\u043e\u0434\u0435\u043b\u0438\u0440\u0443\u0435\u0442 \u0444\u0438\u0433\u0443\u0440\u0443<br \/>\n\u0422\u0430\u043a \u0436\u0435 \u043e\u0442\u043b\u0438\u0447\u043d\u043e \u043f\u0440\u0438\u0434\u0435\u0440\u0436\u0438\u0432\u0430\u0435\u0442 \u0441\u043f\u0438\u043d\u0443.<br \/>\n\u041b\u0435\u0433\u043a\u043e \u043e\u0434\u0435\u0432\u0430\u0435\u0442\u0441\u044f, \u043a\u043e\u043c\u0444\u043e\u0440\u0442\u043d\u043e \u043d\u043e\u0441\u0438\u0442\u0441\u044f<\/strong><\/p>\n<p><strong>\u041c\u043e\u0436\u043d\u043e \u0438\u0441\u043f\u043e\u043b\u044c\u0437\u043e\u0432\u0430\u0442\u044c \u043a\u0430\u043a \u0432\u043e \u0432\u0440\u0435\u043c\u044f \u0442\u0440\u0435\u043d\u0438\u0440\u043e\u0432\u043e\u043a (\u0434\u043b\u044f \u043f\u043e\u0445\u0443\u0434\u0435\u043d\u0438\u044f)<br \/>\n\u0422\u0430\u043a \u0438 \u0432 \u043f\u043e\u0432\u0441\u0435\u0434\u043d\u0435\u0432\u043d\u043e\u0439 \u0436\u0438\u0437\u043d\u0438 (\u0434\u043b\u044f \u0443\u0442\u044f\u0433\u0438\u0432\u0430\u043d\u0438\u044f \u0438 \u043c\u043e\u0434\u0435\u043b\u0438\u0440\u043e\u0432\u0430\u043d\u0438\u044f)<\/strong><\/p>\n<p><strong>\u0421\u043e\u0441\u0442\u0430\u0432 \u043c\u0430\u0442\u0435\u0440\u0438\u0430\u043b\u0430:<br \/>\n\u041f\u043e\u043b\u0438\u044d\u0441\u0442\u0435\u0440,\u0421\u043f\u0430\u043d\u0434\u0435\u043a\u0441\u200b<\/strong><\/p>\n<p><strong>\u0426\u0432\u0435\u0442 &#8211; \u0447\u0451\u0440\u043d\u044b\u0439.<\/strong><\/p>\n<p><strong>\u0420\u0430\u0437\u043c\u0435\u0440\u044b:<\/strong><\/p>\n<table border=\"1\" cellspacing=\"1\" cellpadding=\"1\">\n<tbody>\n<tr>\n<td><strong>S<\/strong><\/td>\n<td><strong>\u041e\u0442 63 \u0434\u043e 74 \u0441\u043c. \u0442\u0430\u043b\u0438\u0438<\/strong><\/td>\n<td><strong>\u0412\u044b\u0441\u043e\u0442\u0430 28,5 \u0441\u043c.<\/strong><\/td>\n<\/tr>\n<tr>\n<td><strong>M<\/strong><\/td>\n<td><strong>\u041e\u0442 73 \u0434\u043e 85 \u0441\u043c. \u0442\u0430\u043b\u0438\u0438<\/strong><\/td>\n<td><strong>\u0412\u044b\u0441\u043e\u0442\u0430 28,5 \u0441\u043c.<\/strong><\/td>\n<\/tr>\n<tr>\n<td><strong>L<\/strong><\/td>\n<td><strong>\u041e\u0442 80 \u0434\u043e 88\u00a0\u0441\u043c. \u0442\u0430\u043b\u0438\u0438<\/strong><\/td>\n<td><strong>\u0412\u044b\u0441\u043e\u0442\u0430 28,5 \u0441\u043c.<\/strong><\/td>\n<\/tr>\n<tr>\n<td><strong>3XL<\/strong><\/td>\n<td><strong>\u043e\u0442 88 \u0434\u043e 102\u00a0\u0441\u043c. \u0442\u0430\u043b\u0438\u0438<\/strong><\/td>\n<td><strong>\u0412\u044b\u0441\u043e\u0442\u0430 28,5 \u0441\u043c.<\/strong><\/td>\n<\/tr>\n<\/tbody>\n<\/table>\n<p>&nbsp;<\/p>","protected":false},"excerpt":{"rendered":"<p><strong>Popular Nou de la WAIST TRAINER<br \/>\nCorset pentru modelarea \u0219i sl\u0103bit.<\/strong><\/p>\n<p>Pre\u021b &#8211; 320 de lei<\/p>\n<p><strong>2 Nivele de stringere ( c\u00e2rlige \u0219i fermoar)<br \/>\nCalitatea superioar\u0103!<\/strong><\/p>\n<p><strong>Corset de la WAIST TRAINER corecteaz\u0103, modeleaz\u0103 figura.<br \/>\nLa fel foarte bine men\u021bine \u0219i spinarea.<br \/>\nU\u0219or se \u00eembrac\u0103, confort se poart\u0103.<\/strong><\/p>\n<p><strong>Se poate de purtat \u00een timpul sportului( pentru sl\u0103bit)<br \/>\nZi de zi ( pentru corectarea \u0219i modelare)<\/strong><\/p>\n<p><strong>Material:<br \/>\nPoliester, spandex\u00a0<\/strong><\/p>\n<p><strong>M\u0103rimile:<\/strong><\/p>\n<p><strong>S &#8211;\u00a0 63 &#8211; 74 cm. Talia<br \/>\nM &#8211;\u00a0 \u00a073 &#8211; 85 cm. Talia<br \/>\nL \u2013\u00a0 80\u00a0&#8211; 88\u00a0cm. Talia<br \/>\n3XL &#8211;\u00a0 88 &#8211; 102 cm. Talia<\/strong><\/p>\n<p><strong>Culoarea &#8211; neagr\u0103.<\/strong><\/p>","protected":false},"featured_media":9724,"comment_status":"open","ping_status":"closed","template":"","meta":{"om_disable_all_campaigns":false,"_monsterinsights_skip_tracking":false,"_monsterinsights_sitenote_active":false,"_monsterinsights_sitenote_note":"","_monsterinsights_sitenote_category":0},"product_cat":[99,93,147],"product_tag":[],"class_list":{"0":"post-9722","1":"product","2":"type-product","3":"status-publish","4":"has-post-thumbnail","6":"product_cat-imbracaminte-femei","7":"product_cat-imbracaminte-si-accesorii","8":"product_cat-lenjerie-femei","10":"first","11":"instock","12":"sale","13":"shipping-taxable","14":"purchasable","15":"product-type-variable"},"aioseo_notices":[],"jetpack_sharing_enabled":true,"_links":{"self":[{"href":"https:\/\/vendi.md\/ru\/wp-json\/wp\/v2\/product\/9722","targetHints":{"allow":["GET"]}}],"collection":[{"href":"https:\/\/vendi.md\/ru\/wp-json\/wp\/v2\/product"}],"about":[{"href":"https:\/\/vendi.md\/ru\/wp-json\/wp\/v2\/types\/product"}],"replies":[{"embeddable":true,"href":"https:\/\/vendi.md\/ru\/wp-json\/wp\/v2\/comments?post=9722"}],"version-history":[{"count":3,"href":"https:\/\/vendi.md\/ru\/wp-json\/wp\/v2\/product\/9722\/revisions"}],"predecessor-version":[{"id":9860,"href":"https:\/\/vendi.md\/ru\/wp-json\/wp\/v2\/product\/9722\/revisions\/9860"}],"wp:featuredmedia":[{"embeddable":true,"href":"https:\/\/vendi.md\/ru\/wp-json\/wp\/v2\/media\/9724"}],"wp:attachment":[{"href":"https:\/\/vendi.md\/ru\/wp-json\/wp\/v2\/media?parent=9722"}],"wp:term":[{"taxonomy":"product_cat","embeddable":true,"href":"https:\/\/vendi.md\/ru\/wp-json\/wp\/v2\/product_cat?post=9722"},{"taxonomy":"product_tag","embeddable":true,"href":"https:\/\/vendi.md\/ru\/wp-json\/wp\/v2\/product_tag?post=9722"}],"curies":[{"name":"wp","href":"https:\/\/api.w.org\/{rel}","templated":true}]}}