{"id":9712,"date":"2025-04-08T20:30:29","date_gmt":"2025-04-08T18:30:29","guid":{"rendered":"https:\/\/vendi.md\/ru\/?post_type=product&#038;p=9712"},"modified":"2025-09-06T22:42:43","modified_gmt":"2025-09-06T20:42:43","slug":"utjagivajushhie-modelirujushhie-korsety-po","status":"publish","type":"product","link":"https:\/\/vendi.md\/ru\/product\/utjagivajushhie-modelirujushhie-korsety-po\/","title":{"rendered":"\u0423\u0442\u044f\u0433\u0438\u0432\u0430\u044e\u0449\u0438\u0435 &#8211; \u043c\u043e\u0434\u0435\u043b\u0438\u0440\u0443\u044e\u0449\u0438\u0435 \u043a\u043e\u0440\u0441\u0435\u0442\u044b \u043f\u043e\u0434 \u0433\u0440\u0443\u0434\u044c"},"content":{"rendered":"<p><strong>\u0423\u0442\u044f\u0433\u0438\u0432\u0430\u044e\u0449\u0438\u0435 &#8211; \u043c\u043e\u0434\u0435\u043b\u0438\u0440\u0443\u044e\u0449\u0438\u0435 \u043a\u043e\u0440\u0441\u0435\u0442\u044b \u043f\u043e\u0434 \u0433\u0440\u0443\u0434\u044c<br \/>\n\u0426\u0435\u043d\u0430 \u2013 270 lei<br \/>\n<\/strong><\/p>\n<p><strong><em>\u0414\u0430\u043d\u043d\u044b\u0435 \u043a\u043e\u0440\u0441\u0435\u0442\u044b \u0443\u0442\u044f\u0433\u0438\u0432\u0430\u044e\u0442 \u0438 \u043c\u043e\u0434\u0435\u043b\u0438\u0440\u0443\u044e\u0442 \u0432\u0430\u0448\u0443 \u0444\u0438\u0433\u0443\u0440\u0443, \u0441\u043e\u0437\u0434\u0430\u0432\u0430\u044f \u043a\u0440\u0430\u0441\u0438\u0432\u044b\u0439 \u0438 \u0441\u0442\u0440\u043e\u0439\u043d\u044b\u0439 \u043e\u0431\u0440\u0430\u0437.<br \/>\n\u041f\u0440\u0438 \u0440\u0435\u0433\u0443\u043b\u044f\u0440\u043d\u043e\u043c \u0438\u0441\u043f\u043e\u043b\u044c\u0437\u043e\u0432\u0430\u043d\u0438\u0438 \u0434\u0430\u043d\u043d\u043e\u0433\u043e \u043a\u043e\u0440\u0441\u0435\u0442\u0430, \u0432\u0430\u0448\u0430 \u0442\u0430\u043b\u0438\u044f \u043e\u0431\u0440\u0435\u0442\u0451\u0442 \u043a\u0440\u0430\u0441\u0438\u0432\u0443\u044e, \u0435\u0441\u0442\u0435\u0441\u0442\u0432\u0435\u043d\u043d\u0443\u044e \u0444\u043e\u0440\u043c\u0443.<br \/>\n\u0422\u0430\u043a \u0436\u0435, \u043a\u043e\u0440\u0441\u0435\u0442 \u043f\u043e\u0434\u0434\u0435\u0440\u0436\u0438\u0432\u0430\u0435\u0442 \u0441\u043f\u0438\u043d\u0443.<br \/>\n\u041c\u043d\u043e\u0433\u0438\u0435 \u0436\u0435\u043d\u0449\u0438\u043d\u044b \u0441\u0442\u0430\u043b\u043a\u0438\u0432\u0430\u044e\u0442\u0441\u044f \u0441 \u043f\u043e\u0434\u043e\u0431\u043d\u043e\u0439 \u043f\u0440\u043e\u0431\u043b\u0435\u043c\u043e\u0439 &#8211; \u043a\u043e\u0433\u0434\u0430 \u043d\u0435 \u0443\u0441\u0442\u0440\u0430\u0438\u0432\u0430\u0435\u0442 \u0442\u0430\u043b\u0438\u044f, \u043d\u043e \u043e\u0447\u0435\u043d\u044c \u0445\u043e\u0447\u0435\u0442\u0441\u044f \u0435\u0451 \u043f\u043e\u0434\u0447\u0435\u0440\u043a\u043d\u0443\u0442\u044c.<br \/>\n\u041d\u0435\u0442 \u0432\u0440\u0435\u043c\u0435\u043d\u0438 \u0438\u043b\u0438 \u0432\u043e\u0437\u043c\u043e\u0436\u043d\u043e\u0441\u0442\u0438 \u043d\u0430 \u0434\u043e\u043b\u0433\u0438\u0435 \u0438 \u0443\u043f\u043e\u0440\u043d\u044b\u0435 \u0442\u0440\u0435\u043d\u0438\u0440\u043e\u0432\u043a\u0438, \u043d\u0435 \u0445\u043e\u0442\u0438\u0442\u0435 \u0436\u0434\u0430\u0442\u044c \u043c\u0435\u0441\u044f\u0446\u044b, \u0434\u043b\u044f \u043f\u043e\u043b\u0443\u0447\u0435\u043d\u0438\u044f \u0440\u0435\u0437\u0443\u043b\u044c\u0442\u0430\u0442\u0430, \u0430 \u0445\u043e\u0442\u0438\u0442\u0435 \u0432\u044b\u0433\u043b\u044f\u0434\u0435\u0442\u044c \u0441\u0442\u0440\u043e\u0439\u043d\u043e \u0443\u0436\u0435 \u0441\u0435\u0433\u043e\u0434\u043d\u044f &#8211; \u043d\u0430\u0448 \u043a\u043e\u0440\u0441\u0435\u0442 \u043f\u043e\u043c\u043e\u0436\u0435\u0442 \u0432\u0430\u043c \u0432 \u044d\u0442\u043e\u043c.<\/em><\/strong><\/p>\n<p><strong><em>\u041e\u0441\u043e\u0431\u0435\u043d\u043d\u043e \u043f\u043e\u0441\u043b\u0435 \u0440\u043e\u0434\u043e\u0432. \u041a\u043e\u0433\u0434\u0430 \u0444\u0438\u0433\u0443\u0440\u0430 \u043f\u0435\u0440\u0435\u0441\u0442\u0430\u0451\u0442 \u0431\u044b\u0442\u044c \u0442\u0430\u043a\u043e\u0439, \u043a\u0430\u043a \u043f\u0440\u0435\u0436\u0434\u0435. \u0412 \u0434\u0430\u043d\u043d\u043e\u043c \u0441\u043b\u0443\u0447\u0430\u0438,<br \/>\n\u043c\u043d\u043e\u0433\u0438\u0435 \u0440\u0435\u043a\u043e\u043c\u0435\u043d\u0434\u0443\u044e\u0442 \u0438\u0441\u043f\u043e\u043b\u044c\u0437\u043e\u0432\u0430\u043d\u0438\u0435 \u0438\u043c\u0435\u043d\u043d\u043e \u043a\u043e\u0440\u0441\u0435\u0442\u0430, \u0434\u043b\u044f \u043c\u043e\u0434\u0435\u043b\u0438\u0440\u043e\u0432\u0430\u043d\u0438\u044f \u0442\u0430\u043b\u0438\u0438.<\/em><\/strong><\/p>\n<p><strong><em>\u041f\u0440\u0438 \u0437\u0430\u043a\u0430\u0437\u0435 \u043d\u0430 \u043d\u0430\u0448\u0435\u043c \u0441\u0430\u0439\u0442\u0435 &#8211; \u0443\u043a\u0430\u0436\u0438\u0442\u0435 \u043d\u0443\u0436\u043d\u044b\u0439 \u0432\u0430\u043c \u0440\u0430\u0437\u043c\u0435\u0440 \u0432 \u0441\u0442\u0440\u043e\u0447\u043a\u0435 *\u0417\u0430\u043c\u0435\u0442\u043a\u0438* (\u0441\u0432\u0435\u0440\u0438\u0432\u0448\u0438\u0441\u044c c \u043d\u0430\u0448\u0435\u0439 \u0442\u0430\u0431\u043b\u0438\u0446\u0435\u0439 \u0440\u0430\u0437\u043c\u0435\u0440\u043e\u0432, \u0441\u043c\u043e\u0442\u0440\u0435\u0442\u044c \u0432 \u0444\u043e\u0442\u043e\u0433\u0440\u0430\u0444\u0438\u044f\u0445 )<br \/>\n\u0418\u043b\u0438 \u043d\u0430\u043f\u0438\u0448\u0438\u0442\u0435 \u0441\u043c. \u0432\u0430\u0448\u0435\u0439 \u0442\u0430\u043b\u0438\u0438 \u0438 \u043c\u044b \u0441\u0430\u043c\u0438 \u043f\u043e\u0434\u0431\u0435\u0440\u0451\u043c \u0432\u0430\u043c \u0440\u0430\u0437\u043c\u0435\u0440.<\/em><\/strong><\/p>\n<p><strong><em>\u041e\u043f\u0438\u0441\u0430\u043d\u0438\u0435 \u041a\u043e\u0440\u0441\u0435\u0442\u0430:<\/em><\/strong><\/p>\n<p><strong><em>\u0421\u043e\u0441\u0442\u0430\u0432 \u043c\u0430\u0442\u0435\u0440\u0438\u0430\u043b\u0430 \u2014 \u041f\u043e\u043b\u0438\u044d\u0441\u0442\u0435\u0440<\/em><\/strong><\/p>\n<p><strong><em>\u0412\u044b\u0441\u043e\u0442\u0430 \u00a0&#8211; \u00a028 \u0441\u043c<\/em><\/strong><\/p>\n<p><strong><em>\u0426\u0432\u0435\u0442 &#8211; \u0427\u0451\u0440\u043d\u044b\u0439, \u0431\u0435\u0436\u0435\u0432\u044b\u0439.<\/em><\/strong><\/p>","protected":false},"excerpt":{"rendered":"<p><strong>Corset pentru corectarea \u0219i modelarea figurei<br \/>\nPret 270 lei<\/strong><strong><br \/>\n<\/strong><\/p>\n<p><strong>Acest model de corset corecteaz\u0103 \u0219i modeleaz\u0103 figura dumneavoastr\u0103, formeaz\u0103 o siluet\u0103 frumoas\u0103.<br \/>\nPurt\u00e2nd regulat acest corset talia dmnv va fi mai sub\u021bire \u0219i burta mai plat\u0103.<br \/>\nLa fel corsetul este folosit ca suport pentru spinare.<br \/>\nMulte doamne se \u00eent\u00e2lnesc cu problema ca nu dispare burta de dup\u0103 na\u0219tere, acest corset este cel care va ajut\u0103.<br \/>\nDac\u0103 nu avea\u021bi timp pentru sport, \u0219i nu dori\u021bi s\u0103 a\u0219tepta\u021bi luni \u00eentregi rezultatul dar dori\u021bi s\u0103 ave\u021bi o talie frumoas\u0103 \u00een aceast\u0103 sear\u0103 &#8211; atunci corsetul va ajuta.\u00a0<\/strong><\/p>\n<p><strong>Face\u021bi comanda la noi pe site-l\u0103sa\u021bi m\u0103rimea Dmnv \u00een casetuta, sau scrieti cm la talie, sau \u00een\u0103l\u021bimea \u0219i kg dmnv, \u0219i noi vom alege m\u0103rimea potrivit\u0103.\u00a0<\/strong><\/p>\n<p><strong>Descriere corsetului:<br \/>\nPret 270 de lei<br \/>\nMaterialul &#8211; polyester<br \/>\n\u00cen\u0103l\u021bimea &#8211; 28 cm<br \/>\nCuloarea &#8211; neagr\u0103<\/strong><\/p>","protected":false},"featured_media":9719,"comment_status":"open","ping_status":"closed","template":"","meta":{"om_disable_all_campaigns":false,"_monsterinsights_skip_tracking":false,"_monsterinsights_sitenote_active":false,"_monsterinsights_sitenote_note":"","_monsterinsights_sitenote_category":0},"product_cat":[99,93,147],"product_tag":[],"class_list":{"0":"post-9712","1":"product","2":"type-product","3":"status-publish","4":"has-post-thumbnail","6":"product_cat-imbracaminte-femei","7":"product_cat-imbracaminte-si-accesorii","8":"product_cat-lenjerie-femei","10":"first","11":"instock","12":"sale","13":"shipping-taxable","14":"purchasable","15":"product-type-variable"},"aioseo_notices":[],"jetpack_sharing_enabled":true,"_links":{"self":[{"href":"https:\/\/vendi.md\/ru\/wp-json\/wp\/v2\/product\/9712","targetHints":{"allow":["GET"]}}],"collection":[{"href":"https:\/\/vendi.md\/ru\/wp-json\/wp\/v2\/product"}],"about":[{"href":"https:\/\/vendi.md\/ru\/wp-json\/wp\/v2\/types\/product"}],"replies":[{"embeddable":true,"href":"https:\/\/vendi.md\/ru\/wp-json\/wp\/v2\/comments?post=9712"}],"version-history":[{"count":1,"href":"https:\/\/vendi.md\/ru\/wp-json\/wp\/v2\/product\/9712\/revisions"}],"predecessor-version":[{"id":9721,"href":"https:\/\/vendi.md\/ru\/wp-json\/wp\/v2\/product\/9712\/revisions\/9721"}],"wp:featuredmedia":[{"embeddable":true,"href":"https:\/\/vendi.md\/ru\/wp-json\/wp\/v2\/media\/9719"}],"wp:attachment":[{"href":"https:\/\/vendi.md\/ru\/wp-json\/wp\/v2\/media?parent=9712"}],"wp:term":[{"taxonomy":"product_cat","embeddable":true,"href":"https:\/\/vendi.md\/ru\/wp-json\/wp\/v2\/product_cat?post=9712"},{"taxonomy":"product_tag","embeddable":true,"href":"https:\/\/vendi.md\/ru\/wp-json\/wp\/v2\/product_tag?post=9712"}],"curies":[{"name":"wp","href":"https:\/\/api.w.org\/{rel}","templated":true}]}}