{"id":9699,"date":"2025-04-01T15:20:45","date_gmt":"2025-04-01T13:20:45","guid":{"rendered":"https:\/\/vendi.md\/ru\/?post_type=product&#038;p=9699"},"modified":"2025-09-11T11:26:02","modified_gmt":"2025-09-11T09:26:02","slug":"xbox-series-x-husa-statie-de-incarcare-casti-wireless-hyperx-cont-cu-game-pass","status":"publish","type":"product","link":"https:\/\/vendi.md\/ru\/product\/xbox-series-x-husa-statie-de-incarcare-casti-wireless-hyperx-cont-cu-game-pass\/","title":{"rendered":"Xbox Series X + Hus\u0103 + Sta\u021bie de \u00eenc\u0103rcare + C\u0103\u0219ti wireless HyperX + Cont cu Game Pass"},"content":{"rendered":"<p>V\u00e2nd Xbox Series X \u00een stare excelent\u0103, complet echipat \u0219i gata de utilizare! Ideal pentru gaming de calitate f\u0103r\u0103 investi\u021bii suplimentare.<br \/>\nCe este inclus \u00een pachet:<\/p>\n<p>Consol\u0103 Xbox Series X \u2013 performan\u021b\u0103 puternic\u0103, timpi de \u00eenc\u0103rcare rapizi, gaming \u00een 4K<br \/>\nHus\u0103 original\u0103 pentru Xbox \u2013 transport u\u0219or \u0219i sigur<\/p>\n<p>Sta\u021bie de \u00eenc\u0103rcare cu acumulator \u2013 f\u0103r\u0103 griji legate de baterii<\/p>\n<p>C\u0103\u0219ti wireless HyperX \u2013 sunet de calitate pentru o experien\u021b\u0103 imersiv\u0103<\/p>\n<p>Cont cu abonament activ Game Pass \u2013 sute de jocuri disponibile imediat<\/p>\n<p>Colec\u021bie de jocuri personale \u2013 jocuri excelente deja incluse \u00een cont<\/p>\n<p>Economise\u0219ti pe abonament \u0219i jocuri \u2013 doar porne\u0219te \u0219i joac\u0103!<\/p>","protected":false},"excerpt":{"rendered":"<p>V\u00e2nd Xbox Series X \u00een stare excelent\u0103, complet echipat \u0219i gata de utilizare! Ideal pentru gaming de calitate f\u0103r\u0103 investi\u021bii suplimentare.<\/p>","protected":false},"featured_media":9700,"comment_status":"open","ping_status":"closed","template":"","meta":{"om_disable_all_campaigns":false,"_monsterinsights_skip_tracking":false,"_monsterinsights_sitenote_active":false,"_monsterinsights_sitenote_note":"","_monsterinsights_sitenote_category":0},"product_cat":[128,113],"product_tag":[],"class_list":{"0":"post-9699","1":"product","2":"type-product","3":"status-publish","4":"has-post-thumbnail","6":"product_cat-altele","7":"product_cat-electronice-si-gadgeturi","9":"first","10":"instock","11":"sale","12":"sold-individually","13":"shipping-taxable","14":"purchasable","15":"product-type-simple"},"aioseo_notices":[],"jetpack_sharing_enabled":true,"_links":{"self":[{"href":"https:\/\/vendi.md\/ru\/wp-json\/wp\/v2\/product\/9699","targetHints":{"allow":["GET"]}}],"collection":[{"href":"https:\/\/vendi.md\/ru\/wp-json\/wp\/v2\/product"}],"about":[{"href":"https:\/\/vendi.md\/ru\/wp-json\/wp\/v2\/types\/product"}],"replies":[{"embeddable":true,"href":"https:\/\/vendi.md\/ru\/wp-json\/wp\/v2\/comments?post=9699"}],"version-history":[{"count":2,"href":"https:\/\/vendi.md\/ru\/wp-json\/wp\/v2\/product\/9699\/revisions"}],"predecessor-version":[{"id":10655,"href":"https:\/\/vendi.md\/ru\/wp-json\/wp\/v2\/product\/9699\/revisions\/10655"}],"wp:featuredmedia":[{"embeddable":true,"href":"https:\/\/vendi.md\/ru\/wp-json\/wp\/v2\/media\/9700"}],"wp:attachment":[{"href":"https:\/\/vendi.md\/ru\/wp-json\/wp\/v2\/media?parent=9699"}],"wp:term":[{"taxonomy":"product_cat","embeddable":true,"href":"https:\/\/vendi.md\/ru\/wp-json\/wp\/v2\/product_cat?post=9699"},{"taxonomy":"product_tag","embeddable":true,"href":"https:\/\/vendi.md\/ru\/wp-json\/wp\/v2\/product_tag?post=9699"}],"curies":[{"name":"wp","href":"https:\/\/api.w.org\/{rel}","templated":true}]}}