{"id":9663,"date":"2025-03-08T21:17:08","date_gmt":"2025-03-08T19:17:08","guid":{"rendered":"https:\/\/vendi.md\/?post_type=product&#038;p=9663"},"modified":"2026-05-11T14:34:09","modified_gmt":"2026-05-11T12:34:09","slug":"ceas-barbatesc-swiss-made","status":"publish","type":"product","link":"https:\/\/vendi.md\/ru\/product\/ceas-barbatesc-swiss-made\/","title":{"rendered":"Ceas b\u0103rb\u0103tesc (swiss made)"},"content":{"rendered":"<p>Ceas mecanic b\u0103rb\u0103tesc &#8221;Claude Bernard&#8221;<br \/>\nFabricat \u00een Elve\u021bia (swiss made)<br \/>\nMaterial: O\u021bel, starea 9\/10<br \/>\n\u041c\u0443\u0436\u0441\u043a\u0438\u0435 \u043c\u0435\u0445\u0430\u043d\u0438\u0447\u0435\u0441\u043a\u0438\u0435 \u0447\u0430\u0441\u044b &#8221;Claude Bernard&#8221;<br \/>\n\u041f\u0440\u043e\u0438\u0437\u0432\u0435\u0434\u0435\u043d\u044b \u0432 \u0428\u0432\u0435\u0439\u0446\u0430\u0440\u0438\u0438.<br \/>\n\u041c\u0430\u0442\u0435\u0440\u0438\u0430\u043b: \u041d\u0435\u0440\u0436\u0430\u0432\u0435\u044e\u0449\u0430\u044f \u0441\u0442\u0430\u043b\u044c<br \/>\n\u0441\u043e\u0441\u0442\u043e\u044f\u043d\u0438\u0435 9\/10<\/p>","protected":false},"excerpt":{"rendered":"<p>Ceas b\u0103rb\u0103tesc &#8221;Claude Bernard&#8221;<br \/>\nFabricat \u00een Elve\u021bia<\/p>","protected":false},"featured_media":9664,"comment_status":"open","ping_status":"closed","template":"","meta":{"om_disable_all_campaigns":false,"_monsterinsights_skip_tracking":false,"_monsterinsights_sitenote_active":false,"_monsterinsights_sitenote_note":"","_monsterinsights_sitenote_category":0},"product_cat":[101,98,93],"product_tag":[],"class_list":{"0":"post-9663","1":"product","2":"type-product","3":"status-publish","4":"has-post-thumbnail","6":"product_cat-accesorii-barbati","7":"product_cat-imbracaminte-barbati","8":"product_cat-imbracaminte-si-accesorii","10":"first","11":"instock","12":"sale","13":"shipping-taxable","14":"purchasable","15":"product-type-simple"},"aioseo_notices":[],"jetpack_sharing_enabled":true,"_links":{"self":[{"href":"https:\/\/vendi.md\/ru\/wp-json\/wp\/v2\/product\/9663","targetHints":{"allow":["GET"]}}],"collection":[{"href":"https:\/\/vendi.md\/ru\/wp-json\/wp\/v2\/product"}],"about":[{"href":"https:\/\/vendi.md\/ru\/wp-json\/wp\/v2\/types\/product"}],"replies":[{"embeddable":true,"href":"https:\/\/vendi.md\/ru\/wp-json\/wp\/v2\/comments?post=9663"}],"version-history":[{"count":1,"href":"https:\/\/vendi.md\/ru\/wp-json\/wp\/v2\/product\/9663\/revisions"}],"predecessor-version":[{"id":9666,"href":"https:\/\/vendi.md\/ru\/wp-json\/wp\/v2\/product\/9663\/revisions\/9666"}],"wp:featuredmedia":[{"embeddable":true,"href":"https:\/\/vendi.md\/ru\/wp-json\/wp\/v2\/media\/9664"}],"wp:attachment":[{"href":"https:\/\/vendi.md\/ru\/wp-json\/wp\/v2\/media?parent=9663"}],"wp:term":[{"taxonomy":"product_cat","embeddable":true,"href":"https:\/\/vendi.md\/ru\/wp-json\/wp\/v2\/product_cat?post=9663"},{"taxonomy":"product_tag","embeddable":true,"href":"https:\/\/vendi.md\/ru\/wp-json\/wp\/v2\/product_tag?post=9663"}],"curies":[{"name":"wp","href":"https:\/\/api.w.org\/{rel}","templated":true}]}}