{"id":9497,"date":"2025-02-13T16:50:01","date_gmt":"2025-02-13T14:50:01","guid":{"rendered":"https:\/\/vendi.md\/?post_type=product&#038;p=9497"},"modified":"2025-02-13T16:51:35","modified_gmt":"2025-02-13T14:51:35","slug":"ladita-30x20x11","status":"publish","type":"product","link":"https:\/\/vendi.md\/ru\/product\/ladita-30x20x11\/","title":{"rendered":"L\u0103di\u021b\u0103 30\u00d720\u00d711"},"content":{"rendered":"","protected":false},"excerpt":{"rendered":"","protected":false},"featured_media":9494,"comment_status":"open","ping_status":"closed","template":"","meta":{"om_disable_all_campaigns":false,"_monsterinsights_skip_tracking":false,"_monsterinsights_sitenote_active":false,"_monsterinsights_sitenote_note":"","_monsterinsights_sitenote_category":0},"product_cat":[299,296],"product_tag":[],"class_list":{"0":"post-9497","1":"product","2":"type-product","3":"status-publish","4":"has-post-thumbnail","6":"product_cat-ambalaje","7":"product_cat-cadouri-si-suveniruri","9":"first","10":"instock","11":"downloadable","12":"shipping-taxable","13":"purchasable","14":"product-type-simple"},"aioseo_notices":[],"jetpack_sharing_enabled":true,"_links":{"self":[{"href":"https:\/\/vendi.md\/ru\/wp-json\/wp\/v2\/product\/9497","targetHints":{"allow":["GET"]}}],"collection":[{"href":"https:\/\/vendi.md\/ru\/wp-json\/wp\/v2\/product"}],"about":[{"href":"https:\/\/vendi.md\/ru\/wp-json\/wp\/v2\/types\/product"}],"replies":[{"embeddable":true,"href":"https:\/\/vendi.md\/ru\/wp-json\/wp\/v2\/comments?post=9497"}],"version-history":[{"count":1,"href":"https:\/\/vendi.md\/ru\/wp-json\/wp\/v2\/product\/9497\/revisions"}],"predecessor-version":[{"id":9498,"href":"https:\/\/vendi.md\/ru\/wp-json\/wp\/v2\/product\/9497\/revisions\/9498"}],"wp:featuredmedia":[{"embeddable":true,"href":"https:\/\/vendi.md\/ru\/wp-json\/wp\/v2\/media\/9494"}],"wp:attachment":[{"href":"https:\/\/vendi.md\/ru\/wp-json\/wp\/v2\/media?parent=9497"}],"wp:term":[{"taxonomy":"product_cat","embeddable":true,"href":"https:\/\/vendi.md\/ru\/wp-json\/wp\/v2\/product_cat?post=9497"},{"taxonomy":"product_tag","embeddable":true,"href":"https:\/\/vendi.md\/ru\/wp-json\/wp\/v2\/product_tag?post=9497"}],"curies":[{"name":"wp","href":"https:\/\/api.w.org\/{rel}","templated":true}]}}