{"id":9479,"date":"2025-02-13T16:23:19","date_gmt":"2025-02-13T14:23:19","guid":{"rendered":"https:\/\/vendi.md\/?post_type=product&#038;p=9479"},"modified":"2025-02-13T16:28:34","modified_gmt":"2025-02-13T14:28:34","slug":"ladita-24x24x15","status":"publish","type":"product","link":"https:\/\/vendi.md\/ru\/product\/ladita-24x24x15\/","title":{"rendered":"L\u0103di\u021b\u0103 24\u00d724\u00d715"},"content":{"rendered":"","protected":false},"excerpt":{"rendered":"","protected":false},"featured_media":9480,"comment_status":"open","ping_status":"closed","template":"","meta":{"om_disable_all_campaigns":false,"_monsterinsights_skip_tracking":false,"_monsterinsights_sitenote_active":false,"_monsterinsights_sitenote_note":"","_monsterinsights_sitenote_category":0},"product_cat":[299,296],"product_tag":[],"class_list":{"0":"post-9479","1":"product","2":"type-product","3":"status-publish","4":"has-post-thumbnail","6":"product_cat-ambalaje","7":"product_cat-cadouri-si-suveniruri","9":"first","10":"instock","11":"downloadable","12":"shipping-taxable","13":"purchasable","14":"product-type-simple"},"aioseo_notices":[],"jetpack_sharing_enabled":true,"_links":{"self":[{"href":"https:\/\/vendi.md\/ru\/wp-json\/wp\/v2\/product\/9479","targetHints":{"allow":["GET"]}}],"collection":[{"href":"https:\/\/vendi.md\/ru\/wp-json\/wp\/v2\/product"}],"about":[{"href":"https:\/\/vendi.md\/ru\/wp-json\/wp\/v2\/types\/product"}],"replies":[{"embeddable":true,"href":"https:\/\/vendi.md\/ru\/wp-json\/wp\/v2\/comments?post=9479"}],"version-history":[{"count":1,"href":"https:\/\/vendi.md\/ru\/wp-json\/wp\/v2\/product\/9479\/revisions"}],"predecessor-version":[{"id":9481,"href":"https:\/\/vendi.md\/ru\/wp-json\/wp\/v2\/product\/9479\/revisions\/9481"}],"wp:featuredmedia":[{"embeddable":true,"href":"https:\/\/vendi.md\/ru\/wp-json\/wp\/v2\/media\/9480"}],"wp:attachment":[{"href":"https:\/\/vendi.md\/ru\/wp-json\/wp\/v2\/media?parent=9479"}],"wp:term":[{"taxonomy":"product_cat","embeddable":true,"href":"https:\/\/vendi.md\/ru\/wp-json\/wp\/v2\/product_cat?post=9479"},{"taxonomy":"product_tag","embeddable":true,"href":"https:\/\/vendi.md\/ru\/wp-json\/wp\/v2\/product_tag?post=9479"}],"curies":[{"name":"wp","href":"https:\/\/api.w.org\/{rel}","templated":true}]}}