{"id":8955,"date":"2025-01-26T19:35:14","date_gmt":"2025-01-26T17:35:14","guid":{"rendered":"https:\/\/vendi.md\/?post_type=product&#038;p=8955"},"modified":"2025-01-26T20:02:47","modified_gmt":"2025-01-26T18:02:47","slug":"manechin-mont-marte-pentru-desen","status":"publish","type":"product","link":"https:\/\/vendi.md\/ru\/product\/manechin-mont-marte-pentru-desen\/","title":{"rendered":"Manechin Mont Marte (pentru desen)"},"content":{"rendered":"","protected":false},"excerpt":{"rendered":"<p>Manechinul din lemn Mont Marte, cu stativ deta\u0219abil, este perfect pentru arti\u0219tii de toate nivelurile. Designul s\u0103u ergonomic permite studierea propor\u021biilor corpului uman, \u00eembun\u0103t\u0103\u021bind tehnica de desen \u0219i oferind versatilitate \u00een utilizare. U\u0219or de transportat, acesta este un instrument esen\u021bial pentru fiecare kit de art\u0103.<\/p>","protected":false},"featured_media":8963,"comment_status":"open","ping_status":"closed","template":"","meta":{"om_disable_all_campaigns":false,"_monsterinsights_skip_tracking":false,"_monsterinsights_sitenote_active":false,"_monsterinsights_sitenote_note":"","_monsterinsights_sitenote_category":0},"product_cat":[245,250,241],"product_tag":[],"class_list":{"0":"post-8955","1":"product","2":"type-product","3":"status-publish","4":"has-post-thumbnail","6":"product_cat-arta-vizuala","7":"product_cat-arta-vizuala-altele","8":"product_cat-hobby-uri-si-creatie","10":"first","11":"instock","12":"sold-individually","13":"shipping-taxable","14":"purchasable","15":"product-type-simple"},"aioseo_notices":[],"jetpack_sharing_enabled":true,"_links":{"self":[{"href":"https:\/\/vendi.md\/ru\/wp-json\/wp\/v2\/product\/8955","targetHints":{"allow":["GET"]}}],"collection":[{"href":"https:\/\/vendi.md\/ru\/wp-json\/wp\/v2\/product"}],"about":[{"href":"https:\/\/vendi.md\/ru\/wp-json\/wp\/v2\/types\/product"}],"replies":[{"embeddable":true,"href":"https:\/\/vendi.md\/ru\/wp-json\/wp\/v2\/comments?post=8955"}],"version-history":[{"count":1,"href":"https:\/\/vendi.md\/ru\/wp-json\/wp\/v2\/product\/8955\/revisions"}],"predecessor-version":[{"id":8966,"href":"https:\/\/vendi.md\/ru\/wp-json\/wp\/v2\/product\/8955\/revisions\/8966"}],"wp:featuredmedia":[{"embeddable":true,"href":"https:\/\/vendi.md\/ru\/wp-json\/wp\/v2\/media\/8963"}],"wp:attachment":[{"href":"https:\/\/vendi.md\/ru\/wp-json\/wp\/v2\/media?parent=8955"}],"wp:term":[{"taxonomy":"product_cat","embeddable":true,"href":"https:\/\/vendi.md\/ru\/wp-json\/wp\/v2\/product_cat?post=8955"},{"taxonomy":"product_tag","embeddable":true,"href":"https:\/\/vendi.md\/ru\/wp-json\/wp\/v2\/product_tag?post=8955"}],"curies":[{"name":"wp","href":"https:\/\/api.w.org\/{rel}","templated":true}]}}