{"id":8414,"date":"2025-01-02T15:10:06","date_gmt":"2025-01-02T13:10:06","guid":{"rendered":"https:\/\/vendi.md\/?post_type=product&#038;p=8414"},"modified":"2025-03-06T13:59:35","modified_gmt":"2025-03-06T11:59:35","slug":"sarea-macinata-in-sac-25-kg-2","status":"publish","type":"product","link":"https:\/\/vendi.md\/ru\/product\/sarea-macinata-in-sac-25-kg-2\/","title":{"rendered":"Sarea de Himalaya (\u0413\u0438\u043c\u0430\u043b\u0430\u0439\u0441\u043a\u0430\u044f \u0441\u043e\u043b\u044c) 25 kg"},"content":{"rendered":"<p>Sarea de Himalaya Cristalin\u0103 M\u0103cinat\u0103 este un produs deosebit de calitativ. Aceast\u0103 sare este extras\u0103 din minele de sare ale mun\u021bilor Himalaya, oferindu-v\u0103 puritatea \u0219i calitatea unui produs natural \u0219i beneficii pentru s\u0103n\u0103tate.<br \/>\nSarea de Himalaya Cristalin\u0103 M\u0103cinat\u0103 este alegerea perfect\u0103 pentru cei care doresc s\u0103 aduc\u0103 un plus de calitate \u0219i un gust inconfundabil \u00een m\u00e2nc\u0103rurile lor. Cu ea, ve\u021bi putea experimenta gustul autentic al s\u0103rii de Himalaya, \u00eentr-un ambalaj convenabil, menit s\u0103 v\u0103 \u00eembog\u0103\u021beasc\u0103 experien\u021ba culinar\u0103.<\/p>","protected":false},"excerpt":{"rendered":"<p>Sarea de Himalaya de origine Pakistanez\u0103, 100% natural\u0103.<br \/>\nUn produs de calitatea superioar\u0103!<br \/>\n\u0413\u0438\u043c\u0430\u043b\u0430\u0439\u0441\u043a\u0430\u044f \u0441\u043e\u043b\u044c, \u043f\u0440\u043e\u0438\u0441\u0445\u043e\u0436\u0434\u0435\u043d\u0438\u0435 \u041f\u0430\u043a\u0438\u0441\u0442\u0430\u043d! 100% \u043d\u0430\u0442\u0443\u0440\u0430\u043b\u044c\u043d\u044b\u0439 \u043f\u0440\u043e\u0434\u0443\u043a\u0442 \u0432\u044b\u0441\u0448\u0435\u0433\u043e \u043a\u0430\u0447\u0435\u0441\u0442\u0432\u0430!<\/p>","protected":false},"featured_media":8415,"comment_status":"open","ping_status":"closed","template":"","meta":{"om_disable_all_campaigns":false,"_monsterinsights_skip_tracking":false,"_monsterinsights_sitenote_active":false,"_monsterinsights_sitenote_note":"","_monsterinsights_sitenote_category":0},"product_cat":[329,333,328],"product_tag":[],"class_list":{"0":"post-8414","1":"product","2":"type-product","3":"status-publish","4":"has-post-thumbnail","6":"product_cat-alimente","7":"product_cat-bacanie","8":"product_cat-produse-alimentare","10":"first","11":"instock","12":"sale","13":"shipping-taxable","14":"purchasable","15":"product-type-simple"},"aioseo_notices":[],"jetpack_sharing_enabled":true,"_links":{"self":[{"href":"https:\/\/vendi.md\/ru\/wp-json\/wp\/v2\/product\/8414","targetHints":{"allow":["GET"]}}],"collection":[{"href":"https:\/\/vendi.md\/ru\/wp-json\/wp\/v2\/product"}],"about":[{"href":"https:\/\/vendi.md\/ru\/wp-json\/wp\/v2\/types\/product"}],"replies":[{"embeddable":true,"href":"https:\/\/vendi.md\/ru\/wp-json\/wp\/v2\/comments?post=8414"}],"version-history":[{"count":3,"href":"https:\/\/vendi.md\/ru\/wp-json\/wp\/v2\/product\/8414\/revisions"}],"predecessor-version":[{"id":9652,"href":"https:\/\/vendi.md\/ru\/wp-json\/wp\/v2\/product\/8414\/revisions\/9652"}],"wp:featuredmedia":[{"embeddable":true,"href":"https:\/\/vendi.md\/ru\/wp-json\/wp\/v2\/media\/8415"}],"wp:attachment":[{"href":"https:\/\/vendi.md\/ru\/wp-json\/wp\/v2\/media?parent=8414"}],"wp:term":[{"taxonomy":"product_cat","embeddable":true,"href":"https:\/\/vendi.md\/ru\/wp-json\/wp\/v2\/product_cat?post=8414"},{"taxonomy":"product_tag","embeddable":true,"href":"https:\/\/vendi.md\/ru\/wp-json\/wp\/v2\/product_tag?post=8414"}],"curies":[{"name":"wp","href":"https:\/\/api.w.org\/{rel}","templated":true}]}}