{"id":8375,"date":"2024-12-29T20:03:37","date_gmt":"2024-12-29T18:03:37","guid":{"rendered":"https:\/\/vendi.md\/?post_type=product&#038;p=8375"},"modified":"2024-12-29T20:08:24","modified_gmt":"2024-12-29T18:08:24","slug":"adaptor-ugreen-otg-type-c-la-usb-3-0","status":"publish","type":"product","link":"https:\/\/vendi.md\/ru\/product\/adaptor-ugreen-otg-type-c-la-usb-3-0\/","title":{"rendered":"Adaptor Ugreen OTG Type-C la USB 3.0"},"content":{"rendered":"<p><strong>UGREEN USB C Adapter Type C to USB 3.0 Adapter Thunderbolt 3 Type-C Adapter OTG Cable For Macbook pro Air Samsung S10 S9 USB OTG<\/strong><br \/>\n.<\/p>\n<p>Din ce \u00een ce mai multe laptopuri \u0219i ultrabook-uri noi lansate vor fi echipate cu port USB tip C \u00een locul portului USB A standard. Ne bucur\u0103m de designul portabil super sub\u021bire. Dar, \u00een cur\u00e2nd, g\u0103sim c\u0103 este o mic\u0103 nepl\u0103cere \u0219i ne scade eficien\u021ba muncii noastre, deoarece nu am putut folosi direct mouse-ul USB standard, unitatea flash pe MacBook sau Ultrabook de tip C.<br \/>\n.<\/p>\n<p>Acest mic gadget mic va rezolva problema, ad\u0103ug\u00e2nd un port USB A la dispozitivele compatibile cu USB C, astfel \u00eenc\u00e2t s\u0103 pute\u021bi conecta un periferic USB standard, cum ar fi unitatea flash, hub-ul USB, cablul de imprimant\u0103, cititorul de carduri, tastatura sau mouse-ul etc. la smartphone-ul, tableta, MacBook, laptopul USB c pentru transmiterea datelor.<br \/>\n.<\/p>\n<p>Pentru telefoanele cu suport USB C OTG, acest convertor poate transforma telefonul dvs. \u00een gazd\u0103, apoi v\u0103 pute\u021bi bucura de filme sau muzic\u0103 direct de pe unitatea flash USB. Pute\u021bi, de asemenea, s\u0103 juca\u021bi cu un m\u00e2ner de joc USB, s\u0103 tasta\u021bi cu o tastatur\u0103 etc. Opera\u021biunea mult mai convenabil\u0103 aduce o experien\u021b\u0103 de lucru \u0219i de divertisment mai bun\u0103.<br \/>\n.<\/p>\n<p><strong>Not\u0103<\/strong><br \/>\n.<\/p>\n<p>1. Pentru o experien\u021b\u0103 de utilizare mai bun\u0103, v\u0103 suger\u0103m s\u0103 utiliza\u021bi acest produs pentru transferul de date, dar nu pentru \u00eenc\u0103rcare.<\/p>\n<p>2. Pentru func\u021bia OTG, v\u0103 rug\u0103m s\u0103 v\u0103 asigura\u021bi c\u0103 dispozitivul dvs. este compatibil cu OTG.<\/p>\n<p>3. Pentru Nintendo Switch, func\u021bia OTG este disponibil\u0103 pentru a ata\u0219a un mouse sau o tastatur\u0103, dar nu \u0219i o unitate flash \/ HDD la Nintendo Switch.<br \/>\n&#8211;&#8211;-<br \/>\n<strong>Caracteristici<\/strong><br \/>\n.<\/p>\n<p>Conector tip 1 &#8211;\u00a0USB tip C<br \/>\nConector tip 2 &#8211;\u00a0USB<br \/>\nCuloare\u00a0 &#8211;\u00a0Gri<br \/>\nTip\u00a0 &#8211;\u00a0\u00a0Adaptoare<br \/>\nScop &#8211;\u00a0 Pentru c\u0103\u0219ti, tablete, telefoane, laptop<\/p>","protected":false},"excerpt":{"rendered":"<p>Din ce \u00een ce mai multe laptopuri \u0219i ultrabook-uri noi lansate vor fi echipate cu port USB tip C \u00een locul portului USB A standard.<\/p>\n<p>Ne bucur\u0103m de designul portabil super sub\u021bire.<\/p>\n<p>Dar, \u00een cur\u00e2nd, g\u0103sim c\u0103 este o mic\u0103 nepl\u0103cere \u0219i ne scade eficien\u021ba muncii noastre, deoarece nu am putut folosi direct mouse-ul USB standard, unitatea flash pe MacBook sau Ultrabook de tip C.<\/p>","protected":false},"featured_media":8377,"comment_status":"open","ping_status":"closed","template":"","meta":{"om_disable_all_campaigns":false,"_monsterinsights_skip_tracking":false,"_monsterinsights_sitenote_active":false,"_monsterinsights_sitenote_note":"","_monsterinsights_sitenote_category":0},"product_cat":[121,113,124],"product_tag":[],"class_list":{"0":"post-8375","1":"product","2":"type-product","3":"status-publish","4":"has-post-thumbnail","6":"product_cat-calculatoare-si-laptopuri","7":"product_cat-electronice-si-gadgeturi","8":"product_cat-periferice","10":"first","11":"instock","12":"sold-individually","13":"shipping-taxable","14":"purchasable","15":"product-type-simple"},"aioseo_notices":[],"jetpack_sharing_enabled":true,"_links":{"self":[{"href":"https:\/\/vendi.md\/ru\/wp-json\/wp\/v2\/product\/8375","targetHints":{"allow":["GET"]}}],"collection":[{"href":"https:\/\/vendi.md\/ru\/wp-json\/wp\/v2\/product"}],"about":[{"href":"https:\/\/vendi.md\/ru\/wp-json\/wp\/v2\/types\/product"}],"replies":[{"embeddable":true,"href":"https:\/\/vendi.md\/ru\/wp-json\/wp\/v2\/comments?post=8375"}],"version-history":[{"count":1,"href":"https:\/\/vendi.md\/ru\/wp-json\/wp\/v2\/product\/8375\/revisions"}],"predecessor-version":[{"id":8390,"href":"https:\/\/vendi.md\/ru\/wp-json\/wp\/v2\/product\/8375\/revisions\/8390"}],"wp:featuredmedia":[{"embeddable":true,"href":"https:\/\/vendi.md\/ru\/wp-json\/wp\/v2\/media\/8377"}],"wp:attachment":[{"href":"https:\/\/vendi.md\/ru\/wp-json\/wp\/v2\/media?parent=8375"}],"wp:term":[{"taxonomy":"product_cat","embeddable":true,"href":"https:\/\/vendi.md\/ru\/wp-json\/wp\/v2\/product_cat?post=8375"},{"taxonomy":"product_tag","embeddable":true,"href":"https:\/\/vendi.md\/ru\/wp-json\/wp\/v2\/product_tag?post=8375"}],"curies":[{"name":"wp","href":"https:\/\/api.w.org\/{rel}","templated":true}]}}