{"id":8279,"date":"2024-12-29T18:03:21","date_gmt":"2024-12-29T16:03:21","guid":{"rendered":"https:\/\/vendi.md\/?post_type=product&#038;p=8279"},"modified":"2025-01-27T15:22:22","modified_gmt":"2025-01-27T13:22:22","slug":"ugreen-power-bank-portabil-145w-25000mah","status":"publish","type":"product","link":"https:\/\/vendi.md\/ru\/product\/ugreen-power-bank-portabil-145w-25000mah\/","title":{"rendered":"UGREEN Power Bank Portabil 145W 25000mAh 3-Porturi (pentru Laptop)"},"content":{"rendered":"<p><strong>UGREEN Power Bank Portabil 145W 25000mAh 3-Porturi<br \/>\n.<\/strong><\/p>\n<p>\u25cf 3 porturi de ie\u0219ire de 145W Max<br \/>\n\u25cf \u00cenc\u0103rcare rapid\u0103 PD3.1<br \/>\n\u25cf Capacitate mare de 25000mAh<br \/>\n\u25cf Multiple certific\u0103ri interna\u021bionale<br \/>\n\u25cf Afi\u0219aj digital inteligent<br \/>\n\u25cf Aprobat de companiile aeriane<br \/>\n.<br \/>\n<strong>3 porturi de ie\u0219ire<br \/>\n.<br \/>\n<\/strong>Tip C-2\uff1a65W max.<br \/>\nTip C-1\uff1a140W max<br \/>\nUSB A\uff1a22.5W max<br \/>\n.<\/p>\n<p><strong>\u00cenc\u0103rcare super rapid\u0103 PD3.1 de 140W<\/strong><br \/>\n.<br \/>\nAtunci c\u00e2nd se \u00eencarc\u0103 doar un singur dispozitiv, puterea maxim\u0103 de \u00eenc\u0103rcare a portului USB-C 1 poate ajunge la [140W].<br \/>\n.<br \/>\n<strong>Capacitate mare &#8211; 25000mAh<\/strong><br \/>\n.<br \/>\n\u00cenc\u0103rca\u021bi Macbook Pro 14 de 1,3 ori<br \/>\n\u00cencarc\u0103 Samsung s23 Ultra de 3 ori<br \/>\n\u00cencarc\u0103 Swtich de 4,3 ori<br \/>\n\u00cencarc\u0103 iPhone 14 de 5,6 ori<br \/>\n.<br \/>\n<strong>Mod de curent redus &amp; mai sigur \u0219i mai mult<\/strong><br \/>\n.<br \/>\n\u00cenc\u0103rcare stabil\u0103 pentru dispozitive mici<br \/>\nAp\u0103sa\u021bi butonul timp de trei secunde pentru a activa modul de curent redus<br \/>\n.<br \/>\n<strong>2 ore pentru a \u00eenc\u0103rcare completa pentru acest Ugreen Power Bank *<\/strong><br \/>\n.<br \/>\nSuport\u0103 \u00eenc\u0103rcarea rapid\u0103 USB-C de 65W<br \/>\n*Aceste date sunt ob\u021binute cu \u00eenc\u0103rc\u0103torul UGREEN 65w \u0219i intrarea \u00een port de tip C-1<br \/>\n.<br \/>\n<strong>Aprobat de companiile aeriene<\/strong><br \/>\n.<br \/>\n\u00cel pute\u021bi lua \u00een avioane, in trenuri de mare vitez\u0103 \u0219i \u00een metrou pentru a c\u0103l\u0103tori f\u0103r\u0103 griji.<br \/>\n.<br \/>\n<strong>Baterii de cea mai bun\u0103 calitate<\/strong><br \/>\n.<br \/>\n\u00cenc\u0103rcare sigur\u0103 \u0219i pe termen lung<br \/>\nSe foloseste acela\u0219 element de baterie ca \u0219i pentru modelul Tesla 3 -21700<br \/>\n.<br \/>\n<strong>Protec\u021bie multipl\u0103 si sigur\u0103<\/strong><br \/>\n.<br \/>\n<strong>Certific\u0103ri interna\u021bionale<\/strong><br \/>\n.<br \/>\nA trecut CE FC RoHS Certified<br \/>\nProtec\u021bie la supratensiune<br \/>\nProtec\u021bie la supracurent<br \/>\nProtec\u021bie la supra\u00eenc\u0103rcare<br \/>\nProtec\u021bie la temperaturi ridicate<br \/>\nProtec\u021bie la scurtcircuit<br \/>\n.<br \/>\n<strong>Aspect Premium<br \/>\n<\/strong>.<br \/>\n<strong>Textura metalic\u0103<\/strong><br \/>\n.<br \/>\nAfi\u0219aj inteligent cu LED-uri indicator pentru puterea r\u0103mas\u0103<br \/>\nV0Fire Grade Materie prim\u0103<br \/>\nVopsea cu pulverizare metalic\u0103<br \/>\n.<br \/>\n<strong>Compatibilitate larg\u0103<\/strong><br \/>\n.<br \/>\nNot\u0103: Vezi in foto exemple de modele, toate dispozitivele principale de pe pia\u021b\u0103 sunt compatibile,<br \/>\ndac\u0103 nu sunte\u021bi sigur,\u00a0v\u0103 rug\u0103m s\u0103 consulta\u021bi serviciul clien\u021bi<br \/>\n.<br \/>\n<strong>Parametri produs:<br \/>\n.<\/strong><\/p>\n<p>Brand: UGREEN<br \/>\nProduct name: 25000mAh two-way fast charging power bank<br \/>\nModel: PB205<br \/>\nBattery Type: Li-ion battery<br \/>\nBattery capacity: 25000mAh(gowh)<br \/>\nRated capacity: 14500mAh (TYP5V6A)<br \/>\nTotal output: 5V=6A 9V=6A 12V=6A 15V=6A 20V=7.25A<br \/>\nUSB-C1 output: 5V=3A 9V=3A12V=3A 15V=3A 20V=5A 28V=5A 140W max<br \/>\nUSB-C2 output: 5V=3A 9V=3A 12V=3A 15V=3A 20V=2.25A 20V=3.25A 65w max<br \/>\nUSB-A output: 5V=3A 9V=2A 12V=1.5A 10V=2.25A 22.5w max<br \/>\nUSB-C1 input: 5V=3A 9V=3A 12V=3A 15V=3A 20V=3.25A 65w max<br \/>\nProduct net weight: 513g<br \/>\nProduct Size:160mm*80.8mm*26.7mm<br \/>\n.<br \/>\n<strong>\u00a0Set de livrare<\/strong><br \/>\n.<br \/>\n\u2460Ugreen Power Bank<br \/>\n\u2461Sac de catifea<br \/>\n\u2462 Cutie de culoare la mod\u0103<br \/>\n\u2463Cablu de date 100w c-c (0,5 m)<br \/>\n\u2464Manual cu instruc\u021biuni (engleza)<br \/>\n\u2465 Card de garan\u021bie<\/p>","protected":false},"excerpt":{"rendered":"<p><strong>UGREEN Power Bank Portabil 145W 25000mAh 3-Porturi<br \/>\n.<\/strong><\/p>\n<p>\u25cf 3 porturi de ie\u0219ire de 145W Max<br \/>\n\u25cf \u00cenc\u0103rcare rapid\u0103 PD3.1<br \/>\n\u25cf Capacitate mare de 25000mAh<br \/>\n\u25cf Multiple certific\u0103ri interna\u021bionale<br \/>\n\u25cf Afi\u0219aj digital inteligent<br \/>\n\u25cf Aprobat de companiile aeriane<\/p>","protected":false},"featured_media":8280,"comment_status":"open","ping_status":"closed","template":"","meta":{"om_disable_all_campaigns":false,"_monsterinsights_skip_tracking":false,"_monsterinsights_sitenote_active":false,"_monsterinsights_sitenote_note":"","_monsterinsights_sitenote_category":0},"product_cat":[128,113],"product_tag":[],"class_list":{"0":"post-8279","1":"product","2":"type-product","3":"status-publish","4":"has-post-thumbnail","6":"product_cat-altele","7":"product_cat-electronice-si-gadgeturi","9":"first","10":"instock","11":"shipping-taxable","12":"purchasable","13":"product-type-simple"},"aioseo_notices":[],"jetpack_sharing_enabled":true,"_links":{"self":[{"href":"https:\/\/vendi.md\/ru\/wp-json\/wp\/v2\/product\/8279","targetHints":{"allow":["GET"]}}],"collection":[{"href":"https:\/\/vendi.md\/ru\/wp-json\/wp\/v2\/product"}],"about":[{"href":"https:\/\/vendi.md\/ru\/wp-json\/wp\/v2\/types\/product"}],"replies":[{"embeddable":true,"href":"https:\/\/vendi.md\/ru\/wp-json\/wp\/v2\/comments?post=8279"}],"version-history":[{"count":1,"href":"https:\/\/vendi.md\/ru\/wp-json\/wp\/v2\/product\/8279\/revisions"}],"predecessor-version":[{"id":8291,"href":"https:\/\/vendi.md\/ru\/wp-json\/wp\/v2\/product\/8279\/revisions\/8291"}],"wp:featuredmedia":[{"embeddable":true,"href":"https:\/\/vendi.md\/ru\/wp-json\/wp\/v2\/media\/8280"}],"wp:attachment":[{"href":"https:\/\/vendi.md\/ru\/wp-json\/wp\/v2\/media?parent=8279"}],"wp:term":[{"taxonomy":"product_cat","embeddable":true,"href":"https:\/\/vendi.md\/ru\/wp-json\/wp\/v2\/product_cat?post=8279"},{"taxonomy":"product_tag","embeddable":true,"href":"https:\/\/vendi.md\/ru\/wp-json\/wp\/v2\/product_tag?post=8279"}],"curies":[{"name":"wp","href":"https:\/\/api.w.org\/{rel}","templated":true}]}}