{"id":7803,"date":"2024-12-13T20:55:38","date_gmt":"2024-12-13T18:55:38","guid":{"rendered":"https:\/\/vendi.md\/product\/hikvision-comutator-ds-3e0105d-o\/"},"modified":"2025-01-17T14:25:49","modified_gmt":"2025-01-17T12:25:49","slug":"hikvision-comutator-ds-3e0105d-o","status":"publish","type":"product","link":"https:\/\/vendi.md\/ru\/product\/hikvision-comutator-ds-3e0105d-o\/","title":{"rendered":"Hikvision comutator DS-3E0105D-O"},"content":{"rendered":"<p><strong><b>Hikvision comutator DS-3E0105D-O<br \/>\nComutator de birou. 5 porturi 10\/100 Mbps Ethernet. L\u0103\u021bime de band\u0103 de 1 Gbps. Suport pentru Plug&amp;play. Instalare pe birou sau pe perete. Carcas\u0103 din plastic ABS. Alimentare DC 5V, 0.6 A. Dimensiuni: 83\u00d752\u00d722 mm.\u00a0<\/b><\/strong><\/p>","protected":false},"excerpt":{"rendered":"<p><strong><b>Hikvision comutator DS-3E0105D-O<\/b><\/strong><\/p>","protected":false},"featured_media":7802,"comment_status":"open","ping_status":"closed","template":"","meta":{"om_disable_all_campaigns":false,"_monsterinsights_skip_tracking":false,"_monsterinsights_sitenote_active":false,"_monsterinsights_sitenote_note":"","_monsterinsights_sitenote_category":0},"product_cat":[323,327],"product_tag":[],"class_list":{"0":"post-7803","1":"product","2":"type-product","3":"status-publish","4":"has-post-thumbnail","6":"product_cat-sisteme-de-securitate","7":"product_cat-sisteme-de-securitate-altele","9":"first","10":"instock","11":"shipping-taxable","12":"purchasable","13":"product-type-simple"},"aioseo_notices":[],"jetpack_sharing_enabled":true,"_links":{"self":[{"href":"https:\/\/vendi.md\/ru\/wp-json\/wp\/v2\/product\/7803","targetHints":{"allow":["GET"]}}],"collection":[{"href":"https:\/\/vendi.md\/ru\/wp-json\/wp\/v2\/product"}],"about":[{"href":"https:\/\/vendi.md\/ru\/wp-json\/wp\/v2\/types\/product"}],"replies":[{"embeddable":true,"href":"https:\/\/vendi.md\/ru\/wp-json\/wp\/v2\/comments?post=7803"}],"version-history":[{"count":1,"href":"https:\/\/vendi.md\/ru\/wp-json\/wp\/v2\/product\/7803\/revisions"}],"predecessor-version":[{"id":7804,"href":"https:\/\/vendi.md\/ru\/wp-json\/wp\/v2\/product\/7803\/revisions\/7804"}],"wp:featuredmedia":[{"embeddable":true,"href":"https:\/\/vendi.md\/ru\/wp-json\/wp\/v2\/media\/7802"}],"wp:attachment":[{"href":"https:\/\/vendi.md\/ru\/wp-json\/wp\/v2\/media?parent=7803"}],"wp:term":[{"taxonomy":"product_cat","embeddable":true,"href":"https:\/\/vendi.md\/ru\/wp-json\/wp\/v2\/product_cat?post=7803"},{"taxonomy":"product_tag","embeddable":true,"href":"https:\/\/vendi.md\/ru\/wp-json\/wp\/v2\/product_tag?post=7803"}],"curies":[{"name":"wp","href":"https:\/\/api.w.org\/{rel}","templated":true}]}}