{"id":7799,"date":"2024-12-13T20:45:52","date_gmt":"2024-12-13T18:45:52","guid":{"rendered":"https:\/\/vendi.md\/product\/hikvision-adaptor-de-alimentare-ds-2fa1225-c4-2\/"},"modified":"2024-12-16T18:47:51","modified_gmt":"2024-12-16T16:47:51","slug":"hikvision-adaptor-de-alimentare-ds-2fa1225-c4-2","status":"publish","type":"product","link":"https:\/\/vendi.md\/ru\/product\/hikvision-adaptor-de-alimentare-ds-2fa1225-c4-2\/","title":{"rendered":"Hikvision Adaptor de alimentare DS-2FA1225-C4"},"content":{"rendered":"<p>Adaptorul de alimentare cu\u00a0<strong>curent continuu pe 4 canale, 12V \/ 1A pe fiecare canal<\/strong>, este conceput pentru a furniza alimentare stabilizat\u0103 pentru diverse dispozitive de securitate cu consum redus de putere, cum ar fi camerele de supraveghere, componentele sistemelor de alarm\u0103, monitorizare video \u0219i control acces. Dispozitivul dispune de un\u00a0<strong>comutator cu 3 moduri de func\u021bionare: Normal (12 VDC), Long (13.5 VDC) \u0219i Ex-Long (15 VDC)<\/strong>.<\/p>\n<p>Este echipat cu\u00a0<strong>protec\u021bie \u00eempotriva suprasarcinii de curent, scurtcircuite, supratensiunii \u0219i suprasarcinii de putere<\/strong>. Poate fi montat at\u00e2t pe mas\u0103 c\u00e2t \u0219i pe perete, fiind dotat cu\u00a0<strong>indicator LED pentru fiecare canal, pentru a indica vizual func\u021bionarea acestora<\/strong>. Dimensiunile dispozitivului sunt\u00a0<strong>144\u00d780\u00d733 mm<\/strong>, iar intervalul de temperatur\u0103 de operare este cuprins \u00eentre\u00a0<strong>0\u00b0C \u0219i 40\u00b0C<\/strong>.<\/p>","protected":false},"excerpt":{"rendered":"<p>Hikvision Adaptor de alimentare DS-2FA1225-C4<\/p>","protected":false},"featured_media":7797,"comment_status":"open","ping_status":"closed","template":"","meta":{"om_disable_all_campaigns":false,"_monsterinsights_skip_tracking":false,"_monsterinsights_sitenote_active":false,"_monsterinsights_sitenote_note":"","_monsterinsights_sitenote_category":0},"product_cat":[323,324],"product_tag":[],"class_list":{"0":"post-7799","1":"product","2":"type-product","3":"status-publish","4":"has-post-thumbnail","6":"product_cat-sisteme-de-securitate","7":"product_cat-supraveghere-video","9":"first","10":"instock","11":"shipping-taxable","12":"purchasable","13":"product-type-simple"},"aioseo_notices":[],"jetpack_sharing_enabled":true,"_links":{"self":[{"href":"https:\/\/vendi.md\/ru\/wp-json\/wp\/v2\/product\/7799","targetHints":{"allow":["GET"]}}],"collection":[{"href":"https:\/\/vendi.md\/ru\/wp-json\/wp\/v2\/product"}],"about":[{"href":"https:\/\/vendi.md\/ru\/wp-json\/wp\/v2\/types\/product"}],"replies":[{"embeddable":true,"href":"https:\/\/vendi.md\/ru\/wp-json\/wp\/v2\/comments?post=7799"}],"version-history":[{"count":1,"href":"https:\/\/vendi.md\/ru\/wp-json\/wp\/v2\/product\/7799\/revisions"}],"predecessor-version":[{"id":7800,"href":"https:\/\/vendi.md\/ru\/wp-json\/wp\/v2\/product\/7799\/revisions\/7800"}],"wp:featuredmedia":[{"embeddable":true,"href":"https:\/\/vendi.md\/ru\/wp-json\/wp\/v2\/media\/7797"}],"wp:attachment":[{"href":"https:\/\/vendi.md\/ru\/wp-json\/wp\/v2\/media?parent=7799"}],"wp:term":[{"taxonomy":"product_cat","embeddable":true,"href":"https:\/\/vendi.md\/ru\/wp-json\/wp\/v2\/product_cat?post=7799"},{"taxonomy":"product_tag","embeddable":true,"href":"https:\/\/vendi.md\/ru\/wp-json\/wp\/v2\/product_tag?post=7799"}],"curies":[{"name":"wp","href":"https:\/\/api.w.org\/{rel}","templated":true}]}}