{"id":7795,"date":"2024-12-13T20:39:21","date_gmt":"2024-12-13T18:39:21","guid":{"rendered":"https:\/\/vendi.md\/product\/switch-de-monitorizare-smart-hikvision-ds-3e0106p-em\/"},"modified":"2025-01-07T15:22:06","modified_gmt":"2025-01-07T13:22:06","slug":"switch-de-monitorizare-smart-hikvision-ds-3e0106p-em","status":"publish","type":"product","link":"https:\/\/vendi.md\/ru\/product\/switch-de-monitorizare-smart-hikvision-ds-3e0106p-em\/","title":{"rendered":"Switch de monitorizare SMART Hikvision DS-3E0106P-EM"},"content":{"rendered":"<p><strong>Comutatorul PoE+ pentru desktop<\/strong>\u00a0permite transmiterea simultan\u0103 a puterii \u0219i semnalului pe o distan\u021b\u0103 de p\u00e2n\u0103 la\u00a0<strong>300 de metri<\/strong>. Dispune de\u00a0<strong>4 porturi 10\/100 Mbps (4 porturi PoE)<\/strong>\u00a0\u0219i\u00a0<strong>2 porturi 10\/100 Mbps<\/strong>. Fiecare port PoE poate suporta o sarcin\u0103 maxim\u0103 de\u00a0<strong>30W<\/strong>, iar puterea total\u0103 disponibil\u0103 pentru PoE este de\u00a0<strong>35W<\/strong>. Dispozitivul ofer\u0103 protec\u021bie la tr\u0103snet de\u00a0<strong>6kV<\/strong>\u00a0\u0219i suport\u0103 o l\u0103\u021bime de band\u0103 de\u00a0<strong>1,2 Gbps<\/strong>\u00a0conform standardelor\u00a0<strong>IEEE 802.3af\/at<\/strong>.<\/p>\n<p>Porturile\u00a0<strong>1-2<\/strong>\u00a0sunt prioritare pentru a asigura o gestionare eficient\u0103 a traficului. Comutatorul are un design f\u0103r\u0103 ventilator, cu un corp metalic care ajut\u0103 la o dispersie eficient\u0103 a c\u0103ldurii. Dimensiunile sunt compacte:\u00a0<strong>145x68x26 mm<\/strong>. Intervalul de temperatur\u0103 de operare este cuprins \u00eentre\u00a0<strong>-10\u00b0C \u0219i 40\u00b0C<\/strong>. Alimentarea se realizeaz\u0103 la\u00a0<strong>48 VDC, 0,8 A<\/strong>.<\/p>\n<p>Dispozitivul este proiectat special pentru integrare \u00een sistemele de supraveghere video, oferind fiabilitate \u0219i performan\u021b\u0103 pe termen lung.<\/p>","protected":false},"excerpt":{"rendered":"<p>Switch de monitorizare SMART Hikvision DS-3E0106P-EM<\/p>","protected":false},"featured_media":7794,"comment_status":"open","ping_status":"closed","template":"","meta":{"om_disable_all_campaigns":false,"_monsterinsights_skip_tracking":false,"_monsterinsights_sitenote_active":false,"_monsterinsights_sitenote_note":"","_monsterinsights_sitenote_category":0},"product_cat":[323,324],"product_tag":[],"class_list":{"0":"post-7795","1":"product","2":"type-product","3":"status-publish","4":"has-post-thumbnail","6":"product_cat-sisteme-de-securitate","7":"product_cat-supraveghere-video","9":"first","10":"instock","11":"sale","12":"shipping-taxable","13":"purchasable","14":"product-type-simple"},"aioseo_notices":[],"jetpack_sharing_enabled":true,"_links":{"self":[{"href":"https:\/\/vendi.md\/ru\/wp-json\/wp\/v2\/product\/7795","targetHints":{"allow":["GET"]}}],"collection":[{"href":"https:\/\/vendi.md\/ru\/wp-json\/wp\/v2\/product"}],"about":[{"href":"https:\/\/vendi.md\/ru\/wp-json\/wp\/v2\/types\/product"}],"replies":[{"embeddable":true,"href":"https:\/\/vendi.md\/ru\/wp-json\/wp\/v2\/comments?post=7795"}],"version-history":[{"count":1,"href":"https:\/\/vendi.md\/ru\/wp-json\/wp\/v2\/product\/7795\/revisions"}],"predecessor-version":[{"id":7796,"href":"https:\/\/vendi.md\/ru\/wp-json\/wp\/v2\/product\/7795\/revisions\/7796"}],"wp:featuredmedia":[{"embeddable":true,"href":"https:\/\/vendi.md\/ru\/wp-json\/wp\/v2\/media\/7794"}],"wp:attachment":[{"href":"https:\/\/vendi.md\/ru\/wp-json\/wp\/v2\/media?parent=7795"}],"wp:term":[{"taxonomy":"product_cat","embeddable":true,"href":"https:\/\/vendi.md\/ru\/wp-json\/wp\/v2\/product_cat?post=7795"},{"taxonomy":"product_tag","embeddable":true,"href":"https:\/\/vendi.md\/ru\/wp-json\/wp\/v2\/product_tag?post=7795"}],"curies":[{"name":"wp","href":"https:\/\/api.w.org\/{rel}","templated":true}]}}