{"id":7646,"date":"2024-12-12T16:42:00","date_gmt":"2024-12-12T14:42:00","guid":{"rendered":"https:\/\/vendi.md\/?post_type=product&#038;p=7646"},"modified":"2024-12-16T18:47:42","modified_gmt":"2024-12-16T16:47:42","slug":"suport-pentru-lumanare","status":"publish","type":"product","link":"https:\/\/vendi.md\/ru\/product\/suport-pentru-lumanare\/","title":{"rendered":"Suport pentru lum\u00e2nare"},"content":{"rendered":"<p>Suport pentru Lum\u00e2narea din sare himalayan\u0103 &#8211; este un obiect de interior unic, creat din piatra de sare cristalin\u0103, natural\u0103, extras\u0103 din Himalaya. Aceasta emite o lumin\u0103 cald\u0103 \u0219i pl\u0103cut\u0103 \u0219i creeaz\u0103 o atmosfer\u0103 confortabil\u0103 \u00een orice \u00eenc\u0103pere. Lum\u00e2narea din sare himalayan\u0103 are o nuan\u021b\u0103 roz natural\u0103, care \u00eei confer\u0103 o frumuse\u021be aparte. Atunci c\u00e2nd lum\u00e2narea arde, cur\u0103\u021b\u0103 \u0219i ionizeaz\u0103 aerul, cre\u00e2nd un mediu favorabil pentru s\u0103n\u0103tate \u0219i bun\u0103stare. Acest obiect de decor unic este, de asemenea, o surs\u0103 natural\u0103 de ioni negativi, considera\u021bi benefici pentru organismul nostru. Plasa\u021bi lum\u00e2narea din sare himalayan\u0103 \u00een dormitorul, sufrageria sau biroul dumneavoastr\u0103 pentru a v\u0103 bucura de lumina frumoas\u0103 \u0219i de avantajele pe care le ofer\u0103.<\/p>","protected":false},"excerpt":{"rendered":"<p>Suport pentru Lum\u00e2narea din sare himalayan\u0103 &#8211; este un obiect de interior unic, creat din piatra de sare cristalin\u0103, natural\u0103,&#8230;<\/p>","protected":false},"featured_media":7475,"comment_status":"closed","ping_status":"closed","template":"","meta":{"om_disable_all_campaigns":false,"_monsterinsights_skip_tracking":false,"_monsterinsights_sitenote_active":false,"_monsterinsights_sitenote_note":"","_monsterinsights_sitenote_category":0},"product_cat":[136,143,132],"product_tag":[],"class_list":{"0":"post-7646","1":"product","2":"type-product","3":"status-publish","4":"has-post-thumbnail","6":"product_cat-decoratiuni-si-iluminat","7":"product_cat-iluminat","8":"product_cat-produse-pentru-casa-si-interior","10":"first","11":"instock","12":"shipping-taxable","13":"purchasable","14":"product-type-simple"},"aioseo_notices":[],"jetpack_sharing_enabled":true,"_links":{"self":[{"href":"https:\/\/vendi.md\/ru\/wp-json\/wp\/v2\/product\/7646","targetHints":{"allow":["GET"]}}],"collection":[{"href":"https:\/\/vendi.md\/ru\/wp-json\/wp\/v2\/product"}],"about":[{"href":"https:\/\/vendi.md\/ru\/wp-json\/wp\/v2\/types\/product"}],"replies":[{"embeddable":true,"href":"https:\/\/vendi.md\/ru\/wp-json\/wp\/v2\/comments?post=7646"}],"version-history":[{"count":1,"href":"https:\/\/vendi.md\/ru\/wp-json\/wp\/v2\/product\/7646\/revisions"}],"predecessor-version":[{"id":7690,"href":"https:\/\/vendi.md\/ru\/wp-json\/wp\/v2\/product\/7646\/revisions\/7690"}],"wp:featuredmedia":[{"embeddable":true,"href":"https:\/\/vendi.md\/ru\/wp-json\/wp\/v2\/media\/7475"}],"wp:attachment":[{"href":"https:\/\/vendi.md\/ru\/wp-json\/wp\/v2\/media?parent=7646"}],"wp:term":[{"taxonomy":"product_cat","embeddable":true,"href":"https:\/\/vendi.md\/ru\/wp-json\/wp\/v2\/product_cat?post=7646"},{"taxonomy":"product_tag","embeddable":true,"href":"https:\/\/vendi.md\/ru\/wp-json\/wp\/v2\/product_tag?post=7646"}],"curies":[{"name":"wp","href":"https:\/\/api.w.org\/{rel}","templated":true}]}}