{"id":7640,"date":"2024-12-12T16:41:20","date_gmt":"2024-12-12T14:41:20","guid":{"rendered":"https:\/\/vendi.md\/?post_type=product&#038;p=7640"},"modified":"2024-12-16T18:47:41","modified_gmt":"2024-12-16T16:47:41","slug":"lampi-in-cos-de-metal","status":"publish","type":"product","link":"https:\/\/vendi.md\/ru\/product\/lampi-in-cos-de-metal\/","title":{"rendered":"L\u0103mpi \u00een cos de metal"},"content":{"rendered":"<p>Lampa de sare himalayan\u0103 \u00eentr-un co\u0219 metalic nu este doar un element frumos de decor, ci \u0219i o modalitate excelent\u0103 de a \u00eembun\u0103t\u0103\u021bi calitatea aerului din casa sau biroul dumneavoastr\u0103. Este fabricat\u0103 din sare cristalin\u0103 pur\u0103 din Himalaya, care are propriet\u0103\u021bi benefice pentru s\u0103n\u0103tatea uman\u0103.<\/p>\n<p>Co\u0219ul metalic \u00een care este amplasat\u0103 lampa \u00eei confer\u0103 un aspect modern \u0219i elegant. Aceasta se va potrivi perfect \u00een decorul camerei de zi, dormitorului sau cabinetului dumneavoastr\u0103. Porni\u021bi lampa \u0219i ea va crea o lumin\u0103 moale \u0219i pl\u0103cut\u0103, care v\u0103 va ajuta s\u0103 v\u0103 relaxa\u021bi dup\u0103 o zi lung\u0103 de munc\u0103.<\/p>\n<p>Sarea himalayan\u0103 din care este fabricat\u0103 lampa con\u021bine multe minerale \u0219i oligoelemente, care au un efect benefic asupra organismului uman. Aceasta poate purifica aerul de impurit\u0103\u021bi d\u0103un\u0103toare, \u00eembun\u0103t\u0103\u021bi metabolismul, reduce nivelul de stres \u0219i oboseal\u0103. Plasa\u021bi aceast\u0103 lamp\u0103 \u00een casa sau biroul dumneavoastr\u0103 \u0219i ve\u021bi sim\u021bi cum se \u00eembun\u0103t\u0103\u021be\u0219te calitatea aerului \u0219i s\u0103n\u0103tatea dumneavoastr\u0103.<\/p>\n<p>Lampa de sare himalayan\u0103 \u00eentr-un co\u0219 metalic este un cadou minunat pentru cei care \u00ee\u0219i doresc s\u0103 aib\u0103 grij\u0103 de s\u0103n\u0103tatea lor \u0219i apreciaz\u0103 frumuse\u021bea \u0219i confortul din casa lor. Aceasta va crea o atmosfer\u0103 pl\u0103cut\u0103 \u0219i confortabil\u0103, care va aminti de importan\u021ba \u00eengrijirii de sine \u0219i a propriei s\u0103n\u0103t\u0103\u021bi.<\/p>","protected":false},"excerpt":{"rendered":"<p>Lampa de sare himalayan\u0103 \u00eentr-un co\u0219 metalic nu este doar un element frumos de decor, ci \u0219i o modalitate excelent\u0103&#8230;<\/p>","protected":false},"featured_media":7464,"comment_status":"closed","ping_status":"closed","template":"","meta":{"om_disable_all_campaigns":false,"_monsterinsights_skip_tracking":false,"_monsterinsights_sitenote_active":false,"_monsterinsights_sitenote_note":"","_monsterinsights_sitenote_category":0},"product_cat":[136,143,132],"product_tag":[],"class_list":{"0":"post-7640","1":"product","2":"type-product","3":"status-publish","4":"has-post-thumbnail","6":"product_cat-decoratiuni-si-iluminat","7":"product_cat-iluminat","8":"product_cat-produse-pentru-casa-si-interior","10":"first","11":"instock","12":"shipping-taxable","13":"purchasable","14":"product-type-variable"},"aioseo_notices":[],"jetpack_sharing_enabled":true,"_links":{"self":[{"href":"https:\/\/vendi.md\/ru\/wp-json\/wp\/v2\/product\/7640","targetHints":{"allow":["GET"]}}],"collection":[{"href":"https:\/\/vendi.md\/ru\/wp-json\/wp\/v2\/product"}],"about":[{"href":"https:\/\/vendi.md\/ru\/wp-json\/wp\/v2\/types\/product"}],"replies":[{"embeddable":true,"href":"https:\/\/vendi.md\/ru\/wp-json\/wp\/v2\/comments?post=7640"}],"version-history":[{"count":1,"href":"https:\/\/vendi.md\/ru\/wp-json\/wp\/v2\/product\/7640\/revisions"}],"predecessor-version":[{"id":7689,"href":"https:\/\/vendi.md\/ru\/wp-json\/wp\/v2\/product\/7640\/revisions\/7689"}],"wp:featuredmedia":[{"embeddable":true,"href":"https:\/\/vendi.md\/ru\/wp-json\/wp\/v2\/media\/7464"}],"wp:attachment":[{"href":"https:\/\/vendi.md\/ru\/wp-json\/wp\/v2\/media?parent=7640"}],"wp:term":[{"taxonomy":"product_cat","embeddable":true,"href":"https:\/\/vendi.md\/ru\/wp-json\/wp\/v2\/product_cat?post=7640"},{"taxonomy":"product_tag","embeddable":true,"href":"https:\/\/vendi.md\/ru\/wp-json\/wp\/v2\/product_tag?post=7640"}],"curies":[{"name":"wp","href":"https:\/\/api.w.org\/{rel}","templated":true}]}}