{"id":7639,"date":"2024-12-12T16:41:18","date_gmt":"2024-12-12T14:41:18","guid":{"rendered":"https:\/\/vendi.md\/?post_type=product&#038;p=7639"},"modified":"2024-12-16T18:47:40","modified_gmt":"2024-12-16T16:47:40","slug":"lampi-in-cos-de-lemn","status":"publish","type":"product","link":"https:\/\/vendi.md\/ru\/product\/lampi-in-cos-de-lemn\/","title":{"rendered":"L\u0103mpi \u00een cos de lemn"},"content":{"rendered":"<p>Aceast\u0103 lamp\u0103 de sare Himalayan\u0103 este prezentat\u0103 \u00eentr-un suport rustic, confec\u021bionat din lemn natural, care o face o alegere excelent\u0103 pentru cei care iubesc decorul \u00een stil rustic. Aceast\u0103 lamp\u0103 de sare emite o lumin\u0103 cald\u0103 \u0219i relaxant\u0103, cre\u00e2nd o atmosfer\u0103 pl\u0103cut\u0103 \u00een orice \u00eenc\u0103pere.<\/p>\n<p>Lampa este confec\u021bionat\u0103 din sare Himalayan\u0103 natural\u0103, care a fost format\u0103 \u00een urm\u0103 cu milioane de ani. Aceast\u0103 sare con\u021bine minerale \u0219i oligoelemente esen\u021biale pentru s\u0103n\u0103tatea noastr\u0103, ceea ce face ca aceast\u0103 lamp\u0103 s\u0103 fie nu doar un element de decor, ci \u0219i benefic\u0103 pentru calitatea aerului din \u00eenc\u0103pere.<\/p>\n<p>Cu un design simplu \u0219i elegant, aceast\u0103 lamp\u0103 poate fi amplasat\u0103 \u00een orice \u00eenc\u0103pere, cum ar fi dormitoare, living-uri, birouri sau chiar \u00een spa-uri sau s\u0103li de masaj, pentru a crea o atmosfer\u0103 lini\u0219tit\u0103 \u0219i relaxant\u0103. \u00cen plus, aceast\u0103 lamp\u0103 de sare este u\u0219or de utilizat \u0219i de \u00eentre\u021binut, fiind un cadou ideal pentru cei care \u00ee\u0219i doresc un decor natural \u0219i relaxant \u00een cas\u0103 sau la birou.<\/p>\n<p>Aceast\u0103 lamp\u0103 de sare Himalayan\u0103 \u00eentr-o co\u0219ule\u021b de lemn este o alegere excelent\u0103 pentru a ad\u0103uga un aer de elegan\u021b\u0103 \u0219i lini\u0219te oric\u0103rei \u00eenc\u0103peri. Cump\u0103r\u0103 acum pentru tine sau pentru cineva drag \u0219i bucur\u0103-te de beneficiile sale at\u00e2t pentru s\u0103n\u0103tate, c\u00e2t \u0219i pentru decorul casei tale.<\/p>","protected":false},"excerpt":{"rendered":"<p>Aceast\u0103 lamp\u0103 de sare Himalayan\u0103 este prezentat\u0103 \u00eentr-un suport rustic, confec\u021bionat din lemn natural, care o face o alegere excelent\u0103&#8230;<\/p>","protected":false},"featured_media":7458,"comment_status":"closed","ping_status":"closed","template":"","meta":{"om_disable_all_campaigns":false,"_monsterinsights_skip_tracking":false,"_monsterinsights_sitenote_active":false,"_monsterinsights_sitenote_note":"","_monsterinsights_sitenote_category":0},"product_cat":[136,143,132],"product_tag":[],"class_list":{"0":"post-7639","1":"product","2":"type-product","3":"status-publish","4":"has-post-thumbnail","6":"product_cat-decoratiuni-si-iluminat","7":"product_cat-iluminat","8":"product_cat-produse-pentru-casa-si-interior","10":"first","11":"instock","12":"shipping-taxable","13":"purchasable","14":"product-type-simple"},"aioseo_notices":[],"jetpack_sharing_enabled":true,"_links":{"self":[{"href":"https:\/\/vendi.md\/ru\/wp-json\/wp\/v2\/product\/7639","targetHints":{"allow":["GET"]}}],"collection":[{"href":"https:\/\/vendi.md\/ru\/wp-json\/wp\/v2\/product"}],"about":[{"href":"https:\/\/vendi.md\/ru\/wp-json\/wp\/v2\/types\/product"}],"replies":[{"embeddable":true,"href":"https:\/\/vendi.md\/ru\/wp-json\/wp\/v2\/comments?post=7639"}],"version-history":[{"count":1,"href":"https:\/\/vendi.md\/ru\/wp-json\/wp\/v2\/product\/7639\/revisions"}],"predecessor-version":[{"id":7684,"href":"https:\/\/vendi.md\/ru\/wp-json\/wp\/v2\/product\/7639\/revisions\/7684"}],"wp:featuredmedia":[{"embeddable":true,"href":"https:\/\/vendi.md\/ru\/wp-json\/wp\/v2\/media\/7458"}],"wp:attachment":[{"href":"https:\/\/vendi.md\/ru\/wp-json\/wp\/v2\/media?parent=7639"}],"wp:term":[{"taxonomy":"product_cat","embeddable":true,"href":"https:\/\/vendi.md\/ru\/wp-json\/wp\/v2\/product_cat?post=7639"},{"taxonomy":"product_tag","embeddable":true,"href":"https:\/\/vendi.md\/ru\/wp-json\/wp\/v2\/product_tag?post=7639"}],"curies":[{"name":"wp","href":"https:\/\/api.w.org\/{rel}","templated":true}]}}