{"id":7638,"date":"2024-12-12T16:41:17","date_gmt":"2024-12-12T14:41:17","guid":{"rendered":"https:\/\/vendi.md\/?post_type=product&#038;p=7638"},"modified":"2025-02-26T21:11:30","modified_gmt":"2025-02-26T19:11:30","slug":"lotus","status":"publish","type":"product","link":"https:\/\/vendi.md\/ru\/product\/lotus\/","title":{"rendered":"Lampa din sare (\u0421\u043e\u043b\u0435\u0432\u0430\u044f \u043b\u0430\u043c\u043f\u0430) &#8221;Lotus&#8221;"},"content":{"rendered":"<p>Lampa de sare himalayan\u0103 Lotus este o modalitate minunat\u0103 de a aduce \u00een casa ta o atmosfer\u0103 de pace, armonie \u0219i echilibru. Fabricat\u0103 din sare himalayan\u0103 cristalin\u0103 pur\u0103, are forma unui lotus &#8211; un simbol al purific\u0103rii, revigor\u0103rii \u0219i ilumin\u0103rii.<\/p>\n<p>Aceast\u0103 lamp\u0103 creeaz\u0103 o atmosfer\u0103 confortabil\u0103 \u0219i cald\u0103 \u00een casa ta. C\u00e2nd o porne\u0219ti, \u00eencepe s\u0103 emit\u0103 o lumin\u0103 moale \u0219i calmant\u0103, care aminte\u0219te de lumina apusului de soare. Aceast\u0103 lumin\u0103 creeaz\u0103 o atmosfer\u0103 de lini\u0219te \u0219i pace, care ajut\u0103 s\u0103 te relaxezi dup\u0103 o zi lung\u0103.<\/p>\n<p>Sarea himalayan\u0103 din care este f\u0103cut\u0103 lampa con\u021bine peste 80 de minerale \u0219i microelemente care au un efect benefic asupra s\u0103n\u0103t\u0103\u021bii umane. Ea poate cur\u0103\u021ba aerul de impurit\u0103\u021bile nocive, \u00eembun\u0103t\u0103\u021bi metabolismul, reduce nivelul de stres \u0219i oboseal\u0103, precum \u0219i ajut\u0103 la \u00eent\u0103rirea sistemului imunitar.<\/p>\n<p>Aleg\u00e2nd aceast\u0103 lamp\u0103, alegi nu doar un obiect decorativ frumos, ci \u0219i un instrument pentru \u00eembun\u0103t\u0103\u021birea s\u0103n\u0103t\u0103\u021bii \u0219i bun\u0103st\u0103rii tale. Pune aceast\u0103 lamp\u0103 \u00een dormitorul t\u0103u, living sau birou, \u0219i vei sim\u021bi cum transform\u0103 casa \u0219i via\u021ba ta.<\/p>","protected":false},"excerpt":{"rendered":"<p>Lampa din sare are urm\u0103toare efecte benefice asupra organismului uman:<br \/>\n1. Ionizeaz\u0103, purific\u0103 \u0219i dezinfecteaz\u0103 aerul din \u00eenc\u0103pereQ<br \/>\n2. Trateaz\u0103 boli respiratorii precum astme \u0219i bron\u0219ite!<br \/>\n3. \u00cent\u0103re\u0219te imunitatea!<br \/>\n4. \u00cembun\u0103t\u0103\u021be\u0219te somnul!<\/p>","protected":false},"featured_media":7455,"comment_status":"closed","ping_status":"closed","template":"","meta":{"om_disable_all_campaigns":false,"_monsterinsights_skip_tracking":false,"_monsterinsights_sitenote_active":false,"_monsterinsights_sitenote_note":"","_monsterinsights_sitenote_category":0},"product_cat":[136,143,132],"product_tag":[],"class_list":{"0":"post-7638","1":"product","2":"type-product","3":"status-publish","4":"has-post-thumbnail","6":"product_cat-decoratiuni-si-iluminat","7":"product_cat-iluminat","8":"product_cat-produse-pentru-casa-si-interior","10":"first","11":"instock","12":"shipping-taxable","13":"purchasable","14":"product-type-simple"},"aioseo_notices":[],"jetpack_sharing_enabled":true,"_links":{"self":[{"href":"https:\/\/vendi.md\/ru\/wp-json\/wp\/v2\/product\/7638","targetHints":{"allow":["GET"]}}],"collection":[{"href":"https:\/\/vendi.md\/ru\/wp-json\/wp\/v2\/product"}],"about":[{"href":"https:\/\/vendi.md\/ru\/wp-json\/wp\/v2\/types\/product"}],"replies":[{"embeddable":true,"href":"https:\/\/vendi.md\/ru\/wp-json\/wp\/v2\/comments?post=7638"}],"version-history":[{"count":3,"href":"https:\/\/vendi.md\/ru\/wp-json\/wp\/v2\/product\/7638\/revisions"}],"predecessor-version":[{"id":9595,"href":"https:\/\/vendi.md\/ru\/wp-json\/wp\/v2\/product\/7638\/revisions\/9595"}],"wp:featuredmedia":[{"embeddable":true,"href":"https:\/\/vendi.md\/ru\/wp-json\/wp\/v2\/media\/7455"}],"wp:attachment":[{"href":"https:\/\/vendi.md\/ru\/wp-json\/wp\/v2\/media?parent=7638"}],"wp:term":[{"taxonomy":"product_cat","embeddable":true,"href":"https:\/\/vendi.md\/ru\/wp-json\/wp\/v2\/product_cat?post=7638"},{"taxonomy":"product_tag","embeddable":true,"href":"https:\/\/vendi.md\/ru\/wp-json\/wp\/v2\/product_tag?post=7638"}],"curies":[{"name":"wp","href":"https:\/\/api.w.org\/{rel}","templated":true}]}}