{"id":7636,"date":"2024-12-12T16:41:12","date_gmt":"2024-12-12T14:41:12","guid":{"rendered":"https:\/\/vendi.md\/?post_type=product&#038;p=7636"},"modified":"2025-02-19T21:50:06","modified_gmt":"2025-02-19T19:50:06","slug":"semilunaris","status":"publish","type":"product","link":"https:\/\/vendi.md\/ru\/product\/semilunaris\/","title":{"rendered":"Lampa din sare (\u0421\u043e\u043b\u0435\u0432\u0430\u044f \u043b\u0430\u043c\u043f\u0430) &#8221;Semilunaris&#8221;"},"content":{"rendered":"<p>Semilunaris este o lamp\u0103 de sare din Himalaya care simbolizeaz\u0103 puterea \u0219i regenerarea energiei prin faza de lun\u0103 nou\u0103. \u00cen multe culturi, faza de lun\u0103 nou\u0103 reprezint\u0103 un moment de \u00eenceput, de cur\u0103\u021bare \u0219i de resetare a energiilor noastre interioare. Semilunaris continu\u0103 aceast\u0103 tradi\u021bie, aduc\u00e2nd energia purificatoare \u0219i vindec\u0103toare a s\u0103rii de Himalaya \u00een casele noastre.<\/p>\n<p>Aceast\u0103 lamp\u0103 este confec\u021bionat\u0103 din cristale de sare de Himalaya, fiecare fiind unic\u0103 \u0219i frumoas\u0103 \u00een felul ei. C\u00e2nd este aprins\u0103, lumina bl\u00e2nd\u0103 emanat\u0103 de aceast\u0103 lamp\u0103 creeaz\u0103 o atmosfer\u0103 de calm \u0219i lini\u0219te, ajut\u00e2nd la relaxare \u0219i eliberare de stres. \u00cen plus, aceasta ajut\u0103 la \u00eembun\u0103t\u0103\u021birea calit\u0103\u021bii aerului din cas\u0103, reduc\u00e2nd nivelul de praf \u0219i alergeni \u0219i echilibr\u00e2nd nivelul umidit\u0103\u021bii.<\/p>\n<p>Semilunaris este un simbol puternic al fazei de lun\u0103 nou\u0103, care ne inspir\u0103 s\u0103 ne re\u00eenc\u0103rc\u0103m cu energie \u0219i s\u0103 \u00eencepem lucrurile noi cu un spirit curat \u0219i pozitiv. A\u0219eza\u021bi aceast\u0103 lamp\u0103 \u00een camera dumneavoastr\u0103 de medita\u021bie sau \u00een dormitor, pentru a crea un spa\u021biu de lini\u0219te \u0219i armonie, \u00een care s\u0103 v\u0103 pute\u021bi relaxa \u0219i \u00eenc\u0103rca cu energie pozitiv\u0103. Semilunaris este un cadou minunat pentru oricine dore\u0219te s\u0103 \u00ee\u0219i aduc\u0103 \u00een cas\u0103 energiile regeneratoare ale fazei de lun\u0103 nou\u0103 \u0219i s\u0103 experimenteze beneficiile vindec\u0103toare ale s\u0103rii de Himalaya.<\/p>","protected":false},"excerpt":{"rendered":"<p>Semilunaris este o lamp\u0103 de sare din Himalaya care simbolizeaz\u0103 puterea \u0219i regenerarea energiei prin faza de lun\u0103 nou\u0103. \u00cen&#8230;<\/p>","protected":false},"featured_media":7445,"comment_status":"closed","ping_status":"closed","template":"","meta":{"om_disable_all_campaigns":false,"_monsterinsights_skip_tracking":false,"_monsterinsights_sitenote_active":false,"_monsterinsights_sitenote_note":"","_monsterinsights_sitenote_category":0},"product_cat":[136,143,132],"product_tag":[],"class_list":{"0":"post-7636","1":"product","2":"type-product","3":"status-publish","4":"has-post-thumbnail","6":"product_cat-decoratiuni-si-iluminat","7":"product_cat-iluminat","8":"product_cat-produse-pentru-casa-si-interior","10":"first","11":"instock","12":"sale","13":"shipping-taxable","14":"purchasable","15":"product-type-simple"},"aioseo_notices":[],"jetpack_sharing_enabled":true,"_links":{"self":[{"href":"https:\/\/vendi.md\/ru\/wp-json\/wp\/v2\/product\/7636","targetHints":{"allow":["GET"]}}],"collection":[{"href":"https:\/\/vendi.md\/ru\/wp-json\/wp\/v2\/product"}],"about":[{"href":"https:\/\/vendi.md\/ru\/wp-json\/wp\/v2\/types\/product"}],"replies":[{"embeddable":true,"href":"https:\/\/vendi.md\/ru\/wp-json\/wp\/v2\/comments?post=7636"}],"version-history":[{"count":2,"href":"https:\/\/vendi.md\/ru\/wp-json\/wp\/v2\/product\/7636\/revisions"}],"predecessor-version":[{"id":9526,"href":"https:\/\/vendi.md\/ru\/wp-json\/wp\/v2\/product\/7636\/revisions\/9526"}],"wp:featuredmedia":[{"embeddable":true,"href":"https:\/\/vendi.md\/ru\/wp-json\/wp\/v2\/media\/7445"}],"wp:attachment":[{"href":"https:\/\/vendi.md\/ru\/wp-json\/wp\/v2\/media?parent=7636"}],"wp:term":[{"taxonomy":"product_cat","embeddable":true,"href":"https:\/\/vendi.md\/ru\/wp-json\/wp\/v2\/product_cat?post=7636"},{"taxonomy":"product_tag","embeddable":true,"href":"https:\/\/vendi.md\/ru\/wp-json\/wp\/v2\/product_tag?post=7636"}],"curies":[{"name":"wp","href":"https:\/\/api.w.org\/{rel}","templated":true}]}}