{"id":7635,"date":"2024-12-12T16:41:10","date_gmt":"2024-12-12T14:41:10","guid":{"rendered":"https:\/\/vendi.md\/?post_type=product&#038;p=7635"},"modified":"2025-02-19T21:51:13","modified_gmt":"2025-02-19T19:51:13","slug":"focus-familiae","status":"publish","type":"product","link":"https:\/\/vendi.md\/ru\/product\/focus-familiae\/","title":{"rendered":"Lampa din sare (\u0441\u043e\u043b\u0435\u0432\u0430\u044f \u043b\u0430\u043c\u043f\u0430) &#8221;Focus Familiae&#8221;"},"content":{"rendered":"<p>Focus Familiae &#8211; aceast\u0103 lamp\u0103 de sare din Himalaya ne aduce aminte de c\u0103ldura \u0219i confortul focului din familia noastr\u0103. \u00cen cultura diferitelor popoare, focul familial simbolizeaz\u0103 unitatea, armonia \u0219i dragostea \u00een interiorul familiei, iar Focus Familiae continu\u0103 aceast\u0103 tradi\u021bie.<\/p>\n<p>Focus Familiae nu este doar o lamp\u0103, ci \u0219i un simbol al focului familial. Ne aminte\u0219te de importan\u021ba cre\u0103rii unei atmosfere calde \u0219i confortabile \u00een cas\u0103, unde putem petrece timpul cu cei dragi \u0219i familia noastr\u0103. Ne inspir\u0103 s\u0103 construim rela\u021bii puternice \u0219i bogate spiritual cu cei dragi, cre\u00e2nd \u00eempreun\u0103 adev\u0103rate focare familiale.<\/p>\n<p>Focus Familiae este un cadou perfect pentru cei care apreciaz\u0103 importan\u021ba familiei \u0219i doresc s\u0103 creeze o atmosfer\u0103 confortabil\u0103 \u0219i pl\u0103cut\u0103 \u00een casa lor. A\u0219eza\u021bi aceast\u0103 lamp\u0103 \u00een camera de zi sau dormitor pentru a crea o lumin\u0103 moale \u0219i relaxant\u0103, care ne aminte\u0219te de c\u0103ldura \u0219i dragostea din familia noastr\u0103.<\/p>","protected":false},"excerpt":{"rendered":"<p>Focus Familiae &#8211; aceast\u0103 lamp\u0103 de sare din Himalaya ne aduce aminte de c\u0103ldura \u0219i confortul focului din familia noastr\u0103&#8230;.<\/p>","protected":false},"featured_media":7443,"comment_status":"closed","ping_status":"closed","template":"","meta":{"om_disable_all_campaigns":false,"_monsterinsights_skip_tracking":false,"_monsterinsights_sitenote_active":false,"_monsterinsights_sitenote_note":"","_monsterinsights_sitenote_category":0},"product_cat":[136,143,132],"product_tag":[],"class_list":{"0":"post-7635","1":"product","2":"type-product","3":"status-publish","4":"has-post-thumbnail","6":"product_cat-decoratiuni-si-iluminat","7":"product_cat-iluminat","8":"product_cat-produse-pentru-casa-si-interior","10":"first","11":"instock","12":"shipping-taxable","13":"purchasable","14":"product-type-simple"},"aioseo_notices":[],"jetpack_sharing_enabled":true,"_links":{"self":[{"href":"https:\/\/vendi.md\/ru\/wp-json\/wp\/v2\/product\/7635","targetHints":{"allow":["GET"]}}],"collection":[{"href":"https:\/\/vendi.md\/ru\/wp-json\/wp\/v2\/product"}],"about":[{"href":"https:\/\/vendi.md\/ru\/wp-json\/wp\/v2\/types\/product"}],"replies":[{"embeddable":true,"href":"https:\/\/vendi.md\/ru\/wp-json\/wp\/v2\/comments?post=7635"}],"version-history":[{"count":2,"href":"https:\/\/vendi.md\/ru\/wp-json\/wp\/v2\/product\/7635\/revisions"}],"predecessor-version":[{"id":9527,"href":"https:\/\/vendi.md\/ru\/wp-json\/wp\/v2\/product\/7635\/revisions\/9527"}],"wp:featuredmedia":[{"embeddable":true,"href":"https:\/\/vendi.md\/ru\/wp-json\/wp\/v2\/media\/7443"}],"wp:attachment":[{"href":"https:\/\/vendi.md\/ru\/wp-json\/wp\/v2\/media?parent=7635"}],"wp:term":[{"taxonomy":"product_cat","embeddable":true,"href":"https:\/\/vendi.md\/ru\/wp-json\/wp\/v2\/product_cat?post=7635"},{"taxonomy":"product_tag","embeddable":true,"href":"https:\/\/vendi.md\/ru\/wp-json\/wp\/v2\/product_tag?post=7635"}],"curies":[{"name":"wp","href":"https:\/\/api.w.org\/{rel}","templated":true}]}}