{"id":7634,"date":"2024-12-12T16:41:08","date_gmt":"2024-12-12T14:41:08","guid":{"rendered":"https:\/\/vendi.md\/?post_type=product&#038;p=7634"},"modified":"2024-12-16T18:46:29","modified_gmt":"2024-12-16T16:46:29","slug":"cupa-ignium","status":"publish","type":"product","link":"https:\/\/vendi.md\/ru\/product\/cupa-ignium\/","title":{"rendered":"Cupa Ignium"},"content":{"rendered":"<p>Cupa Amoris este o lamp\u0103 care \u00eentruchipeaz\u0103 simbolismul Marelui iubirii. \u00cen diferite culturi, iubirea este asociat\u0103 cu c\u0103ldura, consolarea \u0219i comunicarea, iar Cupa Amoris continu\u0103 aceast\u0103 tradi\u021bie.<\/p>\n<p>Creat\u0103 din sare cristalin\u0103 din Himalaya, aceast\u0103 lamp\u0103 nu este doar un element frumos de decor, ci contribuie \u0219i la \u00eembun\u0103t\u0103\u021birea calit\u0103\u021bii aerului din camer\u0103 \u0219i la reducerea nivelului de stres. Lumina interioar\u0103 a l\u0103mpii creeaz\u0103 o atmosfer\u0103 moale \u0219i relaxant\u0103, amintindu-ne de importan\u021ba iubirii \u0219i a Marii iubiri.<\/p>\n<p>Cupa Amoris nu este doar o lamp\u0103, ci \u0219i un simbol al Marii noastre iubiri. Marea iubire ne reaminte\u0219te de necesitatea de a ar\u0103ta grij\u0103, compasiune \u0219i bun\u0103tate fa\u021b\u0103 de cei apropia\u021bi \u0219i cei din jurul nostru. Ea ne inspir\u0103 s\u0103 lu\u0103m decizii care s\u0103 consolideze rela\u021biile noastre \u0219i s\u0103 cree\u0103m o via\u021b\u0103 mai spiritual bogat\u0103. Cupa Amoris este un cadou ideal pentru cei care apreciaz\u0103 importan\u021ba iubirii \u0219i doresc s\u0103 creeze o atmosfer\u0103 confortabil\u0103 \u0219i pl\u0103cut\u0103 \u00een casa lor.<\/p>","protected":false},"excerpt":{"rendered":"<p>Cupa Amoris este o lamp\u0103 care \u00eentruchipeaz\u0103 simbolismul Marelui iubirii. \u00cen diferite culturi, iubirea este asociat\u0103 cu c\u0103ldura, consolarea \u0219i&#8230;<\/p>","protected":false},"featured_media":7441,"comment_status":"closed","ping_status":"closed","template":"","meta":{"om_disable_all_campaigns":false,"_monsterinsights_skip_tracking":false,"_monsterinsights_sitenote_active":false,"_monsterinsights_sitenote_note":"","_monsterinsights_sitenote_category":0},"product_cat":[136,143,132],"product_tag":[],"class_list":{"0":"post-7634","1":"product","2":"type-product","3":"status-publish","4":"has-post-thumbnail","6":"product_cat-decoratiuni-si-iluminat","7":"product_cat-iluminat","8":"product_cat-produse-pentru-casa-si-interior","10":"first","11":"instock","12":"sold-individually","13":"shipping-taxable","14":"purchasable","15":"product-type-simple"},"aioseo_notices":[],"jetpack_sharing_enabled":true,"_links":{"self":[{"href":"https:\/\/vendi.md\/ru\/wp-json\/wp\/v2\/product\/7634","targetHints":{"allow":["GET"]}}],"collection":[{"href":"https:\/\/vendi.md\/ru\/wp-json\/wp\/v2\/product"}],"about":[{"href":"https:\/\/vendi.md\/ru\/wp-json\/wp\/v2\/types\/product"}],"replies":[{"embeddable":true,"href":"https:\/\/vendi.md\/ru\/wp-json\/wp\/v2\/comments?post=7634"}],"version-history":[{"count":1,"href":"https:\/\/vendi.md\/ru\/wp-json\/wp\/v2\/product\/7634\/revisions"}],"predecessor-version":[{"id":7672,"href":"https:\/\/vendi.md\/ru\/wp-json\/wp\/v2\/product\/7634\/revisions\/7672"}],"wp:featuredmedia":[{"embeddable":true,"href":"https:\/\/vendi.md\/ru\/wp-json\/wp\/v2\/media\/7441"}],"wp:attachment":[{"href":"https:\/\/vendi.md\/ru\/wp-json\/wp\/v2\/media?parent=7634"}],"wp:term":[{"taxonomy":"product_cat","embeddable":true,"href":"https:\/\/vendi.md\/ru\/wp-json\/wp\/v2\/product_cat?post=7634"},{"taxonomy":"product_tag","embeddable":true,"href":"https:\/\/vendi.md\/ru\/wp-json\/wp\/v2\/product_tag?post=7634"}],"curies":[{"name":"wp","href":"https:\/\/api.w.org\/{rel}","templated":true}]}}