{"id":7633,"date":"2024-12-12T16:41:05","date_gmt":"2024-12-12T14:41:05","guid":{"rendered":"https:\/\/vendi.md\/?post_type=product&#038;p=7633"},"modified":"2025-02-04T17:07:57","modified_gmt":"2025-02-04T15:07:57","slug":"cupa-amoris","status":"publish","type":"product","link":"https:\/\/vendi.md\/ru\/product\/cupa-amoris\/","title":{"rendered":"Cupa Amoris"},"content":{"rendered":"<p>Cupa Ignium este o lamp\u0103 care \u00eencarneaz\u0103 simbolismul Marelui vas de foc. \u00cen diferite culturi, vasul de foc este asociat cu spiritualitatea, iluminarea \u0219i puterea.<\/p>\n<p>Fabricat\u0103 din sare cristalin\u0103 himalayan\u0103, aceast\u0103 lamp\u0103 nu este doar un element de decor frumos, ci \u0219i contribuie la \u00eembun\u0103t\u0103\u021birea calit\u0103\u021bii aerului din interiorul \u00eenc\u0103perii \u0219i la reducerea nivelului de stres. Lumina interioar\u0103 a lampii creeaz\u0103 o atmosfer\u0103 bl\u00e2nd\u0103 \u0219i relaxant\u0103, amintindu-ne de importan\u021ba for\u021bei spirituale \u0219i a Marelui vas de foc.<\/p>\n<p>Cupa Ignium nu este doar o lamp\u0103, ci este un simbol al for\u021bei noastre spirituale. Marele vas de foc ne aminte\u0219te c\u0103 trebuie s\u0103 ne str\u0103duim s\u0103 ne dezvolt\u0103m spiritualitatea \u0219i s\u0103 c\u0103ut\u0103m iluminarea \u00een via\u021ba noastr\u0103. Ne inspir\u0103 s\u0103 c\u0103ut\u0103m sensul profund \u0219i \u00een\u021belegerea locului nostru \u00een lume, dar \u0219i s\u0103 ne d\u0103 puterea de a ajunge la armonie \u0219i echilibru \u00een via\u021b\u0103.<\/p>","protected":false},"excerpt":{"rendered":"<p>Cupa Ignium este o lamp\u0103 care \u00eencarneaz\u0103 simbolismul Marelui vas de foc. \u00cen diferite culturi, vasul de foc este asociat&#8230;<\/p>","protected":false},"featured_media":7435,"comment_status":"closed","ping_status":"closed","template":"","meta":{"om_disable_all_campaigns":false,"_monsterinsights_skip_tracking":false,"_monsterinsights_sitenote_active":false,"_monsterinsights_sitenote_note":"","_monsterinsights_sitenote_category":0},"product_cat":[136,143,132],"product_tag":[],"class_list":{"0":"post-7633","1":"product","2":"type-product","3":"status-publish","4":"has-post-thumbnail","6":"product_cat-decoratiuni-si-iluminat","7":"product_cat-iluminat","8":"product_cat-produse-pentru-casa-si-interior","10":"first","11":"outofstock","12":"sale","13":"shipping-taxable","14":"purchasable","15":"product-type-simple"},"aioseo_notices":[],"jetpack_sharing_enabled":true,"_links":{"self":[{"href":"https:\/\/vendi.md\/ru\/wp-json\/wp\/v2\/product\/7633","targetHints":{"allow":["GET"]}}],"collection":[{"href":"https:\/\/vendi.md\/ru\/wp-json\/wp\/v2\/product"}],"about":[{"href":"https:\/\/vendi.md\/ru\/wp-json\/wp\/v2\/types\/product"}],"replies":[{"embeddable":true,"href":"https:\/\/vendi.md\/ru\/wp-json\/wp\/v2\/comments?post=7633"}],"version-history":[{"count":1,"href":"https:\/\/vendi.md\/ru\/wp-json\/wp\/v2\/product\/7633\/revisions"}],"predecessor-version":[{"id":7671,"href":"https:\/\/vendi.md\/ru\/wp-json\/wp\/v2\/product\/7633\/revisions\/7671"}],"wp:featuredmedia":[{"embeddable":true,"href":"https:\/\/vendi.md\/ru\/wp-json\/wp\/v2\/media\/7435"}],"wp:attachment":[{"href":"https:\/\/vendi.md\/ru\/wp-json\/wp\/v2\/media?parent=7633"}],"wp:term":[{"taxonomy":"product_cat","embeddable":true,"href":"https:\/\/vendi.md\/ru\/wp-json\/wp\/v2\/product_cat?post=7633"},{"taxonomy":"product_tag","embeddable":true,"href":"https:\/\/vendi.md\/ru\/wp-json\/wp\/v2\/product_tag?post=7633"}],"curies":[{"name":"wp","href":"https:\/\/api.w.org\/{rel}","templated":true}]}}