{"id":7632,"date":"2024-12-12T16:41:01","date_gmt":"2024-12-12T14:41:01","guid":{"rendered":"https:\/\/vendi.md\/?post_type=product&#038;p=7632"},"modified":"2025-02-20T17:45:33","modified_gmt":"2025-02-20T15:45:33","slug":"fons-vitae","status":"publish","type":"product","link":"https:\/\/vendi.md\/ru\/product\/fons-vitae\/","title":{"rendered":"Fons Vitae"},"content":{"rendered":"<p>Fons Vitae este o lamp\u0103 care \u00eencarneaz\u0103 simbolismul iubirii. \u00cen cultura universal\u0103, iubirea este una dintre cele mai puternice for\u021be \u0219i Fons Vitae continu\u0103 aceast\u0103 tradi\u021bie.<\/p>\n<p>Creat\u0103 din cristalina sare din Himalaya, aceast\u0103 lamp\u0103 nu numai c\u0103 este un element frumos de decor, dar ajut\u0103 \u0219i la \u00eembun\u0103t\u0103\u021birea calit\u0103\u021bii aerului din \u00eenc\u0103pere \u0219i la reducerea nivelului de stres. Lumina interioar\u0103 a l\u0103mpii creeaz\u0103 o atmosfer\u0103 cald\u0103 \u0219i relaxant\u0103, amintindu-ne despre importan\u021ba iubirii \u00een via\u021ba noastr\u0103.<\/p>\n<p>Fons Vitae nu este doar o lamp\u0103, ci \u0219i un simbol al iubirii noastre de sine \u0219i a iubirii fa\u021b\u0103 de ceilal\u021bi. Iubirea ne aminte\u0219te c\u0103 suntem fiin\u021be umane conectate, c\u0103 putem s\u0103 ne iubim unii pe al\u021bii \u0219i c\u0103 putem tr\u0103i \u00eempreun\u0103 \u00een armonie \u0219i pace. Aceast\u0103 lamp\u0103 ne aminte\u0219te de importan\u021ba dragostei \u00een via\u021ba noastr\u0103 \u0219i ne \u00eencurajeaz\u0103 s\u0103 fim mai buni \u0219i s\u0103 ne trat\u0103m reciproc cu iubire \u0219i respect.<\/p>","protected":false},"excerpt":{"rendered":"<p>Fons Vitae este o lamp\u0103 care \u00eencarneaz\u0103 simbolismul iubirii. \u00cen cultura universal\u0103, iubirea este una dintre cele mai puternice for\u021be&#8230;<\/p>","protected":false},"featured_media":7432,"comment_status":"closed","ping_status":"closed","template":"","meta":{"om_disable_all_campaigns":false,"_monsterinsights_skip_tracking":false,"_monsterinsights_sitenote_active":false,"_monsterinsights_sitenote_note":"","_monsterinsights_sitenote_category":0},"product_cat":[136,143,132],"product_tag":[],"class_list":{"0":"post-7632","1":"product","2":"type-product","3":"status-publish","4":"has-post-thumbnail","6":"product_cat-decoratiuni-si-iluminat","7":"product_cat-iluminat","8":"product_cat-produse-pentru-casa-si-interior","10":"first","11":"outofstock","12":"sale","13":"shipping-taxable","14":"purchasable","15":"product-type-variable","16":"has-default-attributes"},"aioseo_notices":[],"jetpack_sharing_enabled":true,"_links":{"self":[{"href":"https:\/\/vendi.md\/ru\/wp-json\/wp\/v2\/product\/7632","targetHints":{"allow":["GET"]}}],"collection":[{"href":"https:\/\/vendi.md\/ru\/wp-json\/wp\/v2\/product"}],"about":[{"href":"https:\/\/vendi.md\/ru\/wp-json\/wp\/v2\/types\/product"}],"replies":[{"embeddable":true,"href":"https:\/\/vendi.md\/ru\/wp-json\/wp\/v2\/comments?post=7632"}],"version-history":[{"count":2,"href":"https:\/\/vendi.md\/ru\/wp-json\/wp\/v2\/product\/7632\/revisions"}],"predecessor-version":[{"id":9567,"href":"https:\/\/vendi.md\/ru\/wp-json\/wp\/v2\/product\/7632\/revisions\/9567"}],"wp:featuredmedia":[{"embeddable":true,"href":"https:\/\/vendi.md\/ru\/wp-json\/wp\/v2\/media\/7432"}],"wp:attachment":[{"href":"https:\/\/vendi.md\/ru\/wp-json\/wp\/v2\/media?parent=7632"}],"wp:term":[{"taxonomy":"product_cat","embeddable":true,"href":"https:\/\/vendi.md\/ru\/wp-json\/wp\/v2\/product_cat?post=7632"},{"taxonomy":"product_tag","embeddable":true,"href":"https:\/\/vendi.md\/ru\/wp-json\/wp\/v2\/product_tag?post=7632"}],"curies":[{"name":"wp","href":"https:\/\/api.w.org\/{rel}","templated":true}]}}