{"id":7610,"date":"2024-12-11T16:03:53","date_gmt":"2024-12-11T14:03:53","guid":{"rendered":"https:\/\/vendi.md\/?post_type=product&#038;p=7610"},"modified":"2026-02-08T20:18:42","modified_gmt":"2026-02-08T18:18:42","slug":"bolid","status":"publish","type":"product","link":"https:\/\/vendi.md\/ru\/product\/bolid\/","title":{"rendered":"Lampa din sare de Himalaya &#8222;Bolid&#8221;"},"content":{"rendered":"<p>Sarea de Himalaya, 100% natural\u0103, pe un suport de lemn. Dotat\u0103 cu riostat.<br \/>\nSoclu E14, bec 15w.<br \/>\nLampa din sare are urm\u0103toare efecte benefice asupra organismului uman:<br \/>\n1. Ionizeaz\u0103, purific\u0103 \u0219i dezinfecteaz\u0103 aerul din \u00eenc\u0103pereQ<br \/>\n2. Trateaz\u0103 boli respiratorii precum astme \u0219i bron\u0219ite!<br \/>\n3. \u00cent\u0103re\u0219te imunitatea!<br \/>\n4. \u00cembun\u0103t\u0103\u021be\u0219te somnul!<\/p>","protected":false},"excerpt":{"rendered":"<p><em>Articole afi\u0219ate pe site sunt drept poze-exemple. <\/em><br \/>\n<em>Aceste pot avea forme, dimensiuni \u0219i nuan\u021be cromatice pu\u021bin diferite \u00een limit\u0103 massei indicate. <\/em><\/p>","protected":false},"featured_media":7362,"comment_status":"closed","ping_status":"closed","template":"","meta":{"om_disable_all_campaigns":false,"_monsterinsights_skip_tracking":false,"_monsterinsights_sitenote_active":false,"_monsterinsights_sitenote_note":"","_monsterinsights_sitenote_category":0},"product_cat":[136,143,132],"product_tag":[],"class_list":{"0":"post-7610","1":"product","2":"type-product","3":"status-publish","4":"has-post-thumbnail","6":"product_cat-decoratiuni-si-iluminat","7":"product_cat-iluminat","8":"product_cat-produse-pentru-casa-si-interior","10":"first","11":"instock","12":"sale","13":"featured","14":"shipping-taxable","15":"purchasable","16":"product-type-variable"},"aioseo_notices":[],"jetpack_sharing_enabled":true,"_links":{"self":[{"href":"https:\/\/vendi.md\/ru\/wp-json\/wp\/v2\/product\/7610","targetHints":{"allow":["GET"]}}],"collection":[{"href":"https:\/\/vendi.md\/ru\/wp-json\/wp\/v2\/product"}],"about":[{"href":"https:\/\/vendi.md\/ru\/wp-json\/wp\/v2\/types\/product"}],"replies":[{"embeddable":true,"href":"https:\/\/vendi.md\/ru\/wp-json\/wp\/v2\/comments?post=7610"}],"version-history":[{"count":5,"href":"https:\/\/vendi.md\/ru\/wp-json\/wp\/v2\/product\/7610\/revisions"}],"predecessor-version":[{"id":9594,"href":"https:\/\/vendi.md\/ru\/wp-json\/wp\/v2\/product\/7610\/revisions\/9594"}],"wp:featuredmedia":[{"embeddable":true,"href":"https:\/\/vendi.md\/ru\/wp-json\/wp\/v2\/media\/7362"}],"wp:attachment":[{"href":"https:\/\/vendi.md\/ru\/wp-json\/wp\/v2\/media?parent=7610"}],"wp:term":[{"taxonomy":"product_cat","embeddable":true,"href":"https:\/\/vendi.md\/ru\/wp-json\/wp\/v2\/product_cat?post=7610"},{"taxonomy":"product_tag","embeddable":true,"href":"https:\/\/vendi.md\/ru\/wp-json\/wp\/v2\/product_tag?post=7610"}],"curies":[{"name":"wp","href":"https:\/\/api.w.org\/{rel}","templated":true}]}}