{"id":7605,"date":"2024-12-11T15:56:47","date_gmt":"2024-12-11T13:56:47","guid":{"rendered":"https:\/\/vendi.md\/?post_type=product&#038;p=7605"},"modified":"2025-02-19T21:51:50","modified_gmt":"2025-02-19T19:51:50","slug":"porta-coeli","status":"publish","type":"product","link":"https:\/\/vendi.md\/ru\/product\/porta-coeli\/","title":{"rendered":"Lampa din sare (\u0441\u043e\u043b\u0435\u0432\u0430\u044f \u043b\u0430\u043c\u043f\u0430) &#8221;Porta Coeli&#8221;&#8217;"},"content":{"rendered":"<p>Porta Coeli &#8211; este o lamp\u0103 care \u00eentruchipeaz\u0103 puternica simbolistic\u0103 a Sfintei Cruci. Simbolismul crucii este unul dintre principalele motive \u00een cultur\u0103 \u0219i art\u0103, iar Porta Coeli continu\u0103 aceast\u0103 tradi\u021bie.<\/p>\n<p>Realizat\u0103 din sare cristalin\u0103 din Himalaya, aceast\u0103 lamp\u0103 nu este doar o elegant\u0103 decora\u021biune pentru cas\u0103, ci contribuie \u0219i la \u00eembun\u0103t\u0103\u021birea s\u0103n\u0103t\u0103\u021bii \u0219i bun\u0103st\u0103rii. Lumina interioar\u0103 a lampei creeaz\u0103 o atmosfer\u0103 de confort \u0219i pace, amintindu-ne de importan\u021ba vie\u021bii spirituale \u0219i a leg\u0103turii noastre cu divinul.<\/p>\n<p>Porta Coeli nu este doar o lamp\u0103, ci un simbol al credin\u021bei \u0219i speran\u021bei noastre. Crucea este simbolul vie\u021bii \u0219i al mor\u021bii, amintindu-ne c\u0103 nu suntem singuri \u0219i c\u0103 \u00eentotdeauna exist\u0103 speran\u021b\u0103. Ne inspir\u0103 s\u0103 tr\u0103im cu credin\u021b\u0103 \u0219i speran\u021b\u0103 \u0219i s\u0103 g\u0103sim armonie \u0219i lini\u0219te interioar\u0103, oferindu-ne lumin\u0103 \u0219i iubire.<\/p>","protected":false},"excerpt":{"rendered":"<p>Porta Coeli &#8211; este o lamp\u0103 care \u00eentruchipeaz\u0103 puternica simbolistic\u0103 a Sfintei Cruci. Simbolismul crucii este unul dintre principalele motive&#8230;<\/p>","protected":false},"featured_media":7427,"comment_status":"closed","ping_status":"closed","template":"","meta":{"om_disable_all_campaigns":false,"_monsterinsights_skip_tracking":false,"_monsterinsights_sitenote_active":false,"_monsterinsights_sitenote_note":"","_monsterinsights_sitenote_category":0},"product_cat":[136,143,132],"product_tag":[],"class_list":{"0":"post-7605","1":"product","2":"type-product","3":"status-publish","4":"has-post-thumbnail","6":"product_cat-decoratiuni-si-iluminat","7":"product_cat-iluminat","8":"product_cat-produse-pentru-casa-si-interior","10":"first","11":"instock","12":"shipping-taxable","13":"purchasable","14":"product-type-simple"},"aioseo_notices":[],"jetpack_sharing_enabled":true,"_links":{"self":[{"href":"https:\/\/vendi.md\/ru\/wp-json\/wp\/v2\/product\/7605","targetHints":{"allow":["GET"]}}],"collection":[{"href":"https:\/\/vendi.md\/ru\/wp-json\/wp\/v2\/product"}],"about":[{"href":"https:\/\/vendi.md\/ru\/wp-json\/wp\/v2\/types\/product"}],"replies":[{"embeddable":true,"href":"https:\/\/vendi.md\/ru\/wp-json\/wp\/v2\/comments?post=7605"}],"version-history":[{"count":2,"href":"https:\/\/vendi.md\/ru\/wp-json\/wp\/v2\/product\/7605\/revisions"}],"predecessor-version":[{"id":9528,"href":"https:\/\/vendi.md\/ru\/wp-json\/wp\/v2\/product\/7605\/revisions\/9528"}],"wp:featuredmedia":[{"embeddable":true,"href":"https:\/\/vendi.md\/ru\/wp-json\/wp\/v2\/media\/7427"}],"wp:attachment":[{"href":"https:\/\/vendi.md\/ru\/wp-json\/wp\/v2\/media?parent=7605"}],"wp:term":[{"taxonomy":"product_cat","embeddable":true,"href":"https:\/\/vendi.md\/ru\/wp-json\/wp\/v2\/product_cat?post=7605"},{"taxonomy":"product_tag","embeddable":true,"href":"https:\/\/vendi.md\/ru\/wp-json\/wp\/v2\/product_tag?post=7605"}],"curies":[{"name":"wp","href":"https:\/\/api.w.org\/{rel}","templated":true}]}}