{"id":7603,"date":"2024-12-11T15:56:44","date_gmt":"2024-12-11T13:56:44","guid":{"rendered":"https:\/\/vendi.md\/?post_type=product&#038;p=7603"},"modified":"2025-02-19T21:53:00","modified_gmt":"2025-02-19T19:53:00","slug":"obelisk","status":"publish","type":"product","link":"https:\/\/vendi.md\/ru\/product\/obelisk\/","title":{"rendered":"Lampa din sare (\u0441\u043e\u043b\u0435\u0432\u0430\u044f \u043b\u0430\u043c\u043f\u0430) &#8221;Obelisk&#8221;"},"content":{"rendered":"<p>Obelisk este o lamp\u0103 de sare din Himalaya inspirat\u0103 de legendele antice ale Egiptului. Numele obeliscului vine de la obeliscul egiptean &#8211; o structur\u0103 \u00eenalt\u0103, vertical\u0103, care simbolizeaz\u0103 putere \u0219i stabilitate.<\/p>\n<p>Aceast\u0103 lamp\u0103 unic\u0103 este f\u0103cut\u0103 din cristale de sare din mun\u021bii Himalaya, aduse \u00een via\u021b\u0103 de c\u0103ldura luminii sale bl\u00e2nde \u0219i calde. \u00cen tradi\u021bia egiptean\u0103, obeliscul era considerat o leg\u0103tur\u0103 \u00eentre P\u0103m\u00e2nt \u0219i cer, o cale prin care energia cosmic\u0103 putea s\u0103 circule liber.<\/p>\n<p>Lumina emanat\u0103 de Obelisk creeaz\u0103 o atmosfer\u0103 magic\u0103 \u0219i relaxant\u0103 \u00een \u00eenc\u0103pere, ajut\u00e2nd la reducerea stresului \u0219i a anxiet\u0103\u021bii \u0219i \u00eembun\u0103t\u0103\u021bind calitatea somnului. Aceast\u0103 lamp\u0103 de sare este o modalitate perfect\u0103 de a aduce o not\u0103 de mister \u0219i misticism \u00een orice \u00eenc\u0103pere.<\/p>\n<p>Fie c\u0103 este a\u0219ezat\u0103 \u00een camera de zi, \u00een dormitor sau \u00een birou, Obelisk este o lamp\u0103 de sare deosebit\u0103 care poate s\u0103 aduc\u0103 un sentiment de pace \u0219i armonie \u00een locul \u00een care este plasat\u0103. \u00cen plus, cristalele sale de sare din Himalaya pot s\u0103 ajute la purificarea aerului \u0219i la \u00eembun\u0103t\u0103\u021birea st\u0103rii generale de s\u0103n\u0103tate.<\/p>","protected":false},"excerpt":{"rendered":"<p>Obelisk este o lamp\u0103 de sare din Himalaya inspirat\u0103 de legendele antice ale Egiptului. Numele obeliscului vine de la obeliscul&#8230;<\/p>","protected":false},"featured_media":7418,"comment_status":"closed","ping_status":"closed","template":"","meta":{"om_disable_all_campaigns":false,"_monsterinsights_skip_tracking":false,"_monsterinsights_sitenote_active":false,"_monsterinsights_sitenote_note":"","_monsterinsights_sitenote_category":0},"product_cat":[136,143,132],"product_tag":[],"class_list":{"0":"post-7603","1":"product","2":"type-product","3":"status-publish","4":"has-post-thumbnail","6":"product_cat-decoratiuni-si-iluminat","7":"product_cat-iluminat","8":"product_cat-produse-pentru-casa-si-interior","10":"first","11":"instock","12":"sale","13":"shipping-taxable","14":"purchasable","15":"product-type-simple"},"aioseo_notices":[],"jetpack_sharing_enabled":true,"_links":{"self":[{"href":"https:\/\/vendi.md\/ru\/wp-json\/wp\/v2\/product\/7603","targetHints":{"allow":["GET"]}}],"collection":[{"href":"https:\/\/vendi.md\/ru\/wp-json\/wp\/v2\/product"}],"about":[{"href":"https:\/\/vendi.md\/ru\/wp-json\/wp\/v2\/types\/product"}],"replies":[{"embeddable":true,"href":"https:\/\/vendi.md\/ru\/wp-json\/wp\/v2\/comments?post=7603"}],"version-history":[{"count":2,"href":"https:\/\/vendi.md\/ru\/wp-json\/wp\/v2\/product\/7603\/revisions"}],"predecessor-version":[{"id":9530,"href":"https:\/\/vendi.md\/ru\/wp-json\/wp\/v2\/product\/7603\/revisions\/9530"}],"wp:featuredmedia":[{"embeddable":true,"href":"https:\/\/vendi.md\/ru\/wp-json\/wp\/v2\/media\/7418"}],"wp:attachment":[{"href":"https:\/\/vendi.md\/ru\/wp-json\/wp\/v2\/media?parent=7603"}],"wp:term":[{"taxonomy":"product_cat","embeddable":true,"href":"https:\/\/vendi.md\/ru\/wp-json\/wp\/v2\/product_cat?post=7603"},{"taxonomy":"product_tag","embeddable":true,"href":"https:\/\/vendi.md\/ru\/wp-json\/wp\/v2\/product_tag?post=7603"}],"curies":[{"name":"wp","href":"https:\/\/api.w.org\/{rel}","templated":true}]}}