{"id":7602,"date":"2024-12-11T15:56:42","date_gmt":"2024-12-11T13:56:42","guid":{"rendered":"https:\/\/vendi.md\/?post_type=product&#038;p=7602"},"modified":"2025-02-19T21:54:47","modified_gmt":"2025-02-19T19:54:47","slug":"pilarus-mundi","status":"publish","type":"product","link":"https:\/\/vendi.md\/ru\/product\/pilarus-mundi\/","title":{"rendered":"Lampa din sare (\u0441\u043e\u043b\u0435\u0432\u0430\u044f \u043b\u0430\u043c\u043f\u0430) &#8221;Pilarus Mundi&#8221;"},"content":{"rendered":"<p>Pilarus Mundi &#8211; lampa creat\u0103 cu inspira\u021bie din legende \u0219i mituri din vremuri str\u0103vechi. Ideea legat\u0103 de conexiunea dintre p\u0103m\u00e2nt \u0219i cer, interac\u021biunea materiei \u0219i spiritului st\u0103 la baza acestei lame. Numele Pilarus Mundi provine din legenda despre stalpul lumii &#8211; st\u00e2lpul principal care sus\u021bine lumea \u00een integritate \u0219i armonie.<\/p>\n<p>F\u0103cut\u0103 din sare cristalin\u0103 din Himalaya, aceast\u0103 lamp\u0103 este un simbol al echilibrului \u0219i armoniei. Lumina interioar\u0103 a lamei creeaz\u0103 o atmosfer\u0103 magic\u0103 \u0219i aminte\u0219te de leg\u0103tura omului cu natura. De asemenea, aceasta are propriet\u0103\u021bi terapeutice, ajut\u00e2nd la reducerea stresului \u0219i \u00eembun\u0103t\u0103\u021birea st\u0103rii de spirit.<\/p>\n<p>Pilarus Mundi nu este doar o simpl\u0103 lamp\u0103, este un simbol al m\u0103re\u021biei \u0219i puterii p\u0103m\u00e2ntului, plin de energie mistic\u0103 \u0219i for\u021b\u0103. Acesta ne reaminte\u0219te de importan\u021ba echilibrului \u0219i armoniei \u00een via\u021ba noastr\u0103, precum \u0219i de leg\u0103tura noastr\u0103 cu natura \u0219i universul.<\/p>","protected":false},"excerpt":{"rendered":"<p>Pilarus Mundi &#8211; lampa creat\u0103 cu inspira\u021bie din legende \u0219i mituri din vremuri str\u0103vechi. Ideea legat\u0103 de conexiunea dintre p\u0103m\u00e2nt&#8230;<\/p>","protected":false},"featured_media":7415,"comment_status":"closed","ping_status":"closed","template":"","meta":{"om_disable_all_campaigns":false,"_monsterinsights_skip_tracking":false,"_monsterinsights_sitenote_active":false,"_monsterinsights_sitenote_note":"","_monsterinsights_sitenote_category":0},"product_cat":[136,143,132],"product_tag":[],"class_list":{"0":"post-7602","1":"product","2":"type-product","3":"status-publish","4":"has-post-thumbnail","6":"product_cat-decoratiuni-si-iluminat","7":"product_cat-iluminat","8":"product_cat-produse-pentru-casa-si-interior","10":"first","11":"instock","12":"shipping-taxable","13":"purchasable","14":"product-type-simple"},"aioseo_notices":[],"jetpack_sharing_enabled":true,"_links":{"self":[{"href":"https:\/\/vendi.md\/ru\/wp-json\/wp\/v2\/product\/7602","targetHints":{"allow":["GET"]}}],"collection":[{"href":"https:\/\/vendi.md\/ru\/wp-json\/wp\/v2\/product"}],"about":[{"href":"https:\/\/vendi.md\/ru\/wp-json\/wp\/v2\/types\/product"}],"replies":[{"embeddable":true,"href":"https:\/\/vendi.md\/ru\/wp-json\/wp\/v2\/comments?post=7602"}],"version-history":[{"count":2,"href":"https:\/\/vendi.md\/ru\/wp-json\/wp\/v2\/product\/7602\/revisions"}],"predecessor-version":[{"id":9532,"href":"https:\/\/vendi.md\/ru\/wp-json\/wp\/v2\/product\/7602\/revisions\/9532"}],"wp:featuredmedia":[{"embeddable":true,"href":"https:\/\/vendi.md\/ru\/wp-json\/wp\/v2\/media\/7415"}],"wp:attachment":[{"href":"https:\/\/vendi.md\/ru\/wp-json\/wp\/v2\/media?parent=7602"}],"wp:term":[{"taxonomy":"product_cat","embeddable":true,"href":"https:\/\/vendi.md\/ru\/wp-json\/wp\/v2\/product_cat?post=7602"},{"taxonomy":"product_tag","embeddable":true,"href":"https:\/\/vendi.md\/ru\/wp-json\/wp\/v2\/product_tag?post=7602"}],"curies":[{"name":"wp","href":"https:\/\/api.w.org\/{rel}","templated":true}]}}