{"id":7601,"date":"2024-12-11T15:56:39","date_gmt":"2024-12-11T13:56:39","guid":{"rendered":"https:\/\/vendi.md\/?post_type=product&#038;p=7601"},"modified":"2025-02-19T21:55:20","modified_gmt":"2025-02-19T19:55:20","slug":"cubus-magnus","status":"publish","type":"product","link":"https:\/\/vendi.md\/ru\/product\/cubus-magnus\/","title":{"rendered":"Lampa din sare (\u0441\u043e\u043b\u0435\u0432\u0430\u044f \u043b\u0430\u043c\u043f\u0430) &#8221;Cubus Magnus&#8221;"},"content":{"rendered":"<p>Cubus Magnus este o lamp\u0103 de sare din Himalaya \u00een form\u0103 de cub, care simbolizeaz\u0103 armonia \u0219i echilibrul. Cubul este un simbol al p\u0103m\u00e2ntului \u0219i a stabilit\u0103\u021bii sale, precum \u0219i al ideii de echilibru. Lampa Cubus Magnus poate ajuta la crearea unui mediu calm \u0219i lini\u0219tit \u00een cas\u0103 sau la birou, ajut\u00e2nd la men\u021binerea echilibrului \u0219i a armoniei \u00een via\u021ba de zi cu zi.<\/p>","protected":false},"excerpt":{"rendered":"<p>Cubus Magnus este o lamp\u0103 de sare din Himalaya \u00een form\u0103 de cub, care simbolizeaz\u0103 armonia \u0219i echilibrul. Cubul este&#8230;<\/p>","protected":false},"featured_media":7410,"comment_status":"closed","ping_status":"closed","template":"","meta":{"om_disable_all_campaigns":false,"_monsterinsights_skip_tracking":false,"_monsterinsights_sitenote_active":false,"_monsterinsights_sitenote_note":"","_monsterinsights_sitenote_category":0},"product_cat":[136,143,132],"product_tag":[],"class_list":{"0":"post-7601","1":"product","2":"type-product","3":"status-publish","4":"has-post-thumbnail","6":"product_cat-decoratiuni-si-iluminat","7":"product_cat-iluminat","8":"product_cat-produse-pentru-casa-si-interior","10":"first","11":"instock","12":"shipping-taxable","13":"purchasable","14":"product-type-simple"},"aioseo_notices":[],"jetpack_sharing_enabled":true,"_links":{"self":[{"href":"https:\/\/vendi.md\/ru\/wp-json\/wp\/v2\/product\/7601","targetHints":{"allow":["GET"]}}],"collection":[{"href":"https:\/\/vendi.md\/ru\/wp-json\/wp\/v2\/product"}],"about":[{"href":"https:\/\/vendi.md\/ru\/wp-json\/wp\/v2\/types\/product"}],"replies":[{"embeddable":true,"href":"https:\/\/vendi.md\/ru\/wp-json\/wp\/v2\/comments?post=7601"}],"version-history":[{"count":2,"href":"https:\/\/vendi.md\/ru\/wp-json\/wp\/v2\/product\/7601\/revisions"}],"predecessor-version":[{"id":9533,"href":"https:\/\/vendi.md\/ru\/wp-json\/wp\/v2\/product\/7601\/revisions\/9533"}],"wp:featuredmedia":[{"embeddable":true,"href":"https:\/\/vendi.md\/ru\/wp-json\/wp\/v2\/media\/7410"}],"wp:attachment":[{"href":"https:\/\/vendi.md\/ru\/wp-json\/wp\/v2\/media?parent=7601"}],"wp:term":[{"taxonomy":"product_cat","embeddable":true,"href":"https:\/\/vendi.md\/ru\/wp-json\/wp\/v2\/product_cat?post=7601"},{"taxonomy":"product_tag","embeddable":true,"href":"https:\/\/vendi.md\/ru\/wp-json\/wp\/v2\/product_tag?post=7601"}],"curies":[{"name":"wp","href":"https:\/\/api.w.org\/{rel}","templated":true}]}}