{"id":7600,"date":"2024-12-11T15:56:38","date_gmt":"2024-12-11T13:56:38","guid":{"rendered":"https:\/\/vendi.md\/?post_type=product&#038;p=7600"},"modified":"2025-02-19T21:55:49","modified_gmt":"2025-02-19T19:55:49","slug":"octagon","status":"publish","type":"product","link":"https:\/\/vendi.md\/ru\/product\/octagon\/","title":{"rendered":"Lampa din sare (\u0441\u043e\u043b\u0435\u0432\u0430\u044f \u043b\u0430\u043c\u043f\u0430) &#8221;Octagon&#8221;"},"content":{"rendered":"<p>Lampa de sare Octagon este un exemplu perfect de armonie \u0219i echilibru, dat fiind simbolistica num\u0103rului 8 \u00een tradi\u021bia daoist\u0103 \u0219i chinez\u0103. Aceast\u0103 lamp\u0103 de sare este realizat\u0103 din cristale de sare de 200 de milioane de ani, extrase din ad\u00e2ncurile p\u0103m\u00e2ntului, care ofer\u0103 o puternic\u0103 energie yin-yang \u0219i 8 trigramme din Ba Gua, fiecare reprezent\u00e2nd o for\u021b\u0103 unic\u0103 a universului.<\/p>\n<p>Forma octagonal\u0103 a acestei l\u0103mpi de sare reprezint\u0103 nu numai num\u0103rul 8, dar \u0219i simbolul infinitului \u0219i al ciclicit\u0103\u021bii vie\u021bii. Lumina cald\u0103 \u0219i reconfortant\u0103 emis\u0103 de cristalele de sare \u00eenc\u0103lzite \u00een interiorul l\u0103mpii creeaz\u0103 o atmosfer\u0103 relaxant\u0103 \u0219i echilibrat\u0103, potrivit\u0103 pentru medita\u021bie \u0219i vindecare.<\/p>\n<p>Datorit\u0103 propriet\u0103\u021bilor sale curative \u0219i purificatoare, lampa de sare Octagon este ideal\u0103 pentru \u00eembun\u0103t\u0103\u021birea calit\u0103\u021bii aerului din cas\u0103 sau din birou, dar \u0219i pentru combaterea stresului \u0219i a anxiet\u0103\u021bii. Alege aceast\u0103 lamp\u0103 de sare \u0219i bucur\u0103-te de armonia \u0219i echilibrul pe care \u00eel aduce \u00een via\u021ba ta!<\/p>","protected":false},"excerpt":{"rendered":"<p>Lampa de sare Octagon este un exemplu perfect de armonie \u0219i echilibru, dat fiind simbolistica num\u0103rului 8 \u00een tradi\u021bia daoist\u0103&#8230;<\/p>","protected":false},"featured_media":7407,"comment_status":"closed","ping_status":"closed","template":"","meta":{"om_disable_all_campaigns":false,"_monsterinsights_skip_tracking":false,"_monsterinsights_sitenote_active":false,"_monsterinsights_sitenote_note":"","_monsterinsights_sitenote_category":0},"product_cat":[136,143,132],"product_tag":[],"class_list":{"0":"post-7600","1":"product","2":"type-product","3":"status-publish","4":"has-post-thumbnail","6":"product_cat-decoratiuni-si-iluminat","7":"product_cat-iluminat","8":"product_cat-produse-pentru-casa-si-interior","10":"first","11":"instock","12":"shipping-taxable","13":"purchasable","14":"product-type-simple"},"aioseo_notices":[],"jetpack_sharing_enabled":true,"_links":{"self":[{"href":"https:\/\/vendi.md\/ru\/wp-json\/wp\/v2\/product\/7600","targetHints":{"allow":["GET"]}}],"collection":[{"href":"https:\/\/vendi.md\/ru\/wp-json\/wp\/v2\/product"}],"about":[{"href":"https:\/\/vendi.md\/ru\/wp-json\/wp\/v2\/types\/product"}],"replies":[{"embeddable":true,"href":"https:\/\/vendi.md\/ru\/wp-json\/wp\/v2\/comments?post=7600"}],"version-history":[{"count":2,"href":"https:\/\/vendi.md\/ru\/wp-json\/wp\/v2\/product\/7600\/revisions"}],"predecessor-version":[{"id":9534,"href":"https:\/\/vendi.md\/ru\/wp-json\/wp\/v2\/product\/7600\/revisions\/9534"}],"wp:featuredmedia":[{"embeddable":true,"href":"https:\/\/vendi.md\/ru\/wp-json\/wp\/v2\/media\/7407"}],"wp:attachment":[{"href":"https:\/\/vendi.md\/ru\/wp-json\/wp\/v2\/media?parent=7600"}],"wp:term":[{"taxonomy":"product_cat","embeddable":true,"href":"https:\/\/vendi.md\/ru\/wp-json\/wp\/v2\/product_cat?post=7600"},{"taxonomy":"product_tag","embeddable":true,"href":"https:\/\/vendi.md\/ru\/wp-json\/wp\/v2\/product_tag?post=7600"}],"curies":[{"name":"wp","href":"https:\/\/api.w.org\/{rel}","templated":true}]}}