{"id":7599,"date":"2024-12-11T15:56:36","date_gmt":"2024-12-11T13:56:36","guid":{"rendered":"https:\/\/vendi.md\/?post_type=product&#038;p=7599"},"modified":"2025-02-19T21:56:20","modified_gmt":"2025-02-19T19:56:20","slug":"nucleus-terrae","status":"publish","type":"product","link":"https:\/\/vendi.md\/ru\/product\/nucleus-terrae\/","title":{"rendered":"Lampa din sare (\u0441\u043e\u043b\u0435\u0432\u0430\u044f \u043b\u0430\u043c\u043f\u0430) &#8221;Nucleus Terrae&#8221;"},"content":{"rendered":"<p>Lampa de sare Nucleus Terrae este o alegere excelent\u0103 pentru cei care caut\u0103 o experien\u021b\u0103 unic\u0103 \u0219i mistic\u0103. Aceast\u0103 lamp\u0103 este realizat\u0103 din cristale de sare de la baza Himalayei, din straturi vechi de miliarde de ani. Aceste cristale de sare au fost adunate \u00een ad\u00e2ncurile p\u0103m\u00e2ntului \u0219i au fost protejate de poluare \u0219i de orice alt\u0103 influen\u021b\u0103 negativ\u0103 timp de mii de ani. Prin urmare, sarea din aceast\u0103 lamp\u0103 este pur\u0103 \u0219i nealterat\u0103, iar energia pe care o eman\u0103 este intens\u0103 \u0219i benefic\u0103 pentru s\u0103n\u0103tatea ta. Lampa Nucleus Terrae este construit\u0103 \u00een jurul ideii de a aduce la suprafa\u021b\u0103 esen\u021ba P\u0103m\u00e2ntului \u0219i de a o transforma \u00eentr-o lumin\u0103 cald\u0103 \u0219i relaxant\u0103. Aceast\u0103 lamp\u0103 emite o lumin\u0103 pl\u0103cut\u0103 \u0219i calmant\u0103, cre\u00e2nd o atmosfer\u0103 de relaxare \u0219i de armonie. \u00cen plus, aceasta emite ioni negativi, care pot ajuta la \u00eembun\u0103t\u0103\u021birea calit\u0103\u021bii aerului \u0219i la ameliorarea unor probleme respiratorii. Adaug\u0103 un strop de misticism \u00een camera ta cu lampa de sare Nucleus Terrae, o alegere perfect\u0103 pentru cei care apreciaz\u0103 profunzimea \u0219i dureabilitatea solului \u0219i a rocilor de sare.<\/p>","protected":false},"excerpt":{"rendered":"<p>Lampa de sare Nucleus Terrae este o alegere excelent\u0103 pentru cei care caut\u0103 o experien\u021b\u0103 unic\u0103 \u0219i mistic\u0103. Aceast\u0103 lamp\u0103&#8230;<\/p>","protected":false},"featured_media":7401,"comment_status":"closed","ping_status":"closed","template":"","meta":{"om_disable_all_campaigns":false,"_monsterinsights_skip_tracking":false,"_monsterinsights_sitenote_active":false,"_monsterinsights_sitenote_note":"","_monsterinsights_sitenote_category":0},"product_cat":[136,143,132],"product_tag":[],"class_list":{"0":"post-7599","1":"product","2":"type-product","3":"status-publish","4":"has-post-thumbnail","6":"product_cat-decoratiuni-si-iluminat","7":"product_cat-iluminat","8":"product_cat-produse-pentru-casa-si-interior","10":"first","11":"instock","12":"shipping-taxable","13":"purchasable","14":"product-type-simple"},"aioseo_notices":[],"jetpack_sharing_enabled":true,"_links":{"self":[{"href":"https:\/\/vendi.md\/ru\/wp-json\/wp\/v2\/product\/7599","targetHints":{"allow":["GET"]}}],"collection":[{"href":"https:\/\/vendi.md\/ru\/wp-json\/wp\/v2\/product"}],"about":[{"href":"https:\/\/vendi.md\/ru\/wp-json\/wp\/v2\/types\/product"}],"replies":[{"embeddable":true,"href":"https:\/\/vendi.md\/ru\/wp-json\/wp\/v2\/comments?post=7599"}],"version-history":[{"count":2,"href":"https:\/\/vendi.md\/ru\/wp-json\/wp\/v2\/product\/7599\/revisions"}],"predecessor-version":[{"id":9535,"href":"https:\/\/vendi.md\/ru\/wp-json\/wp\/v2\/product\/7599\/revisions\/9535"}],"wp:featuredmedia":[{"embeddable":true,"href":"https:\/\/vendi.md\/ru\/wp-json\/wp\/v2\/media\/7401"}],"wp:attachment":[{"href":"https:\/\/vendi.md\/ru\/wp-json\/wp\/v2\/media?parent=7599"}],"wp:term":[{"taxonomy":"product_cat","embeddable":true,"href":"https:\/\/vendi.md\/ru\/wp-json\/wp\/v2\/product_cat?post=7599"},{"taxonomy":"product_tag","embeddable":true,"href":"https:\/\/vendi.md\/ru\/wp-json\/wp\/v2\/product_tag?post=7599"}],"curies":[{"name":"wp","href":"https:\/\/api.w.org\/{rel}","templated":true}]}}