{"id":7598,"date":"2024-12-11T15:56:34","date_gmt":"2024-12-11T13:56:34","guid":{"rendered":"https:\/\/vendi.md\/?post_type=product&#038;p=7598"},"modified":"2025-02-19T21:56:47","modified_gmt":"2025-02-19T19:56:47","slug":"lacrima-divina","status":"publish","type":"product","link":"https:\/\/vendi.md\/ru\/product\/lacrima-divina\/","title":{"rendered":"Lampa din sare (\u0441\u043e\u043b\u0435\u0432\u0430\u044f \u043b\u0430\u043c\u043f\u0430) &#8221;Lacrima Divina&#8221;"},"content":{"rendered":"<p>Conform legendei slave, lacrima s\u0103rat\u0103 a lui Veles a dat na\u0219tere unui lac s\u0103rat. Aceast\u0103 lacrim\u0103 simbolizeaz\u0103 puterea regeneratoare a naturii. Lacrima s\u0103rat\u0103 a lui Veles poate fi interpretat\u0103 ca o reprezentare a sacrificiului necesar pentru a asigura prosperitatea \u0219i echilibrul \u00een lume. De asemenea, poate fi v\u0103zut\u0103 ca un simbol al transform\u0103rii \u0219i al schimb\u0103rii, deoarece din suferin\u021b\u0103 poate s\u0103 apar\u0103 ceva nou \u0219i frumos.<\/p>","protected":false},"excerpt":{"rendered":"<p>Conform legendei slave, lacrima s\u0103rat\u0103 a lui Veles a dat na\u0219tere unui lac s\u0103rat. Aceast\u0103 lacrim\u0103 simbolizeaz\u0103 puterea regeneratoare a&#8230;<\/p>","protected":false},"featured_media":7398,"comment_status":"closed","ping_status":"closed","template":"","meta":{"om_disable_all_campaigns":false,"_monsterinsights_skip_tracking":false,"_monsterinsights_sitenote_active":false,"_monsterinsights_sitenote_note":"","_monsterinsights_sitenote_category":0},"product_cat":[136,143,132],"product_tag":[],"class_list":{"0":"post-7598","1":"product","2":"type-product","3":"status-publish","4":"has-post-thumbnail","6":"product_cat-decoratiuni-si-iluminat","7":"product_cat-iluminat","8":"product_cat-produse-pentru-casa-si-interior","10":"first","11":"instock","12":"sale","13":"shipping-taxable","14":"purchasable","15":"product-type-simple"},"aioseo_notices":[],"jetpack_sharing_enabled":true,"_links":{"self":[{"href":"https:\/\/vendi.md\/ru\/wp-json\/wp\/v2\/product\/7598","targetHints":{"allow":["GET"]}}],"collection":[{"href":"https:\/\/vendi.md\/ru\/wp-json\/wp\/v2\/product"}],"about":[{"href":"https:\/\/vendi.md\/ru\/wp-json\/wp\/v2\/types\/product"}],"replies":[{"embeddable":true,"href":"https:\/\/vendi.md\/ru\/wp-json\/wp\/v2\/comments?post=7598"}],"version-history":[{"count":2,"href":"https:\/\/vendi.md\/ru\/wp-json\/wp\/v2\/product\/7598\/revisions"}],"predecessor-version":[{"id":9536,"href":"https:\/\/vendi.md\/ru\/wp-json\/wp\/v2\/product\/7598\/revisions\/9536"}],"wp:featuredmedia":[{"embeddable":true,"href":"https:\/\/vendi.md\/ru\/wp-json\/wp\/v2\/media\/7398"}],"wp:attachment":[{"href":"https:\/\/vendi.md\/ru\/wp-json\/wp\/v2\/media?parent=7598"}],"wp:term":[{"taxonomy":"product_cat","embeddable":true,"href":"https:\/\/vendi.md\/ru\/wp-json\/wp\/v2\/product_cat?post=7598"},{"taxonomy":"product_tag","embeddable":true,"href":"https:\/\/vendi.md\/ru\/wp-json\/wp\/v2\/product_tag?post=7598"}],"curies":[{"name":"wp","href":"https:\/\/api.w.org\/{rel}","templated":true}]}}