{"id":7597,"date":"2024-12-11T15:56:33","date_gmt":"2024-12-11T13:56:33","guid":{"rendered":"https:\/\/vendi.md\/?post_type=product&#038;p=7597"},"modified":"2025-03-06T13:49:25","modified_gmt":"2025-03-06T11:49:25","slug":"ovum-draconis","status":"publish","type":"product","link":"https:\/\/vendi.md\/ru\/product\/ovum-draconis\/","title":{"rendered":"Lampa din sare (\u0441\u043e\u043b\u0435\u0432\u0430\u044f \u043b\u0430\u043c\u043f\u0430) &#8221;Ovum Draconis&#8221;"},"content":{"rendered":"<p>Lampa de sare Ovum Draconis este o lamp\u0103 unic\u0103 \u0219i interesant\u0103, confec\u021bionat\u0103 din cristale de sare natural\u0103 montate pe o baz\u0103 de lemn masiv. Aceast\u0103 lamp\u0103 este inspirat\u0103 din legenda medieval\u0103 a dragonilor , cristalele de sare natural\u0103 folosite pentru aceast\u0103 lamp\u0103 au o vechime de peste 200 de milioane de ani \u0219i sunt cunoscute pentru propriet\u0103\u021bile lor terapeutice, iar forma sa sferic\u0103 \u0219i textura unic\u0103 a cristalelor de sare ofer\u0103 o senza\u021bie de misticism \u0219i mister. Ovum Draconis este o alegere excelent\u0103 pentru persoanele pasionate de mistere \u0219i pove\u0219ti fantastice, dar \u0219i pentru cei care caut\u0103 un element distinctiv \u0219i interesant pentru decorul casei lor. \u00cen plus, aceast\u0103 lamp\u0103 emite ioni negativi benefici pentru s\u0103n\u0103tatea \u0219i starea de spirit a utilizatorului.<\/p>","protected":false},"excerpt":{"rendered":"<p>veioz\u0103 din sarea de Himalaya<br \/>\n\u0421\u0432\u0435\u0442\u0438\u043b\u044c\u043d\u0438\u043a \u0438\u0437 \u0413\u0438\u043c\u0430\u043b\u0430\u0439\u0441\u043a\u043e\u0439 \u0441\u043e\u043b\u0438<\/p>","protected":false},"featured_media":7393,"comment_status":"closed","ping_status":"closed","template":"","meta":{"om_disable_all_campaigns":false,"_monsterinsights_skip_tracking":false,"_monsterinsights_sitenote_active":false,"_monsterinsights_sitenote_note":"","_monsterinsights_sitenote_category":0},"product_cat":[136,143,132],"product_tag":[],"class_list":{"0":"post-7597","1":"product","2":"type-product","3":"status-publish","4":"has-post-thumbnail","6":"product_cat-decoratiuni-si-iluminat","7":"product_cat-iluminat","8":"product_cat-produse-pentru-casa-si-interior","10":"first","11":"instock","12":"sale","13":"shipping-taxable","14":"purchasable","15":"product-type-simple"},"aioseo_notices":[],"jetpack_sharing_enabled":true,"_links":{"self":[{"href":"https:\/\/vendi.md\/ru\/wp-json\/wp\/v2\/product\/7597","targetHints":{"allow":["GET"]}}],"collection":[{"href":"https:\/\/vendi.md\/ru\/wp-json\/wp\/v2\/product"}],"about":[{"href":"https:\/\/vendi.md\/ru\/wp-json\/wp\/v2\/types\/product"}],"replies":[{"embeddable":true,"href":"https:\/\/vendi.md\/ru\/wp-json\/wp\/v2\/comments?post=7597"}],"version-history":[{"count":3,"href":"https:\/\/vendi.md\/ru\/wp-json\/wp\/v2\/product\/7597\/revisions"}],"predecessor-version":[{"id":9651,"href":"https:\/\/vendi.md\/ru\/wp-json\/wp\/v2\/product\/7597\/revisions\/9651"}],"wp:featuredmedia":[{"embeddable":true,"href":"https:\/\/vendi.md\/ru\/wp-json\/wp\/v2\/media\/7393"}],"wp:attachment":[{"href":"https:\/\/vendi.md\/ru\/wp-json\/wp\/v2\/media?parent=7597"}],"wp:term":[{"taxonomy":"product_cat","embeddable":true,"href":"https:\/\/vendi.md\/ru\/wp-json\/wp\/v2\/product_cat?post=7597"},{"taxonomy":"product_tag","embeddable":true,"href":"https:\/\/vendi.md\/ru\/wp-json\/wp\/v2\/product_tag?post=7597"}],"curies":[{"name":"wp","href":"https:\/\/api.w.org\/{rel}","templated":true}]}}