{"id":11156,"date":"2026-03-17T20:06:41","date_gmt":"2026-03-17T18:06:41","guid":{"rendered":"https:\/\/vendi.md\/?post_type=product&#038;p=11156"},"modified":"2026-03-17T20:09:11","modified_gmt":"2026-03-17T18:09:11","slug":"muncitori-prin-contract-pentru-compania-ta-workforce-md","status":"publish","type":"product","link":"https:\/\/vendi.md\/ru\/product\/muncitori-prin-contract-pentru-compania-ta-workforce-md\/","title":{"rendered":"Muncitori prin contract pentru compania ta | WorkForce MD"},"content":{"rendered":"<h2 data-section-id=\"hvxgkz\" data-start=\"172\" data-end=\"235\">\ud83d\udce2 Muncitori prin contract pentru compania ta | WorkForce MD<\/h2>\n<p data-start=\"237\" data-end=\"308\">Ai nevoie de muncitori pentru construc\u021bii, depozit sau alte proiecte?<\/p>\n<p data-start=\"310\" data-end=\"423\"><strong data-start=\"310\" data-end=\"326\">\u00a0Tel: +373 78742115<br \/>\nWorkForce MD<\/strong> ofer\u0103 companiilor din Moldova <strong data-start=\"357\" data-end=\"389\">for\u021b\u0103 de munc\u0103 prin contract<\/strong>, rapid \u0219i la costuri avantajoase.<\/p>\n<p data-start=\"425\" data-end=\"545\">Noi ne ocup\u0103m de recrutare \u0219i organizarea echipelor, iar tu prime\u0219ti <strong data-start=\"494\" data-end=\"544\">muncitori preg\u0103ti\u021bi de lucru f\u0103r\u0103 b\u0103t\u0103i de cap<\/strong>.<\/p>\n<h3 data-section-id=\"ogsnay\" data-start=\"547\" data-end=\"564\">\ud83d\udd27 Ce oferim:<\/h3>\n<p data-start=\"565\" data-end=\"734\">\u2714\ufe0f Muncitori pentru construc\u021bii<br data-start=\"596\" data-end=\"599\" \/>\u2714\ufe0f Personal pentru depozite \u0219i logistic\u0103<br data-start=\"639\" data-end=\"642\" \/>\u2714\ufe0f Muncitori generali \u0219i necalifica\u021bi<br data-start=\"679\" data-end=\"682\" \/>\u2714\ufe0f Echipe pentru proiecte pe termen scurt sau lung<\/p>\n<h3 data-section-id=\"1adz5w9\" data-start=\"736\" data-end=\"766\">\ud83d\udcbc Avantajele colabor\u0103rii:<\/h3>\n<p data-start=\"767\" data-end=\"905\">\u2714\ufe0f Costuri mai mici pentru for\u021ba de munc\u0103<br data-start=\"808\" data-end=\"811\" \/>\u2714\ufe0f Contract legal<br data-start=\"828\" data-end=\"831\" \/>\u2714\ufe0f Muncitori disponibili rapid<br data-start=\"861\" data-end=\"864\" \/>\u2714\ufe0f Flexibilitate pentru proiectele tale<\/p>\n<p data-start=\"907\" data-end=\"994\">Indiferent dac\u0103 ai nevoie de <strong data-start=\"936\" data-end=\"973\">2 muncitori sau o echip\u0103 complet\u0103<\/strong>, noi te putem ajuta.<\/p>\n<p data-start=\"996\" data-end=\"1035\">\ud83d\udccd Activ\u0103m \u00een toat\u0103 Republica Moldova<\/p>\n<p data-start=\"1037\" data-end=\"1075\">\ud83d\udce9 Scrie-ne pentru detalii sau ofert\u0103.<\/p>\n<p data-start=\"1077\" data-end=\"1147\"><strong data-start=\"1077\" data-end=\"1147\">WorkForce MD \u2014 partenerul t\u0103u pentru for\u021b\u0103 de munc\u0103 prin contract.<\/strong><\/p>","protected":false},"excerpt":{"rendered":"<p>\ud83d\udce2 Muncitori prin contract pentru compania ta | WorkForce MD Ai nevoie de muncitori pentru construc\u021bii, depozit sau alte proiecte?&#8230;<\/p>","protected":false},"featured_media":11158,"comment_status":"open","ping_status":"closed","template":"","meta":{"om_disable_all_campaigns":false,"_monsterinsights_skip_tracking":false,"_monsterinsights_sitenote_active":false,"_monsterinsights_sitenote_note":"","_monsterinsights_sitenote_category":0},"product_cat":[554,562,560,557],"product_tag":[],"class_list":{"0":"post-11156","1":"product","2":"type-product","3":"status-publish","4":"has-post-thumbnail","6":"product_cat-afaceri","7":"product_cat-anunturi","8":"product_cat-publicitate-i-marketing","9":"product_cat-servicii","11":"first","12":"instock","13":"shipping-taxable","14":"product-type-simple"},"aioseo_notices":[],"jetpack_sharing_enabled":true,"_links":{"self":[{"href":"https:\/\/vendi.md\/ru\/wp-json\/wp\/v2\/product\/11156","targetHints":{"allow":["GET"]}}],"collection":[{"href":"https:\/\/vendi.md\/ru\/wp-json\/wp\/v2\/product"}],"about":[{"href":"https:\/\/vendi.md\/ru\/wp-json\/wp\/v2\/types\/product"}],"replies":[{"embeddable":true,"href":"https:\/\/vendi.md\/ru\/wp-json\/wp\/v2\/comments?post=11156"}],"version-history":[{"count":2,"href":"https:\/\/vendi.md\/ru\/wp-json\/wp\/v2\/product\/11156\/revisions"}],"predecessor-version":[{"id":11160,"href":"https:\/\/vendi.md\/ru\/wp-json\/wp\/v2\/product\/11156\/revisions\/11160"}],"wp:featuredmedia":[{"embeddable":true,"href":"https:\/\/vendi.md\/ru\/wp-json\/wp\/v2\/media\/11158"}],"wp:attachment":[{"href":"https:\/\/vendi.md\/ru\/wp-json\/wp\/v2\/media?parent=11156"}],"wp:term":[{"taxonomy":"product_cat","embeddable":true,"href":"https:\/\/vendi.md\/ru\/wp-json\/wp\/v2\/product_cat?post=11156"},{"taxonomy":"product_tag","embeddable":true,"href":"https:\/\/vendi.md\/ru\/wp-json\/wp\/v2\/product_tag?post=11156"}],"curies":[{"name":"wp","href":"https:\/\/api.w.org\/{rel}","templated":true}]}}