{"id":10898,"date":"2025-11-29T18:33:11","date_gmt":"2025-11-29T16:33:11","guid":{"rendered":"https:\/\/vendi.md\/?post_type=product&#038;p=10898"},"modified":"2025-11-29T18:37:30","modified_gmt":"2025-11-29T16:37:30","slug":"sarea-de-himalaya-buc-i","status":"publish","type":"product","link":"https:\/\/vendi.md\/ru\/product\/sarea-de-himalaya-buc-i\/","title":{"rendered":"Sarea de Himalaya. Buc\u0103\u021bi"},"content":{"rendered":"<p>Folosirea s\u0103rei de de himalaya \u00een saune aduce beneficii considerabile organismului:<br class=\"html-br\" \/>Purific\u0103 \u0219i ionizeaz\u0103 aerul, \u00eembun\u0103t\u0103\u021be\u0219te respira\u021bie, trateaz\u0103 diverse maladii de piele!<\/p>","protected":false},"excerpt":{"rendered":"<p>Sarea roz de Himalaya \u00een buc\u0103\u021bi pentru saune<\/p>","protected":false},"featured_media":10900,"comment_status":"open","ping_status":"closed","template":"","meta":{"om_disable_all_campaigns":false,"_monsterinsights_skip_tracking":false,"_monsterinsights_sitenote_active":false,"_monsterinsights_sitenote_note":"","_monsterinsights_sitenote_category":0},"product_cat":[211,227],"product_tag":[498],"class_list":{"0":"post-10898","1":"product","2":"type-product","3":"status-publish","4":"has-post-thumbnail","6":"product_cat-frumusete-si-sanatate","7":"product_cat-vitamine-si-minerale","8":"product_tag-sauna-effect","10":"first","11":"instock","12":"shipping-taxable","13":"purchasable","14":"product-type-simple"},"aioseo_notices":[],"jetpack_sharing_enabled":true,"_links":{"self":[{"href":"https:\/\/vendi.md\/ru\/wp-json\/wp\/v2\/product\/10898","targetHints":{"allow":["GET"]}}],"collection":[{"href":"https:\/\/vendi.md\/ru\/wp-json\/wp\/v2\/product"}],"about":[{"href":"https:\/\/vendi.md\/ru\/wp-json\/wp\/v2\/types\/product"}],"replies":[{"embeddable":true,"href":"https:\/\/vendi.md\/ru\/wp-json\/wp\/v2\/comments?post=10898"}],"version-history":[{"count":1,"href":"https:\/\/vendi.md\/ru\/wp-json\/wp\/v2\/product\/10898\/revisions"}],"predecessor-version":[{"id":10901,"href":"https:\/\/vendi.md\/ru\/wp-json\/wp\/v2\/product\/10898\/revisions\/10901"}],"wp:featuredmedia":[{"embeddable":true,"href":"https:\/\/vendi.md\/ru\/wp-json\/wp\/v2\/media\/10900"}],"wp:attachment":[{"href":"https:\/\/vendi.md\/ru\/wp-json\/wp\/v2\/media?parent=10898"}],"wp:term":[{"taxonomy":"product_cat","embeddable":true,"href":"https:\/\/vendi.md\/ru\/wp-json\/wp\/v2\/product_cat?post=10898"},{"taxonomy":"product_tag","embeddable":true,"href":"https:\/\/vendi.md\/ru\/wp-json\/wp\/v2\/product_tag?post=10898"}],"curies":[{"name":"wp","href":"https:\/\/api.w.org\/{rel}","templated":true}]}}