{"id":10776,"date":"2025-10-20T19:16:09","date_gmt":"2025-10-20T17:16:09","guid":{"rendered":"https:\/\/vendi.md\/?post_type=product&#038;p=10776"},"modified":"2025-10-20T19:24:19","modified_gmt":"2025-10-20T17:24:19","slug":"aeroterma-electrica-kamoto-eh3000ptc","status":"publish","type":"product","link":"https:\/\/vendi.md\/ru\/product\/aeroterma-electrica-kamoto-eh3000ptc\/","title":{"rendered":"Aeroterma electrica Kamoto EH3000PTC"},"content":{"rendered":"<p>Mod de putere (2 trepte): 1,5 \u2013 3,0 kW<br \/>\nDebit de aer: 250 m\u00b3 \/ or\u0103<br \/>\nSuprafa\u021b\u0103 de \u00eenc\u0103lzire recomandat\u0103: 40 m2<br \/>\nTensiune: 220 V<br \/>\nTipul elementului de \u00eenc\u0103lzire: element semiconductor PTC din ceramic\u0103<br \/>\nTip de caz: cilindric<br \/>\nMaterialul carcasei: o\u021bel<br \/>\nProtec\u021bie la supra\u00eenc\u0103lzire \u00eencorporat\u0103: Da<br \/>\nGreutate: 3,0 kg<\/p>","protected":false},"excerpt":{"rendered":"<h1 class=\"product_title entry-title\">Aeroterma electrica Kamoto EH3000PTC<br \/>\nstarea 9\/10, lucreaz\u0103 perfect<\/h1>","protected":false},"featured_media":10774,"comment_status":"open","ping_status":"closed","template":"","meta":{"om_disable_all_campaigns":false,"_monsterinsights_skip_tracking":false,"_monsterinsights_sitenote_active":false,"_monsterinsights_sitenote_note":"","_monsterinsights_sitenote_category":0},"product_cat":[128,113],"product_tag":[],"class_list":{"0":"post-10776","1":"product","2":"type-product","3":"status-publish","4":"has-post-thumbnail","6":"product_cat-altele","7":"product_cat-electronice-si-gadgeturi","9":"first","10":"instock","11":"sold-individually","12":"shipping-taxable","13":"purchasable","14":"product-type-simple"},"aioseo_notices":[],"jetpack_sharing_enabled":true,"_links":{"self":[{"href":"https:\/\/vendi.md\/ru\/wp-json\/wp\/v2\/product\/10776","targetHints":{"allow":["GET"]}}],"collection":[{"href":"https:\/\/vendi.md\/ru\/wp-json\/wp\/v2\/product"}],"about":[{"href":"https:\/\/vendi.md\/ru\/wp-json\/wp\/v2\/types\/product"}],"replies":[{"embeddable":true,"href":"https:\/\/vendi.md\/ru\/wp-json\/wp\/v2\/comments?post=10776"}],"version-history":[{"count":1,"href":"https:\/\/vendi.md\/ru\/wp-json\/wp\/v2\/product\/10776\/revisions"}],"predecessor-version":[{"id":10777,"href":"https:\/\/vendi.md\/ru\/wp-json\/wp\/v2\/product\/10776\/revisions\/10777"}],"wp:featuredmedia":[{"embeddable":true,"href":"https:\/\/vendi.md\/ru\/wp-json\/wp\/v2\/media\/10774"}],"wp:attachment":[{"href":"https:\/\/vendi.md\/ru\/wp-json\/wp\/v2\/media?parent=10776"}],"wp:term":[{"taxonomy":"product_cat","embeddable":true,"href":"https:\/\/vendi.md\/ru\/wp-json\/wp\/v2\/product_cat?post=10776"},{"taxonomy":"product_tag","embeddable":true,"href":"https:\/\/vendi.md\/ru\/wp-json\/wp\/v2\/product_tag?post=10776"}],"curies":[{"name":"wp","href":"https:\/\/api.w.org\/{rel}","templated":true}]}}