{"id":10765,"date":"2025-10-14T23:18:37","date_gmt":"2025-10-14T21:18:37","guid":{"rendered":"https:\/\/vendi.md\/?post_type=product&#038;p=10765"},"modified":"2025-10-14T23:25:00","modified_gmt":"2025-10-14T21:25:00","slug":"cafetiera-vitek-vt-1513","status":"publish","type":"product","link":"https:\/\/vendi.md\/ru\/product\/cafetiera-vitek-vt-1513\/","title":{"rendered":"Cafetiera Vitek VT-1513"},"content":{"rendered":"<p>Un cappuccino este gata \u00een doar c\u00e2teva minute! Acest aparat de cafea convenabil \u0219i func\u021bional v\u0103 va economisi timp \u0219i efort diminea\u021ba. O pomp\u0103 de \u00eenalt\u0103 presiune cu o presiune de 15 bari asigur\u0103 o spum\u0103 bogat\u0103 \u0219i bogat\u0103.<\/p>\n<p>\u00centre\u021binerea este incredibil de u\u0219oar\u0103 datorit\u0103 t\u0103vii de scurgere deta\u0219abile.<\/p>\n<p>Tehnologia Perfect Brewing v\u0103 permite s\u0103 prepara\u021bi rapid \u0219i f\u0103r\u0103 efort o cea\u0219c\u0103 delicioas\u0103 de cafea aromat\u0103 &#8211; espresso sau cappuccino.<br \/>\nTrecerea apei prin cafeaua m\u0103cinat\u0103 la presiune \u00eenalt\u0103 \u00eembun\u0103t\u0103\u021be\u0219te semnificativ aroma b\u0103uturii finite, iar designul unic al filtrului creeaz\u0103 o spum\u0103 minunat de bogat\u0103.<\/p>","protected":false},"excerpt":{"rendered":"<p>VITEK VT-1513 BK<\/p>","protected":false},"featured_media":10769,"comment_status":"open","ping_status":"closed","template":"","meta":{"om_disable_all_campaigns":false,"_monsterinsights_skip_tracking":false,"_monsterinsights_sitenote_active":false,"_monsterinsights_sitenote_note":"","_monsterinsights_sitenote_category":0},"product_cat":[133,137,132],"product_tag":[],"class_list":{"0":"post-10765","1":"product","2":"type-product","3":"status-publish","4":"has-post-thumbnail","6":"product_cat-electrocasnice","7":"product_cat-electrocasnice-de-bucatarie","8":"product_cat-produse-pentru-casa-si-interior","10":"first","11":"instock","12":"sale","13":"shipping-taxable","14":"purchasable","15":"product-type-simple"},"aioseo_notices":[],"jetpack_sharing_enabled":true,"_links":{"self":[{"href":"https:\/\/vendi.md\/ru\/wp-json\/wp\/v2\/product\/10765","targetHints":{"allow":["GET"]}}],"collection":[{"href":"https:\/\/vendi.md\/ru\/wp-json\/wp\/v2\/product"}],"about":[{"href":"https:\/\/vendi.md\/ru\/wp-json\/wp\/v2\/types\/product"}],"replies":[{"embeddable":true,"href":"https:\/\/vendi.md\/ru\/wp-json\/wp\/v2\/comments?post=10765"}],"version-history":[{"count":1,"href":"https:\/\/vendi.md\/ru\/wp-json\/wp\/v2\/product\/10765\/revisions"}],"predecessor-version":[{"id":10770,"href":"https:\/\/vendi.md\/ru\/wp-json\/wp\/v2\/product\/10765\/revisions\/10770"}],"wp:featuredmedia":[{"embeddable":true,"href":"https:\/\/vendi.md\/ru\/wp-json\/wp\/v2\/media\/10769"}],"wp:attachment":[{"href":"https:\/\/vendi.md\/ru\/wp-json\/wp\/v2\/media?parent=10765"}],"wp:term":[{"taxonomy":"product_cat","embeddable":true,"href":"https:\/\/vendi.md\/ru\/wp-json\/wp\/v2\/product_cat?post=10765"},{"taxonomy":"product_tag","embeddable":true,"href":"https:\/\/vendi.md\/ru\/wp-json\/wp\/v2\/product_tag?post=10765"}],"curies":[{"name":"wp","href":"https:\/\/api.w.org\/{rel}","templated":true}]}}