{"id":6544,"date":"2024-12-20T15:04:14","date_gmt":"2024-12-20T13:04:14","guid":{"rendered":"https:\/\/vendi.md\/?page_id=6544"},"modified":"2024-12-20T15:08:26","modified_gmt":"2024-12-20T13:08:26","slug":"politica-de-confidentialitate","status":"publish","type":"page","link":"https:\/\/vendi.md\/ru\/politica-de-confidentialitate\/","title":{"rendered":"Politic\u0103 de confiden\u021bialitate"},"content":{"rendered":"<div data-elementor-type=\"wp-page\" data-elementor-id=\"6544\" class=\"elementor elementor-6544\" data-elementor-post-type=\"page\">\n\t\t\t\t<div class=\"elementor-element elementor-element-5172fd6f e-flex e-con-boxed e-con e-parent\" data-id=\"5172fd6f\" data-element_type=\"container\">\n\t\t\t\t\t<div class=\"e-con-inner\">\n\t\t\t\t<div class=\"elementor-element elementor-element-70c165c6 elementor-widget elementor-widget-text-editor\" data-id=\"70c165c6\" data-element_type=\"widget\" data-widget_type=\"text-editor.default\">\n\t\t\t\t<div class=\"elementor-widget-container\">\n\t\t\t\t\t\t\t<h1>POLITICA DE CONFIDEN\u021aIALITATE<\/h1>\n<p>\u00cen conformitate cu prevederile Legii Nr.133\/2011 privind protec\u021bia datelor cu caracter personal, furnizorul de<br \/>servicii prelucreaz\u0103 date cu caracter personal. Datele cu caracter personal sunt prelucrate cu buna-credin\u021b\u0103 \u0219i<br \/>se face \u00een temeiul \u0219i \u00een conformitate cu prevederile legale. Prelucrarea datelor cu caracter personal se realizeaz\u0103 prin mijloace mixte (automate \u0219i manuale), cu respectarea cerin\u021belor legale \u0219i \u00een condi\u021bii care s\u0103 asigure<br \/>securitatea, confiden\u021bialitatea \u0219i respectarea drepturilor persoanelor vizate.<br \/>Furnizorul colecteaz\u0103 \u0219i prelucreaz\u0103 doar datele personale furnizate de consumatori la efectuarea comenzii:<br \/>nume, prenume, num\u0103r de telefon, adresa, adresa po\u0219tal\u0103.<br \/>Datele personale sunt utilizate exclusiv \u00een scopul administr\u0103rii site-ului, pentru a permite accesul la informa\u021bii<br \/>special, pentru livrarea comenzilor sau pentru a contacta consumatorul \u00een vederea execut\u0103rii livr\u0103rii. Prin prezenta informare, utilizatorii \u0219i consumatorii iau cuno\u0219tin\u021b\u0103 despre faptul c\u0103 li se vor prelucra \u0219i utiliza datele cu<br \/>caracter personal (nume, prenume, num\u0103r de telefon, adresa, adresa po\u0219tal\u0103). Furnizorul de servicii prelucreaz\u0103 datele cu caracter personal ale utilizatorilor \u0219i consumatorilor care sunt furnizate prin navigarea, folosirea \u0219i \u00eenregistrarea pe site-ul www.vendi.md<br \/>Orice informa\u021bie furnizat\u0103 de c\u0103tre utilizatorii \u0219i consumatorii site-ului www.vendi.md, va fi considerat\u0103 \u0219i<br \/>va reprezenta consim\u021b\u0103m\u00e2ntul expres ca datele personale s\u0103 fie folosite de Furnizor.<br \/>Furnizorul nu va dezv\u0103lui unei ter\u021be p\u0103r\u021bi niciuna dintre datele de\u021binute, f\u0103r\u0103 acordul persoanelor vizate \u0219i nu<br \/>va comercializa, schimba, divulga aceste date cu alte persoane, cu excep\u021biile prev\u0103zute de legisla\u021bia \u00een vigoare<br \/>(la solicitarea institu\u021biilor publice ale statului, organele de drept, instan\u021belor de judecat\u0103, de asemenea autorizate s\u0103 prelucreze date cu caracter personal).<br \/>Datele cu caracter personal pot fi prelucrate \u0219i utilizate de c\u0103tre Furnizor \u0219i \u00een scopuri statistice \u0219i de promovare<br \/>ulterioar\u0103.<br \/>Furnizorul de servicii \u00eendepline\u0219te cerin\u021bele de securitate a datelor cu caracter personal \u0219i asigur\u0103 protec\u021bia<br \/>datelor consumatorilor \u0219i le protejeaz\u0103 pentru a nu fi pierdute, distruse, distorsionate\/falsificate sau divulgate<br \/>ter\u021belor persoane.<br \/>Angaja\u021bii furnizorului de servicii sunt obliga\u021bi s\u0103 respecte confiden\u021bialitatea datelor personale ale consumatorilor. Prelucrarea datelor cu caracter personal va fi realizat\u0103 de persoana \u00eemputernicit\u0103 a Furnizorului.<br \/>Furnizorul utilizeaz\u0103 metode \u0219i tehnologii de securitate conform prevederilor legale \u00een vigoare.<br \/>Furnizorul nu colecteaz\u0103 informa\u021bii referitoare la tranzac\u021bii, cum ar fi nr. la card, data expir\u0103rii, \u021bara de origine.<br \/><br \/>Pentru mai multe detalii \u0219i informa\u021bii orice persoan\u0103 interesat\u0103 se poate adresa printr-un email la<br \/><span style=\"color: #1f1f1f; font-family: 'Google Sans', Roboto; text-align: center; background-color: #e9eef6;\">vendimail01@gmail.com<\/span>\u00a0sau prin telefon la num\u0103rul +373 60859906<br \/><br \/><\/p>\n<p>7. DATELE DE CONTACT<br \/>Denumirea juridica a companiei: Oriental Express Solutions SRL<br \/>IDNO: 1023605000656<br \/>Adresa juridica: Or. Cimislia str. Alexandru cel Bun 126 ap. 7<br \/>Adresa fizica:Or.Cimislia str-la Sf. Maria 2 of. 16\u00a0<br \/>Telefon de contact: +37360859906<br \/>Email de contact: vendimail01@gmail.com<\/p>\t\t\t\t\t\t<\/div>\n\t\t\t\t<\/div>\n\t\t\t\t\t<\/div>\n\t\t\t\t<\/div>\n\t\t\t\t<\/div>","protected":false},"excerpt":{"rendered":"<p>POLITICA DE CONFIDEN\u021aIALITATE \u00cen conformitate cu prevederile Legii Nr.133\/2011 privind protec\u021bia datelor cu caracter personal, furnizorul deservicii prelucreaz\u0103 date cu&#8230;<\/p>","protected":false},"author":1,"featured_media":0,"parent":0,"menu_order":0,"comment_status":"closed","ping_status":"closed","template":"","meta":{"om_disable_all_campaigns":false,"_monsterinsights_skip_tracking":false,"_monsterinsights_sitenote_active":false,"_monsterinsights_sitenote_note":"","_monsterinsights_sitenote_category":0,"footnotes":""},"class_list":["post-6544","page","type-page","status-publish","hentry"],"aioseo_notices":[],"post-meta":{"_edit_lock":["1734700240:1"],"_last_editor_used_jetpack":["block-editor"],"_elementor_edit_mode":["builder"],"_elementor_template_type":["wp-page"],"_elementor_version":["3.26.0"],"_elementor_pro_version":["3.25.5"],"_wp_page_template":["default"],"_elementor_data":["[{\"id\":\"5172fd6f\",\"elType\":\"container\",\"settings\":[],\"elements\":[{\"id\":\"70c165c6\",\"elType\":\"widget\",\"settings\":{\"editor\":\"<h1>POLITICA DE CONFIDEN\\u021aIALITATE<\\\/h1>\\n<p>\\u00cen conformitate cu prevederile Legii Nr.133\\\/2011 privind protec\\u021bia datelor cu caracter personal, furnizorul de<br \\\/>servicii prelucreaz\\u0103 date cu caracter personal. Datele cu caracter personal sunt prelucrate cu buna-credin\\u021b\\u0103 \\u0219i<br \\\/>se face \\u00een temeiul \\u0219i \\u00een conformitate cu prevederile legale. Prelucrarea datelor cu caracter personal se realizeaz\\u0103 prin mijloace mixte (automate \\u0219i manuale), cu respectarea cerin\\u021belor legale \\u0219i \\u00een condi\\u021bii care s\\u0103 asigure<br \\\/>securitatea, confiden\\u021bialitatea \\u0219i respectarea drepturilor persoanelor vizate.<br \\\/>Furnizorul colecteaz\\u0103 \\u0219i prelucreaz\\u0103 doar datele personale furnizate de consumatori la efectuarea comenzii:<br \\\/>nume, prenume, num\\u0103r de telefon, adresa, adresa po\\u0219tal\\u0103.<br \\\/>Datele personale sunt utilizate exclusiv \\u00een scopul administr\\u0103rii site-ului, pentru a permite accesul la informa\\u021bii<br \\\/>special, pentru livrarea comenzilor sau pentru a contacta consumatorul \\u00een vederea execut\\u0103rii livr\\u0103rii. Prin prezenta informare, utilizatorii \\u0219i consumatorii iau cuno\\u0219tin\\u021b\\u0103 despre faptul c\\u0103 li se vor prelucra \\u0219i utiliza datele cu<br \\\/>caracter personal (nume, prenume, num\\u0103r de telefon, adresa, adresa po\\u0219tal\\u0103). Furnizorul de servicii prelucreaz\\u0103 datele cu caracter personal ale utilizatorilor \\u0219i consumatorilor care sunt furnizate prin navigarea, folosirea \\u0219i \\u00eenregistrarea pe site-ul www.vendi.md<br \\\/>Orice informa\\u021bie furnizat\\u0103 de c\\u0103tre utilizatorii \\u0219i consumatorii site-ului www.vendi.md, va fi considerat\\u0103 \\u0219i<br \\\/>va reprezenta consim\\u021b\\u0103m\\u00e2ntul expres ca datele personale s\\u0103 fie folosite de Furnizor.<br \\\/>Furnizorul nu va dezv\\u0103lui unei ter\\u021be p\\u0103r\\u021bi niciuna dintre datele de\\u021binute, f\\u0103r\\u0103 acordul persoanelor vizate \\u0219i nu<br \\\/>va comercializa, schimba, divulga aceste date cu alte persoane, cu excep\\u021biile prev\\u0103zute de legisla\\u021bia \\u00een vigoare<br \\\/>(la solicitarea institu\\u021biilor publice ale statului, organele de drept, instan\\u021belor de judecat\\u0103, de asemenea autorizate s\\u0103 prelucreze date cu caracter personal).<br \\\/>Datele cu caracter personal pot fi prelucrate \\u0219i utilizate de c\\u0103tre Furnizor \\u0219i \\u00een scopuri statistice \\u0219i de promovare<br \\\/>ulterioar\\u0103.<br \\\/>Furnizorul de servicii \\u00eendepline\\u0219te cerin\\u021bele de securitate a datelor cu caracter personal \\u0219i asigur\\u0103 protec\\u021bia<br \\\/>datelor consumatorilor \\u0219i le protejeaz\\u0103 pentru a nu fi pierdute, distruse, distorsionate\\\/falsificate sau divulgate<br \\\/>ter\\u021belor persoane.<br \\\/>Angaja\\u021bii furnizorului de servicii sunt obliga\\u021bi s\\u0103 respecte confiden\\u021bialitatea datelor personale ale consumatorilor. Prelucrarea datelor cu caracter personal va fi realizat\\u0103 de persoana \\u00eemputernicit\\u0103 a Furnizorului.<br \\\/>Furnizorul utilizeaz\\u0103 metode \\u0219i tehnologii de securitate conform prevederilor legale \\u00een vigoare.<br \\\/>Furnizorul nu colecteaz\\u0103 informa\\u021bii referitoare la tranzac\\u021bii, cum ar fi nr. la card, data expir\\u0103rii, \\u021bara de origine.<br \\\/><br \\\/>Pentru mai multe detalii \\u0219i informa\\u021bii orice persoan\\u0103 interesat\\u0103 se poate adresa printr-un email la<br \\\/><span style=\\\"color: #1f1f1f; font-family: 'Google Sans', Roboto; text-align: center; background-color: #e9eef6;\\\">vendimail01@gmail.com<\\\/span>\\u00a0sau prin telefon la num\\u0103rul +373 60859906<br \\\/><br \\\/><\\\/p>\\n<p>7. DATELE DE CONTACT<br \\\/>Denumirea juridica a companiei: Oriental Express Solutions SRL<br \\\/>IDNO: 1023605000656<br \\\/>Adresa juridica: Or. Cimislia str. Alexandru cel Bun 126 ap. 7<br \\\/>Adresa fizica:Or.Cimislia str-la Sf. Maria 2 of. 16\\u00a0<br \\\/>Telefon de contact: +37360859906<br \\\/>Email de contact: vendimail01@gmail.com<\\\/p>\"},\"elements\":[],\"widgetType\":\"text-editor\"}],\"isInner\":false}]"],"_elementor_controls_usage":["a:2:{s:11:\"text-editor\";a:3:{s:5:\"count\";i:1;s:15:\"control_percent\";i:0;s:8:\"controls\";a:1:{s:7:\"content\";a:1:{s:14:\"section_editor\";a:1:{s:6:\"editor\";i:1;}}}}s:9:\"container\";a:3:{s:5:\"count\";i:1;s:15:\"control_percent\";i:0;s:8:\"controls\";a:0:{}}}"],"_elementor_css":["a:7:{s:4:\"time\";i:1769816582;s:5:\"fonts\";a:0:{}s:5:\"icons\";a:0:{}s:20:\"dynamic_elements_ids\";a:0:{}s:6:\"status\";s:6:\"inline\";i:0;s:0:\"\";s:3:\"css\";s:107:\".elementor-6544 .elementor-element.elementor-element-5172fd6f{--display:flex;--background-transition:0.3s;}\";}"],"_elementor_page_assets":["a:1:{s:6:\"styles\";a:1:{i:0;s:18:\"widget-text-editor\";}}"],"_elementor_element_cache":["{\"timeout\":1776514214,\"value\":{\"content\":\"<div class=\\\"elementor-element elementor-element-5172fd6f e-flex e-con-boxed e-con e-parent\\\" data-id=\\\"5172fd6f\\\" data-element_type=\\\"container\\\">\\n\\t\\t\\t\\t\\t<div class=\\\"e-con-inner\\\">\\n\\t\\t\\t\\t<div class=\\\"elementor-element elementor-element-70c165c6 elementor-widget elementor-widget-text-editor\\\" data-id=\\\"70c165c6\\\" data-element_type=\\\"widget\\\" data-widget_type=\\\"text-editor.default\\\">\\n\\t\\t\\t\\t<div class=\\\"elementor-widget-container\\\">\\n\\t\\t\\t\\t\\t\\t\\t<h1>POLITICA DE CONFIDEN\\u021aIALITATE<\\\/h1>\\n<p>\\u00cen conformitate cu prevederile Legii Nr.133\\\/2011 privind protec\\u021bia datelor cu caracter personal, furnizorul de<br \\\/>servicii prelucreaz\\u0103 date cu caracter personal. Datele cu caracter personal sunt prelucrate cu buna-credin\\u021b\\u0103 \\u0219i<br \\\/>se face \\u00een temeiul \\u0219i \\u00een conformitate cu prevederile legale. Prelucrarea datelor cu caracter personal se realizeaz\\u0103 prin mijloace mixte (automate \\u0219i manuale), cu respectarea cerin\\u021belor legale \\u0219i \\u00een condi\\u021bii care s\\u0103 asigure<br \\\/>securitatea, confiden\\u021bialitatea \\u0219i respectarea drepturilor persoanelor vizate.<br \\\/>Furnizorul colecteaz\\u0103 \\u0219i prelucreaz\\u0103 doar datele personale furnizate de consumatori la efectuarea comenzii:<br \\\/>nume, prenume, num\\u0103r de telefon, adresa, adresa po\\u0219tal\\u0103.<br \\\/>Datele personale sunt utilizate exclusiv \\u00een scopul administr\\u0103rii site-ului, pentru a permite accesul la informa\\u021bii<br \\\/>special, pentru livrarea comenzilor sau pentru a contacta consumatorul \\u00een vederea execut\\u0103rii livr\\u0103rii. Prin prezenta informare, utilizatorii \\u0219i consumatorii iau cuno\\u0219tin\\u021b\\u0103 despre faptul c\\u0103 li se vor prelucra \\u0219i utiliza datele cu<br \\\/>caracter personal (nume, prenume, num\\u0103r de telefon, adresa, adresa po\\u0219tal\\u0103). Furnizorul de servicii prelucreaz\\u0103 datele cu caracter personal ale utilizatorilor \\u0219i consumatorilor care sunt furnizate prin navigarea, folosirea \\u0219i \\u00eenregistrarea pe site-ul www.vendi.md<br \\\/>Orice informa\\u021bie furnizat\\u0103 de c\\u0103tre utilizatorii \\u0219i consumatorii site-ului www.vendi.md, va fi considerat\\u0103 \\u0219i<br \\\/>va reprezenta consim\\u021b\\u0103m\\u00e2ntul expres ca datele personale s\\u0103 fie folosite de Furnizor.<br \\\/>Furnizorul nu va dezv\\u0103lui unei ter\\u021be p\\u0103r\\u021bi niciuna dintre datele de\\u021binute, f\\u0103r\\u0103 acordul persoanelor vizate \\u0219i nu<br \\\/>va comercializa, schimba, divulga aceste date cu alte persoane, cu excep\\u021biile prev\\u0103zute de legisla\\u021bia \\u00een vigoare<br \\\/>(la solicitarea institu\\u021biilor publice ale statului, organele de drept, instan\\u021belor de judecat\\u0103, de asemenea autorizate s\\u0103 prelucreze date cu caracter personal).<br \\\/>Datele cu caracter personal pot fi prelucrate \\u0219i utilizate de c\\u0103tre Furnizor \\u0219i \\u00een scopuri statistice \\u0219i de promovare<br \\\/>ulterioar\\u0103.<br \\\/>Furnizorul de servicii \\u00eendepline\\u0219te cerin\\u021bele de securitate a datelor cu caracter personal \\u0219i asigur\\u0103 protec\\u021bia<br \\\/>datelor consumatorilor \\u0219i le protejeaz\\u0103 pentru a nu fi pierdute, distruse, distorsionate\\\/falsificate sau divulgate<br \\\/>ter\\u021belor persoane.<br \\\/>Angaja\\u021bii furnizorului de servicii sunt obliga\\u021bi s\\u0103 respecte confiden\\u021bialitatea datelor personale ale consumatorilor. Prelucrarea datelor cu caracter personal va fi realizat\\u0103 de persoana \\u00eemputernicit\\u0103 a Furnizorului.<br \\\/>Furnizorul utilizeaz\\u0103 metode \\u0219i tehnologii de securitate conform prevederilor legale \\u00een vigoare.<br \\\/>Furnizorul nu colecteaz\\u0103 informa\\u021bii referitoare la tranzac\\u021bii, cum ar fi nr. la card, data expir\\u0103rii, \\u021bara de origine.<br \\\/><br \\\/>Pentru mai multe detalii \\u0219i informa\\u021bii orice persoan\\u0103 interesat\\u0103 se poate adresa printr-un email la<br \\\/><span style=\\\"color: #1f1f1f; font-family: 'Google Sans', Roboto; text-align: center; background-color: #e9eef6;\\\">vendimail01@gmail.com<\\\/span>\\u00a0sau prin telefon la num\\u0103rul +373 60859906<br \\\/><br \\\/><\\\/p>\\n<p>7. DATELE DE CONTACT<br \\\/>Denumirea juridica a companiei: Oriental Express Solutions SRL<br \\\/>IDNO: 1023605000656<br \\\/>Adresa juridica: Or. Cimislia str. Alexandru cel Bun 126 ap. 7<br \\\/>Adresa fizica:Or.Cimislia str-la Sf. Maria 2 of. 16\\u00a0<br \\\/>Telefon de contact: +37360859906<br \\\/>Email de contact: vendimail01@gmail.com<\\\/p>\\t\\t\\t\\t\\t\\t<\\\/div>\\n\\t\\t\\t\\t<\\\/div>\\n\\t\\t\\t\\t\\t<\\\/div>\\n\\t\\t\\t\\t<\\\/div>\\n\\t\\t\",\"scripts\":[],\"styles\":[]}}"]},"jetpack_sharing_enabled":true,"_links":{"self":[{"href":"https:\/\/vendi.md\/ru\/wp-json\/wp\/v2\/pages\/6544","targetHints":{"allow":["GET"]}}],"collection":[{"href":"https:\/\/vendi.md\/ru\/wp-json\/wp\/v2\/pages"}],"about":[{"href":"https:\/\/vendi.md\/ru\/wp-json\/wp\/v2\/types\/page"}],"author":[{"embeddable":true,"href":"https:\/\/vendi.md\/ru\/wp-json\/wp\/v2\/users\/1"}],"replies":[{"embeddable":true,"href":"https:\/\/vendi.md\/ru\/wp-json\/wp\/v2\/comments?post=6544"}],"version-history":[{"count":3,"href":"https:\/\/vendi.md\/ru\/wp-json\/wp\/v2\/pages\/6544\/revisions"}],"predecessor-version":[{"id":8087,"href":"https:\/\/vendi.md\/ru\/wp-json\/wp\/v2\/pages\/6544\/revisions\/8087"}],"wp:attachment":[{"href":"https:\/\/vendi.md\/ru\/wp-json\/wp\/v2\/media?parent=6544"}],"curies":[{"name":"wp","href":"https:\/\/api.w.org\/{rel}","templated":true}]}}